{"id":4234,"date":"2018-06-27T14:18:56","date_gmt":"2018-06-27T12:18:56","guid":{"rendered":"https:\/\/serversmtp.com\/?page_id=4234"},"modified":"2026-01-15T15:03:28","modified_gmt":"2026-01-15T14:03:28","slug":"grundsaetzliche-information","status":"publish","type":"page","link":"https:\/\/serversmtp.com\/de\/datenschutzerklarung-eu-verordnung-2016-79-dsgvo\/grundsaetzliche-information\/","title":{"rendered":"Grunds\u00e4tzliche Information"},"content":{"rendered":"<p><img decoding=\"async\" class=\"aligncenter size-full wp-image-4049\" src=\"https:\/\/serversmtp.com\/wp-content\/uploads\/2018\/06\/gdpr-base.png\" alt=\"\" width=\"1280\" height=\"700\" srcset=\"https:\/\/serversmtp.com\/wp-content\/uploads\/2018\/06\/gdpr-base.png 1280w, https:\/\/serversmtp.com\/wp-content\/uploads\/2018\/06\/gdpr-base-300x164.png 300w, https:\/\/serversmtp.com\/wp-content\/uploads\/2018\/06\/gdpr-base-768x420.png 768w, https:\/\/serversmtp.com\/wp-content\/uploads\/2018\/06\/gdpr-base-1024x560.png 1024w, https:\/\/serversmtp.com\/wp-content\/uploads\/2018\/06\/gdpr-base-968x529.png 968w, https:\/\/serversmtp.com\/wp-content\/uploads\/2018\/06\/gdpr-base-636x348.png 636w, https:\/\/serversmtp.com\/wp-content\/uploads\/2018\/06\/gdpr-base-320x175.png 320w, https:\/\/serversmtp.com\/wp-content\/uploads\/2018\/06\/gdpr-base-239x131.png 239w\" sizes=\"(max-width: 1280px) 100vw, 1280px\" \/><\/p>\n<ul class=\"g1-grid\"><li class=\"g1-column g1-one-fourth g1-valign-top\">\n<h4>Wer wir sind<\/h4>\n<\/li><!-- -->\n<li class=\"g1-column g1-three-fourth g1-valign-top\">\n\n<ul id=\"\" class=\"g1-list g1-list--icon g1-list--simple \">\n<li><i class=\"fa fa-arrow-circle-right g1-list__icon\"><\/i><strong>eDisplay Srl, Viale del lavoro 53, 08023, Fonni (NU)<\/strong><\/li>\n<\/ul>\n\n<\/li><!-- --><\/ul>\n<div  class=\"g1-divider g1-divider--none g1-divider--noicon \"><\/div>\n<ul class=\"g1-grid\"><li class=\"g1-column g1-one-fourth g1-valign-top\">\n<h4>Ausweitung der Datenschutz- und Sicherheitsvorschriften gem\u00e4\u00df EU \u2013 Europ\u00e4ische Anforderungen<\/h4>\n<\/li><!-- -->\n<li class=\"g1-column g1-three-fourth g1-valign-top\">\n<p>Wir legen weltweit gr\u00f6\u00dften Wert auf den Schutz der Privatsph\u00e4re und die Sicherheit unserer Nutzer. Aus diesem Grund haben wir Ma\u00dfnahmen ergriffen, um einen m\u00f6glichst sicheren und transparenten Service zu gew\u00e4hrleisten, einschlie\u00dflich der Ausweitung unserer Richtlinien auf die EU-Verordnung 2016\/79, die am 25. Mai 2018 in Kraft getreten ist.<br \/>\nDurch die Nutzung unserer Websites und unserer Dienste stimmt der Nutzer der Erhebung, Speicherung und Verarbeitung von Daten zu, die ausschlie\u00dflich auf europ\u00e4ischen Servern verarbeitet und gespeichert werden.<br \/>\nZum Schutz der Daten europ\u00e4ischer B\u00fcrger, die von unseren Nutzern in unsere Systeme eingegeben werden, wenden wir ein Data Privacy Agreement (DPA) an, in dem wir die Modalit\u00e4ten der Datenverarbeitung, der Zusammenarbeit sowie die von uns angewandten Servicebedingungen festlegen.<br \/>\nRegistrierte Nutzer (Abonnenten oder Nutzer von kostenlosen Versionen) in der EU, die die Dienste von turboSMTP zu kommerziellen Zwecken nutzen, m\u00fcssen unserem DPA zwingend zustimmen, um unsere Anwendungen weiterhin nutzen zu k\u00f6nnen.<\/p>\n<\/li><!-- --><\/ul>\n<div  class=\"g1-divider g1-divider--none g1-divider--noicon \"><\/div>\n<ul class=\"g1-grid\"><li class=\"g1-column g1-one-fourth g1-valign-top\">\n<h4>Verantwortlicher f\u00fcr die Datenverarbeitung<\/h4>\n<\/li><!-- -->\n<li class=\"g1-column g1-three-fourth g1-valign-top\">\n<p><strong>Wir von eDisplay Srl handeln auch als Verantwortliche f\u00fcr die Datenverarbeitung, jedoch nur dann, wenn wir deine personenbezogenen Daten f\u00fcr eigene Zwecke im Rahmen der Erbringung der von dir erworbenen Dienstleistungen erheben<\/strong>: In diesem Fall besteht eine direkte Beziehung zwischen dir und uns.<br \/>\n<strong>Als Verantwortliche f\u00fcr die Verarbeitung gew\u00e4hrleisten wir die Einhaltung der Vorschriften zum Schutz personenbezogener Daten und stellen dir alle notwendigen Informationen \u00fcber die Verarbeitung der Daten zur Verf\u00fcgung, die du uns direkt und freiwillig mitgeteilt hast oder die das System w\u00e4hrend der Navigation auf der Website und der Nutzung unserer Dienste erhebt.<\/strong><br \/>\nKonkret ist der Verantwortliche f\u00fcr die Datenverarbeitung bei eDisplay Srl der jeweilige amtierende Gesch\u00e4ftsf\u00fchrer, unterst\u00fctzt vom Datenschutzbeauftragten (Data Protection Officer \u2013 DPO), der die Einhaltung der durch die DSGVO vorgeschriebenen Regeln sicherstellt.<br \/>\nDer Verantwortliche kann jederzeit unter folgender E-Mail-Adresse kontaktiert werden: <a href=\"mailto:dpo@edisplay.it\" target=\"_blank\" rel=\"noopener noreferrer\">dpo@edisplay.it<\/a>.<\/p>\n<\/li><!-- --><\/ul>\n<div  class=\"g1-divider g1-divider--none g1-divider--noicon \"><\/div>\n<ul class=\"g1-grid\"><li class=\"g1-column g1-one-fourth g1-valign-top\">\n<h4>Auftragsverarbeiter der Datenverarbeitung<\/h4>\n<\/li><!-- -->\n<li class=\"g1-column g1-three-fourth g1-valign-top\">\n<p><strong>Wenn du unsere Dienste nutzt, kannst du in unser System Daten mit personenbezogenen Informationen importieren, die du von deinen Abonnenten oder von anderen Personen erhoben hast<\/strong>. In diesem Fall haben wir keine direkte Beziehung zu deinen Abonnenten oder zu anderen Personen als dir selbst; daher bist <strong>du der Verantwortliche f\u00fcr die Datenverarbeitung<\/strong>: Es liegt in deiner Verantwortung sicherzustellen, dass du \u00fcber die entsprechende Einwilligung zur Erhebung und Verarbeitung der Informationen der betroffenen Personen verf\u00fcgst.<br \/>\nIn \u00dcbereinstimmung mit der Nutzung der verarbeiteten personenbezogenen Daten schlie\u00dft du mit eDisplay Srl als Dienstleister f\u00fcr deine Abonnenten \u00fcber unsere Plattformen einen Vertrag (DPA) ab. Dieser Vertrag dient der Sicherstellung der korrekten Nutzung der Daten mit angemessenen Garantien, die wir dir als Auftragsverarbeiter der von dir erhobenen Daten bereitstellen.<br \/>\nIn diesem Fall bewahren wir die personenbezogenen Daten, die im Auftrag unserer Nutzer verarbeitet werden, f\u00fcr die folgende erforderliche Dauer auf:<\/p>\n\n<ul id=\"\" class=\"g1-list g1-list--upper-alpha g1-list--none \">\n<li>zur Erbringung unserer Dienstleistungen;<\/li>\n<li>zur Erf\u00fcllung unserer gesetzlichen Verpflichtungen;<\/li>\n<li>zur Beilegung von Streitigkeiten;<\/li>\n<li>zur Verhinderung von Missbrauch;<\/li>\n<li>zur Durchsetzung unserer Vereinbarungen.<\/li>\n<\/ul>\n\n<\/li><!-- --><\/ul>\n<div  class=\"g1-divider g1-divider--none g1-divider--noicon \"><\/div>\n<ul class=\"g1-grid\"><li class=\"g1-column g1-one-fourth g1-valign-top\">\n<h4>EU-Vertreter: Benennung des Verantwortlichen f\u00fcr die Datenverarbeitung<\/h4>\n<\/li><!-- -->\n<li class=\"g1-column g1-three-fourth g1-valign-top\">\n<p>F\u00fcr europ\u00e4ische Kunden ist eDisplay Srl f\u00fcr die Datenverarbeitung innerhalb des EU-Raums sowie f\u00fcr die Abrechnung der Dienstleistungen verantwortlich. Keine Daten europ\u00e4ischer Kunden werden au\u00dferhalb der festgelegten Grenzen \u00fcbertragen. Ab dem offiziellen Datum des Brexit werden keinerlei Daten in das Vereinigte K\u00f6nigreich verarbeitet oder dorthin \u00fcbermittelt.<\/p>\n<\/li><!-- --><\/ul>\n","protected":false},"excerpt":{"rendered":"","protected":false},"author":2,"featured_media":0,"parent":4233,"menu_order":1,"comment_status":"closed","ping_status":"closed","template":"","meta":{"_eb_attr":"","inline_featured_image":false,"_monsterinsights_skip_tracking":false,"_monsterinsights_sitenote_active":false,"_monsterinsights_sitenote_note":"","_monsterinsights_sitenote_category":0,"footnotes":""},"class_list":["post-4234","page","type-page","status-publish"],"yoast_head":"<!-- This site is optimized with the Yoast SEO plugin v25.3.1 - https:\/\/yoast.com\/wordpress\/plugins\/seo\/ -->\n<title>Grunds\u00e4tzliche Information - smtp mail server - professional SMTP service provider<\/title>\n<meta name=\"robots\" content=\"index, follow, max-snippet:-1, max-image-preview:large, max-video-preview:-1\" \/>\n<link rel=\"canonical\" href=\"https:\/\/serversmtp.com\/de\/datenschutzerklarung-eu-verordnung-2016-79-dsgvo\/grundsaetzliche-information\/\" \/>\n<meta name=\"twitter:label1\" content=\"Gesch\u00e4tzte Lesezeit\" \/>\n\t<meta name=\"twitter:data1\" content=\"4\u00a0Minuten\" \/>\n<!-- \/ Yoast SEO plugin. -->","yoast_head_json":{"title":"Grunds\u00e4tzliche Information - smtp mail server - professional SMTP service provider","robots":{"index":"index","follow":"follow","max-snippet":"max-snippet:-1","max-image-preview":"max-image-preview:large","max-video-preview":"max-video-preview:-1"},"canonical":"https:\/\/serversmtp.com\/de\/datenschutzerklarung-eu-verordnung-2016-79-dsgvo\/grundsaetzliche-information\/","twitter_misc":{"Gesch\u00e4tzte Lesezeit":"4\u00a0Minuten"},"schema":{"@context":"https:\/\/schema.org","@graph":[{"@type":"WebPage","@id":"https:\/\/serversmtp.com\/de\/datenschutzerklarung-eu-verordnung-2016-79-dsgvo\/grundsaetzliche-information\/","url":"https:\/\/serversmtp.com\/de\/datenschutzerklarung-eu-verordnung-2016-79-dsgvo\/grundsaetzliche-information\/","name":"Grunds\u00e4tzliche Information - smtp mail server - professional SMTP service provider","isPartOf":{"@id":"https:\/\/serversmtp.com\/sv\/#website"},"primaryImageOfPage":{"@id":"https:\/\/serversmtp.com\/de\/datenschutzerklarung-eu-verordnung-2016-79-dsgvo\/grundsaetzliche-information\/#primaryimage"},"image":{"@id":"https:\/\/serversmtp.com\/de\/datenschutzerklarung-eu-verordnung-2016-79-dsgvo\/grundsaetzliche-information\/#primaryimage"},"thumbnailUrl":"https:\/\/serversmtp.com\/wp-content\/uploads\/2018\/06\/gdpr-base.png","datePublished":"2018-06-27T12:18:56+00:00","dateModified":"2026-01-15T14:03:28+00:00","breadcrumb":{"@id":"https:\/\/serversmtp.com\/de\/datenschutzerklarung-eu-verordnung-2016-79-dsgvo\/grundsaetzliche-information\/#breadcrumb"},"inLanguage":"de","potentialAction":[{"@type":"ReadAction","target":["https:\/\/serversmtp.com\/de\/datenschutzerklarung-eu-verordnung-2016-79-dsgvo\/grundsaetzliche-information\/"]}]},{"@type":"ImageObject","inLanguage":"de","@id":"https:\/\/serversmtp.com\/de\/datenschutzerklarung-eu-verordnung-2016-79-dsgvo\/grundsaetzliche-information\/#primaryimage","url":"https:\/\/serversmtp.com\/wp-content\/uploads\/2018\/06\/gdpr-base.png","contentUrl":"https:\/\/serversmtp.com\/wp-content\/uploads\/2018\/06\/gdpr-base.png"},{"@type":"BreadcrumbList","@id":"https:\/\/serversmtp.com\/de\/datenschutzerklarung-eu-verordnung-2016-79-dsgvo\/grundsaetzliche-information\/#breadcrumb","itemListElement":[{"@type":"ListItem","position":1,"name":"Home","item":"https:\/\/serversmtp.com\/de\/"},{"@type":"ListItem","position":2,"name":"DSGVO &#8211; Einf\u00fchrung &#8211; Ziele","item":"https:\/\/serversmtp.com\/de\/datenschutzerklarung-eu-verordnung-2016-79-dsgvo\/"},{"@type":"ListItem","position":3,"name":"Grunds\u00e4tzliche Information"}]},{"@type":"WebSite","@id":"https:\/\/serversmtp.com\/sv\/#website","url":"https:\/\/serversmtp.com\/sv\/","name":"smtp mail server - professional SMTP service provider","description":"smtp mail server - professional SMTP service provider","publisher":{"@id":"https:\/\/serversmtp.com\/sv\/#organization"},"potentialAction":[{"@type":"SearchAction","target":{"@type":"EntryPoint","urlTemplate":"https:\/\/serversmtp.com\/sv\/?s={search_term_string}"},"query-input":{"@type":"PropertyValueSpecification","valueRequired":true,"valueName":"search_term_string"}}],"inLanguage":"de"},{"@type":"Organization","@id":"https:\/\/serversmtp.com\/sv\/#organization","name":"Delivery Tech","url":"https:\/\/serversmtp.com\/sv\/","logo":{"@type":"ImageObject","inLanguage":"de","@id":"https:\/\/serversmtp.com\/sv\/#\/schema\/logo\/image\/","url":"https:\/\/serversmtp.com\/wp-content\/uploads\/2021\/11\/og-image-2.jpg","contentUrl":"https:\/\/serversmtp.com\/wp-content\/uploads\/2021\/11\/og-image-2.jpg","width":1200,"height":1128,"caption":"Delivery Tech"},"image":{"@id":"https:\/\/serversmtp.com\/sv\/#\/schema\/logo\/image\/"}}]}},"_links":{"self":[{"href":"https:\/\/serversmtp.com\/de\/wp-json\/wp\/v2\/pages\/4234"}],"collection":[{"href":"https:\/\/serversmtp.com\/de\/wp-json\/wp\/v2\/pages"}],"about":[{"href":"https:\/\/serversmtp.com\/de\/wp-json\/wp\/v2\/types\/page"}],"author":[{"embeddable":true,"href":"https:\/\/serversmtp.com\/de\/wp-json\/wp\/v2\/users\/2"}],"replies":[{"embeddable":true,"href":"https:\/\/serversmtp.com\/de\/wp-json\/wp\/v2\/comments?post=4234"}],"version-history":[{"count":5,"href":"https:\/\/serversmtp.com\/de\/wp-json\/wp\/v2\/pages\/4234\/revisions"}],"predecessor-version":[{"id":23035,"href":"https:\/\/serversmtp.com\/de\/wp-json\/wp\/v2\/pages\/4234\/revisions\/23035"}],"up":[{"embeddable":true,"href":"https:\/\/serversmtp.com\/de\/wp-json\/wp\/v2\/pages\/4233"}],"wp:attachment":[{"href":"https:\/\/serversmtp.com\/de\/wp-json\/wp\/v2\/media?parent=4234"}],"curies":[{"name":"wp","href":"https:\/\/api.w.org\/{rel}","templated":true}]}}