{"id":4233,"date":"2018-06-27T14:18:23","date_gmt":"2018-06-27T12:18:23","guid":{"rendered":"https:\/\/serversmtp.com\/?page_id=4233"},"modified":"2026-01-15T15:02:02","modified_gmt":"2026-01-15T14:02:02","slug":"datenschutzerklarung-eu-verordnung-2016-79-dsgvo","status":"publish","type":"page","link":"https:\/\/serversmtp.com\/de\/datenschutzerklarung-eu-verordnung-2016-79-dsgvo\/","title":{"rendered":"DSGVO &#8211; Einf\u00fchrung &#8211; Ziele"},"content":{"rendered":"<p><img decoding=\"async\" class=\"aligncenter size-full wp-image-4045\" src=\"https:\/\/serversmtp.com\/wp-content\/uploads\/2018\/06\/gdpr-intro-2.png\" alt=\"\" width=\"1280\" height=\"700\" srcset=\"https:\/\/serversmtp.com\/wp-content\/uploads\/2018\/06\/gdpr-intro-2.png 1280w, https:\/\/serversmtp.com\/wp-content\/uploads\/2018\/06\/gdpr-intro-2-300x164.png 300w, https:\/\/serversmtp.com\/wp-content\/uploads\/2018\/06\/gdpr-intro-2-768x420.png 768w, https:\/\/serversmtp.com\/wp-content\/uploads\/2018\/06\/gdpr-intro-2-1024x560.png 1024w, https:\/\/serversmtp.com\/wp-content\/uploads\/2018\/06\/gdpr-intro-2-968x529.png 968w, https:\/\/serversmtp.com\/wp-content\/uploads\/2018\/06\/gdpr-intro-2-636x348.png 636w, https:\/\/serversmtp.com\/wp-content\/uploads\/2018\/06\/gdpr-intro-2-320x175.png 320w, https:\/\/serversmtp.com\/wp-content\/uploads\/2018\/06\/gdpr-intro-2-239x131.png 239w\" sizes=\"(max-width: 1280px) 100vw, 1280px\" \/><\/p>\n<p>Wir haben dieses Dokument mit dem Ziel verfasst, dir das Verst\u00e4ndnis der Datenschutzbestimmungen zu erleichtern, die wir anwenden m\u00fcssen, wobei wir eine einfache Struktur und eine klare Sprache anstreben. Mit dem Inkrafttreten der <strong>EU-Verordnung 2016\/79<\/strong> (auch DSGVO genannt) haben wir beschlossen, n\u00fctzliche Verbesserungen f\u00fcr die Nutzer von eDisplay Srl weltweit einzuf\u00fchren, auch wenn viele dieser Vorschriften ausschlie\u00dflich die Nutzer der Europ\u00e4ischen Union (EU) betreffen.<\/p>\n<p>Wir stellen dir die notwendigen Informationen zur Verf\u00fcgung, um die von eDisplay Srl erbrachten Dienstleistungen nutzen zu k\u00f6nnen, damit du wei\u00dft, welche Daten wir erheben, zu welchem Zweck, f\u00fcr welchen Zeitraum und wo wir sie aufbewahren. Unser Ziel ist es, dir auf einfache Weise zu erl\u00e4utern, wie du deine Informationen aktualisieren, verwalten, exportieren und l\u00f6schen kannst.<\/p>\n<p>Wir verarbeiten deine Daten und unterst\u00fctzen dich bei deren Verwaltung. Gerade deshalb sind wir uns bewusst, dass dies eine gro\u00dfe Verantwortung darstellt: Wir sch\u00fctzen deine Informationen und \u00fcberlassen dir zugleich die Kontrolle sowie die notwendigen Werkzeuge, um dies selbst tun zu k\u00f6nnen.<\/p>\n<p>Wie ausdr\u00fccklich von der DSGVO vorgesehen, hast du bei der Nutzung unserer Dienste jederzeit und in voller Transparenz die M\u00f6glichkeit, deine Rechte auszu\u00fcben. Wir laden dich ein, die folgenden Hinweise aufmerksam zu lesen und zu pr\u00fcfen, was f\u00fcr dich von Interesse sein k\u00f6nnte. Viel Spa\u00df beim Lesen!<\/p>\n","protected":false},"excerpt":{"rendered":"<p>Wir haben dieses Dokument mit dem Ziel verfasst, dir das Verst\u00e4ndnis der Datenschutzbestimmungen zu erleichtern, die wir anwenden m\u00fcssen, wobei wir eine einfache Struktur und eine klare Sprache anstreben. Mit dem Inkrafttreten der EU-Verordnung 2016\/79 (auch DSGVO genannt) haben wir beschlossen, n\u00fctzliche Verbesserungen f\u00fcr die Nutzer von eDisplay Srl weltweit einzuf\u00fchren, auch wenn viele dieser &#8230; <\/p>\n<p class=\"read-more-container\"><a title=\"DSGVO &#8211; Einf\u00fchrung &#8211; Ziele\" class=\"read-more button\" href=\"https:\/\/serversmtp.com\/de\/datenschutzerklarung-eu-verordnung-2016-79-dsgvo\/#more-4233\" aria-label=\"Mehr Informationen \u00fcber DSGVO &#8211; Einf\u00fchrung &#8211; Ziele\">Entdecke mehr<\/a><\/p>\n","protected":false},"author":2,"featured_media":0,"parent":0,"menu_order":0,"comment_status":"closed","ping_status":"closed","template":"","meta":{"_eb_attr":"","inline_featured_image":false,"_monsterinsights_skip_tracking":false,"_monsterinsights_sitenote_active":false,"_monsterinsights_sitenote_note":"","_monsterinsights_sitenote_category":0,"footnotes":""},"class_list":["post-4233","page","type-page","status-publish"],"yoast_head":"<!-- This site is optimized with the Yoast SEO plugin v25.3.1 - https:\/\/yoast.com\/wordpress\/plugins\/seo\/ -->\n<title>DSGVO - Einf\u00fchrung - Ziele - smtp mail server - professional SMTP service provider<\/title>\n<meta name=\"robots\" content=\"index, follow, max-snippet:-1, max-image-preview:large, max-video-preview:-1\" \/>\n<link rel=\"canonical\" href=\"https:\/\/serversmtp.com\/de\/datenschutzerklarung-eu-verordnung-2016-79-dsgvo\/\" \/>\n<meta name=\"twitter:label1\" content=\"Gesch\u00e4tzte Lesezeit\" \/>\n\t<meta name=\"twitter:data1\" content=\"1\u00a0Minute\" \/>\n<!-- \/ Yoast SEO plugin. -->","yoast_head_json":{"title":"DSGVO - Einf\u00fchrung - Ziele - smtp mail server - professional SMTP service provider","robots":{"index":"index","follow":"follow","max-snippet":"max-snippet:-1","max-image-preview":"max-image-preview:large","max-video-preview":"max-video-preview:-1"},"canonical":"https:\/\/serversmtp.com\/de\/datenschutzerklarung-eu-verordnung-2016-79-dsgvo\/","twitter_misc":{"Gesch\u00e4tzte Lesezeit":"1\u00a0Minute"},"schema":{"@context":"https:\/\/schema.org","@graph":[{"@type":"WebPage","@id":"https:\/\/serversmtp.com\/de\/datenschutzerklarung-eu-verordnung-2016-79-dsgvo\/","url":"https:\/\/serversmtp.com\/de\/datenschutzerklarung-eu-verordnung-2016-79-dsgvo\/","name":"DSGVO - Einf\u00fchrung - Ziele - smtp mail server - professional SMTP service provider","isPartOf":{"@id":"https:\/\/serversmtp.com\/#website"},"primaryImageOfPage":{"@id":"https:\/\/serversmtp.com\/de\/datenschutzerklarung-eu-verordnung-2016-79-dsgvo\/#primaryimage"},"image":{"@id":"https:\/\/serversmtp.com\/de\/datenschutzerklarung-eu-verordnung-2016-79-dsgvo\/#primaryimage"},"thumbnailUrl":"https:\/\/serversmtp.com\/wp-content\/uploads\/2018\/06\/gdpr-intro-2.png","datePublished":"2018-06-27T12:18:23+00:00","dateModified":"2026-01-15T14:02:02+00:00","breadcrumb":{"@id":"https:\/\/serversmtp.com\/de\/datenschutzerklarung-eu-verordnung-2016-79-dsgvo\/#breadcrumb"},"inLanguage":"de","potentialAction":[{"@type":"ReadAction","target":["https:\/\/serversmtp.com\/de\/datenschutzerklarung-eu-verordnung-2016-79-dsgvo\/"]}]},{"@type":"ImageObject","inLanguage":"de","@id":"https:\/\/serversmtp.com\/de\/datenschutzerklarung-eu-verordnung-2016-79-dsgvo\/#primaryimage","url":"https:\/\/serversmtp.com\/wp-content\/uploads\/2018\/06\/gdpr-intro-2.png","contentUrl":"https:\/\/serversmtp.com\/wp-content\/uploads\/2018\/06\/gdpr-intro-2.png"},{"@type":"BreadcrumbList","@id":"https:\/\/serversmtp.com\/de\/datenschutzerklarung-eu-verordnung-2016-79-dsgvo\/#breadcrumb","itemListElement":[{"@type":"ListItem","position":1,"name":"Home","item":"https:\/\/serversmtp.com\/de\/"},{"@type":"ListItem","position":2,"name":"DSGVO &#8211; Einf\u00fchrung &#8211; Ziele"}]},{"@type":"WebSite","@id":"https:\/\/serversmtp.com\/#website","url":"https:\/\/serversmtp.com\/","name":"smtp mail server - professional SMTP service provider","description":"smtp mail server - professional SMTP service provider","publisher":{"@id":"https:\/\/serversmtp.com\/#organization"},"potentialAction":[{"@type":"SearchAction","target":{"@type":"EntryPoint","urlTemplate":"https:\/\/serversmtp.com\/?s={search_term_string}"},"query-input":{"@type":"PropertyValueSpecification","valueRequired":true,"valueName":"search_term_string"}}],"inLanguage":"de"},{"@type":"Organization","@id":"https:\/\/serversmtp.com\/#organization","name":"Delivery Tech","url":"https:\/\/serversmtp.com\/","logo":{"@type":"ImageObject","inLanguage":"de","@id":"https:\/\/serversmtp.com\/#\/schema\/logo\/image\/","url":"https:\/\/serversmtp.com\/wp-content\/uploads\/2021\/11\/og-image-2.jpg","contentUrl":"https:\/\/serversmtp.com\/wp-content\/uploads\/2021\/11\/og-image-2.jpg","width":1200,"height":1128,"caption":"Delivery Tech"},"image":{"@id":"https:\/\/serversmtp.com\/#\/schema\/logo\/image\/"}}]}},"_links":{"self":[{"href":"https:\/\/serversmtp.com\/de\/wp-json\/wp\/v2\/pages\/4233"}],"collection":[{"href":"https:\/\/serversmtp.com\/de\/wp-json\/wp\/v2\/pages"}],"about":[{"href":"https:\/\/serversmtp.com\/de\/wp-json\/wp\/v2\/types\/page"}],"author":[{"embeddable":true,"href":"https:\/\/serversmtp.com\/de\/wp-json\/wp\/v2\/users\/2"}],"replies":[{"embeddable":true,"href":"https:\/\/serversmtp.com\/de\/wp-json\/wp\/v2\/comments?post=4233"}],"version-history":[{"count":6,"href":"https:\/\/serversmtp.com\/de\/wp-json\/wp\/v2\/pages\/4233\/revisions"}],"predecessor-version":[{"id":23033,"href":"https:\/\/serversmtp.com\/de\/wp-json\/wp\/v2\/pages\/4233\/revisions\/23033"}],"wp:attachment":[{"href":"https:\/\/serversmtp.com\/de\/wp-json\/wp\/v2\/media?parent=4233"}],"curies":[{"name":"wp","href":"https:\/\/api.w.org\/{rel}","templated":true}]}}