{"id":3878,"date":"2018-05-14T11:02:08","date_gmt":"2018-05-14T09:02:08","guid":{"rendered":"https:\/\/dev.serversmtp.com\/?page_id=3878"},"modified":"2018-06-29T10:17:13","modified_gmt":"2018-06-29T08:17:13","slug":"dsgvo-grundlegende-konzepte","status":"publish","type":"page","link":"https:\/\/serversmtp.com\/de\/dsgvo-grundlegende-konzepte\/","title":{"rendered":"DSGVO &#8211; Grundlegende Konzepte"},"content":{"rendered":"<p>Sie lesen unseren Leitfaden zu den Grundkonzepten der Datenschutz-Grundverordnung (DSGVO), der speziell f\u00fcr Sie geschrieben wurde. Sie k\u00f6nnte dazu beitragen, die Grunds\u00e4tze der neuen EU-Verordnung \u00fcber den allgemeinen Datenschutz zu \u00fcberpr\u00fcfen.<\/p>\n<div class=\"g1-space\" style=\"height: 30px;\"><\/div>\n<h2>Was ist die DSGVO?<\/h2>\n<p>Am 24. Mai 2016 trat diese neue Datenschutz-Grundverordnung (DSGVO) in Kraft.<\/p>\n<p>Die vorgesehenen Regeln werden ab dem 25. Mai 2018 angewandt und betreffen Verb\u00e4nde, B\u00fcrger, Unternehmen, Freiberufler und \u00f6ffentliche Einrichtungen.<\/p>\n<p>Ziel ist es, <strong>klarere und transparentere Regeln f\u00fcr die Datenverarbeitung<\/strong>, Datenverletzung und den Datenaustausch au\u00dferhalb der Europ\u00e4ischen Gemeinschaft zu schaffen.<\/p>\n<p>Das neue Gesetz \u00e4ndert einige Definitionen zum Datenschutz und zur Datenverarbeitung, daher empfehlen wir Ihnen, unseren Leitfaden zu grundlegenden Konzepten zum Thema DSGVO zu lesen.<\/p>\n<div class=\"g1-space\" style=\"height: 30px;\"><\/div>\n<h2>Personenbezogene Daten, Datenverarbeitung und Einwilligung des Betroffenen<\/h2>\n<p>Das Wichtigste zuerst: Sie m\u00fcssen wissen, dass die DSGVO <strong>pers\u00f6nliche Daten<\/strong>betrifft, d.h. &#8220;alle Informationen \u00fcber eine identifizierte oder identifizierbare nat\u00fcrliche Person (&#8216;<strong>Datensubjekt<\/strong>&#8216;)&#8221;; eine identifizierbare nat\u00fcrliche Person ist eine Person, die direkt oder indirekt identifiziert werden kann, insbesondere durch Bezugnahme auf einen Identifikator wie einen Namen, eine Identifikationsnummer, Ortsdaten, einen Online-Identifikator oder auf einen oder mehrere Faktoren, die f\u00fcr die physische, physiologische, genetische, mentale, wirtschaftliche, kulturelle oder soziale Identit\u00e4t dieser nat\u00fcrlichen Person spezifisch sind&#8221;.<\/p>\n<p>Die Daten k\u00f6nnten &#8216;verarbeitet&#8217; sein, aber was bedeutet &#8216;<strong>Datenverarbeitung<\/strong>&#8216;? Verarbeitung ist &#8220;jeder mit oder ohne Hilfe automatisierter Verfahren ausgef\u00fchrte Vorgang oder jede solche Vorgangsreihe im Zusammenhang mit personenbezogenen Daten wie das Erheben, das Erfassen, die Organisation, das Ordnen, die Speicherung, die Anpassung oder Ver\u00e4nderung, das Auslesen, das Abfragen, die Verwendung, die Offenlegung von Daten, durch \u00dcbermittlung, Verbreitung oder eine andere Form der Bereitstellung, den Abgleich oder die Verkn\u00fcpfung, die Einschr\u00e4nkung, das L\u00f6schen oder die Vernichtung solcher Daten.<\/p>\n<p>In \u00dcbereinstimmung mit der neuen Verordnung ist ein echter, eindeutiger und expliziter Konsens f\u00fcr die Datenverarbeitung erforderlich. EIn \u00dcbereinstimmung mit der DSGVO bedeutet <strong>Einwilligung jede von der betroffenen Person<\/strong> freiwillig f\u00fcr den bestimmten Fall in informierter Weise und unmissverst\u00e4ndlich abgegebene Willensbekundung in Form einer Erkl\u00e4rung oder einer sonstigen eindeutigen best\u00e4tigenden Handlung, mit der die betroffene Person zu verstehen gibt, dass sie mit der Verarbeitung der sie betreffenden personenbezogenen Daten einverstanden ist.<\/p>\n<div class=\"g1-space\" style=\"height: 30px;\"><\/div>\n<h2>Profiling, Controller (Nutzer) und Prozessor (Datenverarbeiter)<\/h2>\n<p>Eine klarere und transparentere Information des Betroffenen ist eine Verpflichtung, die sich auf Web-Marketing-Aktivit\u00e4ten wie Profiling auswirkt. In \u00dcbereinstimmung mit der DSGVO bedeutet <strong>Profiling<\/strong> jede Art der automatisierten Verarbeitung personenbezogener Daten, die darin besteht, dass diese personenbezogenen Daten verwendet werden, um bestimmte pers\u00f6nliche Aspekte des Lebens, die sich auf eine nat\u00fcrliche Person beziehen, zu bewerten, insbesondere, um Aspekte bez\u00fcglich Arbeitsleistung, wirtschaftlicher Lage, Gesundheit, pers\u00f6nlicher Vorlieben, Interessen, Zuverl\u00e4ssigkeit, Verhalten, Aufenthaltsort oder Ortswechsel dieser nat\u00fcrlichen Person zu analysieren oder vorherzusagen.<\/p>\n<p>Die DSGVO garantiert dem Betroffenen <strong>das Recht, sich der Profilerstellung zu widersetzen<\/strong>, ferner erkennt das Gesetz <strong>das Recht auf L\u00f6schung<\/strong> (&#8220;das Recht, vergessen zu werden&#8221; \/ &#8220;right to be forgotten&#8221;) an, tats\u00e4chlich hat der Betroffene das Recht, von dem f\u00fcr die Verarbeitung Verantwortlichen die L\u00f6schung der ihn betreffenden personenbezogenen Daten ohne unangemessene Verz\u00f6gerung zu verlangen, und der f\u00fcr die Verarbeitung Verantwortliche ist verpflichtet, die personenbezogenen Daten unverz\u00fcglich zu l\u00f6schen&#8221;.<\/p>\n<p>Zuvor haben wir \u00fcber den <strong>Controller<\/strong> &#8211; den Nutzer &#8211; gesprochen, aber wer ist diese Person? Der Controller ist die nat\u00fcrliche oder juristische Person, Beh\u00f6rde, Einrichtung oder andere Stelle, die allein oder gemeinsam mit anderen \u00fcber die Zwecke und Mittel der Verarbeitung von personenbezogenen Daten entscheidet. Sind die Zwecke und Mittel dieser Verarbeitung durch das Unionsrecht oder das Recht der Mitgliedstaaten vorgegeben, so k\u00f6nnen die bestimmten Kriterien der Benennung des Controllers nach dem Unionsrecht oder dem Recht der Mitgliedstaaten vorgesehen werden.<\/p>\n<p>Zur Unterst\u00fctzung des Controllers kann die Firma einen<strong> Prozessor<\/strong>ernennen, also einen Datenverarbeiter, der &#8220;eine nat\u00fcrliche oder juristische Person, Beh\u00f6rde, Agentur oder sonstige Stelle ist, die personenbezogene Daten im Auftrag des Controllers verarbeitet&#8221;.<\/p>\n","protected":false},"excerpt":{"rendered":"<p>Sie lesen unseren Leitfaden zu den Grundkonzepten der Datenschutz-Grundverordnung (DSGVO), der speziell f\u00fcr Sie geschrieben wurde. Sie k\u00f6nnte dazu beitragen, die Grunds\u00e4tze der neuen EU-Verordnung \u00fcber den allgemeinen Datenschutz zu \u00fcberpr\u00fcfen. Was ist die DSGVO? Am 24. Mai 2016 trat diese neue Datenschutz-Grundverordnung (DSGVO) in Kraft. Die vorgesehenen Regeln werden ab dem 25. Mai 2018 &#8230; <\/p>\n<p class=\"read-more-container\"><a title=\"DSGVO &#8211; Grundlegende Konzepte\" class=\"read-more button\" href=\"https:\/\/serversmtp.com\/de\/dsgvo-grundlegende-konzepte\/#more-3878\" aria-label=\"Mehr Informationen \u00fcber DSGVO &#8211; Grundlegende Konzepte\">Entdecke mehr<\/a><\/p>\n","protected":false},"author":1,"featured_media":0,"parent":0,"menu_order":0,"comment_status":"closed","ping_status":"closed","template":"g1_template_page_sidebar_right.php","meta":{"_eb_attr":"","inline_featured_image":false,"_monsterinsights_skip_tracking":false,"_monsterinsights_sitenote_active":false,"_monsterinsights_sitenote_note":"","_monsterinsights_sitenote_category":0,"footnotes":""},"class_list":["post-3878","page","type-page","status-publish"],"yoast_head":"<!-- This site is optimized with the Yoast SEO plugin v25.3.1 - https:\/\/yoast.com\/wordpress\/plugins\/seo\/ -->\n<title>DSGVO - Grundlegende Konzepte - smtp mail server - professional SMTP service provider<\/title>\n<meta name=\"robots\" content=\"index, follow, max-snippet:-1, max-image-preview:large, max-video-preview:-1\" \/>\n<link rel=\"canonical\" href=\"https:\/\/serversmtp.com\/de\/dsgvo-grundlegende-konzepte\/\" \/>\n<meta name=\"twitter:label1\" content=\"Gesch\u00e4tzte Lesezeit\" \/>\n\t<meta name=\"twitter:data1\" content=\"3\u00a0Minuten\" \/>\n<!-- \/ Yoast SEO plugin. -->","yoast_head_json":{"title":"DSGVO - Grundlegende Konzepte - smtp mail server - professional SMTP service provider","robots":{"index":"index","follow":"follow","max-snippet":"max-snippet:-1","max-image-preview":"max-image-preview:large","max-video-preview":"max-video-preview:-1"},"canonical":"https:\/\/serversmtp.com\/de\/dsgvo-grundlegende-konzepte\/","twitter_misc":{"Gesch\u00e4tzte Lesezeit":"3\u00a0Minuten"},"schema":{"@context":"https:\/\/schema.org","@graph":[{"@type":"WebPage","@id":"https:\/\/serversmtp.com\/de\/dsgvo-grundlegende-konzepte\/","url":"https:\/\/serversmtp.com\/de\/dsgvo-grundlegende-konzepte\/","name":"DSGVO - Grundlegende Konzepte - smtp mail server - professional SMTP service provider","isPartOf":{"@id":"https:\/\/serversmtp.com\/#website"},"datePublished":"2018-05-14T09:02:08+00:00","dateModified":"2018-06-29T08:17:13+00:00","breadcrumb":{"@id":"https:\/\/serversmtp.com\/de\/dsgvo-grundlegende-konzepte\/#breadcrumb"},"inLanguage":"de","potentialAction":[{"@type":"ReadAction","target":["https:\/\/serversmtp.com\/de\/dsgvo-grundlegende-konzepte\/"]}]},{"@type":"BreadcrumbList","@id":"https:\/\/serversmtp.com\/de\/dsgvo-grundlegende-konzepte\/#breadcrumb","itemListElement":[{"@type":"ListItem","position":1,"name":"Home","item":"https:\/\/serversmtp.com\/de\/"},{"@type":"ListItem","position":2,"name":"DSGVO &#8211; Grundlegende Konzepte"}]},{"@type":"WebSite","@id":"https:\/\/serversmtp.com\/#website","url":"https:\/\/serversmtp.com\/","name":"smtp mail server - professional SMTP service provider","description":"smtp mail server - professional SMTP service provider","publisher":{"@id":"https:\/\/serversmtp.com\/#organization"},"potentialAction":[{"@type":"SearchAction","target":{"@type":"EntryPoint","urlTemplate":"https:\/\/serversmtp.com\/?s={search_term_string}"},"query-input":{"@type":"PropertyValueSpecification","valueRequired":true,"valueName":"search_term_string"}}],"inLanguage":"de"},{"@type":"Organization","@id":"https:\/\/serversmtp.com\/#organization","name":"Delivery Tech","url":"https:\/\/serversmtp.com\/","logo":{"@type":"ImageObject","inLanguage":"de","@id":"https:\/\/serversmtp.com\/#\/schema\/logo\/image\/","url":"https:\/\/serversmtp.com\/wp-content\/uploads\/2021\/11\/og-image-2.jpg","contentUrl":"https:\/\/serversmtp.com\/wp-content\/uploads\/2021\/11\/og-image-2.jpg","width":1200,"height":1128,"caption":"Delivery Tech"},"image":{"@id":"https:\/\/serversmtp.com\/#\/schema\/logo\/image\/"}}]}},"_links":{"self":[{"href":"https:\/\/serversmtp.com\/de\/wp-json\/wp\/v2\/pages\/3878"}],"collection":[{"href":"https:\/\/serversmtp.com\/de\/wp-json\/wp\/v2\/pages"}],"about":[{"href":"https:\/\/serversmtp.com\/de\/wp-json\/wp\/v2\/types\/page"}],"author":[{"embeddable":true,"href":"https:\/\/serversmtp.com\/de\/wp-json\/wp\/v2\/users\/1"}],"replies":[{"embeddable":true,"href":"https:\/\/serversmtp.com\/de\/wp-json\/wp\/v2\/comments?post=3878"}],"version-history":[{"count":2,"href":"https:\/\/serversmtp.com\/de\/wp-json\/wp\/v2\/pages\/3878\/revisions"}],"predecessor-version":[{"id":4333,"href":"https:\/\/serversmtp.com\/de\/wp-json\/wp\/v2\/pages\/3878\/revisions\/4333"}],"wp:attachment":[{"href":"https:\/\/serversmtp.com\/de\/wp-json\/wp\/v2\/media?parent=3878"}],"curies":[{"name":"wp","href":"https:\/\/api.w.org\/{rel}","templated":true}]}}