{"id":2934,"date":"2018-04-23T14:04:35","date_gmt":"2018-04-23T12:04:35","guid":{"rendered":"https:\/\/dev.serversmtp.com\/?page_id=2934"},"modified":"2025-10-23T09:44:22","modified_gmt":"2025-10-23T07:44:22","slug":"funktionen","status":"publish","type":"page","link":"https:\/\/serversmtp.com\/de\/funktionen\/","title":{"rendered":"Funktionen\ufeff"},"content":{"rendered":"<p>turboSMTP ist perfekt f\u00fcr alle, die E-Mails effizienter und mit besseren Ergebnissen senden wollen.<\/p>\n<ul class=\"featuresBoxes featuresBoxes-de\">\n<li class=\"half-leftli-box\"><a title=\"EXPERTEN KUNDENDIENST\"><span class=\"features-rev2018-title\">EXPERTEN KUNDENDIENST<\/span><br \/>\n<span class=\"features-rev2018-description\"><img decoding=\"async\" class=\"wp-image-1704\" src=\"\/wp-content\/uploads\/2018\/03\/multilanguage-customer-support.png\" alt=\"EXPERTEN KUNDENDIENST\" width=\"50\" height=\"50\" \/>Ein engagiertes Team von Fachleuten steht Ihnen bei technischen Fragen und allgemeinen Anfragen per E-Mail zur Seite: 24 Stunden am Tag, 7 Tage die Woche, 365 Tage im Jahr.<\/span><br \/>\n<\/a><\/li>\n<li class=\"half-rightli-box\"><a title=\"WIRKLICH zuverl\u00e4ssige Server\"><span class=\"features-rev2018-title\">WIRKLICH zuverl\u00e4ssige Server<\/span><br \/>\n<span class=\"features-rev2018-description\"><img decoding=\"async\" class=\"alignnone size-full wp-image-2509\" src=\"https:\/\/serversmtp.com\/wp-content\/uploads\/2018\/04\/server1.png\" alt=\"WIRKLICH zuverl\u00e4ssige Server\" width=\"50\" height=\"50\" srcset=\"https:\/\/serversmtp.com\/wp-content\/uploads\/2018\/04\/server1.png 64w, https:\/\/serversmtp.com\/wp-content\/uploads\/2018\/04\/server1-55x55.png 55w\" sizes=\"(max-width: 50px) 100vw, 50px\" \/>Unsere wei\u00df-gelisteten und vertrauensw\u00fcrdigen Server steigern Ihre E-Mail-Zustellraten durch Vermeidung von schwarzen Listen und durch eine Verringerung gefilterter E-Mails.<\/span><br \/>\n<\/a><\/li>\n<li class=\"half-leftli-box\"><a title=\"ISP BEZIEHUNGEN\"><span class=\"features-rev2018-title\">ISP BEZIEHUNGEN<\/span><br \/>\n<span class=\"features-rev2018-description\"><img decoding=\"async\" class=\"wp-image-1713\" src=\"\/wp-content\/uploads\/2018\/03\/reliable-servers-ISP-relationships.png\" alt=\"ISP BEZIEHUNGEN\" width=\"50\" height=\"50\" \/>Wir pflegen enge Kommunikation mit Top-ISPs und Feedback-Schleifen um die E-Mail-Zustellung zu maximieren..<\/span><br \/>\n<\/a><\/li>\n<li class=\"half-rightli-box\"><a title=\"Einfache und schnelle Installation\"><span class=\"features-rev2018-title\">Einfache und schnelle Installation<\/span><br \/>\n<span class=\"features-rev2018-description\"><img decoding=\"async\" class=\"wp-image-1716\" src=\"\/wp-content\/uploads\/2018\/03\/step-by-step-tutorials.png\" alt=\"Einfache und schnelle Installation\" width=\"50\" height=\"50\" \/>Keine Software zu installieren. Authentifizieren sie sich einfach mit Ihrer E-Mail-Client-Software durch Eingabe von &#8220;Turbo-smtp.com&#8221; und Ihren API-Keys (Consumer Key und Consumer Secret) in Ihrem SMTP-Einstellungen. Richten Sie es einmal und fertig!<\/span><br \/>\n<\/a><\/li>\n<li class=\"half-leftli-box\"><a title=\"Flexible Service PL\u00c4NE\"><span class=\"features-rev2018-title\">Flexible Service PL\u00c4NE<\/span><br \/>\n<span class=\"features-rev2018-description\"><img decoding=\"async\" class=\"wp-image-1695\" src=\"\/wp-content\/uploads\/2018\/03\/flexible-service-plans.png\" alt=\"Flexible Service PL\u00c4NE\" width=\"50\" height=\"50\" \/>Unsere Pakete werden erstellt, um die Bed\u00fcrfnisse unserer vielf\u00e4ltigen Liste von Kunden, einschlie\u00dflich mobiler Anwender, Privatanwender und kleine Unternehmen, E-Mail-Listen Verteilern und Mail-Server-Administratoren gerecht zu werden.<\/span><br \/>\n<\/a><\/li>\n<li class=\"half-rightli-box\"><a title=\"Kompatibel mit allen INTERNET DIENSTEN\" href=\"\/en\/sub-account-system\"><span class=\"features-rev2018-title\">Kompatibel mit allen INTERNET DIENSTEN<\/span><br \/>\n<span class=\"features-rev2018-description\"><img decoding=\"async\" class=\"alignnone size-full wp-image-2502\" src=\"https:\/\/serversmtp.com\/wp-content\/uploads\/2018\/04\/network.png\" alt=\"Kompatibel mit allen INTERNET DIENSTEN\" width=\"50\" height=\"50\" srcset=\"https:\/\/serversmtp.com\/wp-content\/uploads\/2018\/04\/network.png 64w, https:\/\/serversmtp.com\/wp-content\/uploads\/2018\/04\/network-55x55.png 55w\" sizes=\"(max-width: 50px) 100vw, 50px\" \/>turboSMTP funktioniert mit jedem Internet Service Provider in der Welt, darunter in allen wichtigen Breitbandnetzen und \u00f6ffentlichen WLAN Hotspots.<\/span><br \/>\n<\/a><\/li>\n<li class=\"half-leftli-box\"><a title=\"Kompatibel mit allen g\u00e4ngigen Email Clients\"><span class=\"features-rev2018-title\">Kompatibel mit allen g\u00e4ngigen Email Clients<\/span><br \/>\n<span class=\"features-rev2018-description\"><img decoding=\"async\" class=\"alignnone size-full wp-image-2517\" src=\"https:\/\/serversmtp.com\/wp-content\/uploads\/2018\/04\/stock_post-message.png\" alt=\"Kompatibel mit allen g\u00e4ngigen Email Clients\" width=\"50\" height=\"50\" srcset=\"https:\/\/serversmtp.com\/wp-content\/uploads\/2018\/04\/stock_post-message.png 64w, https:\/\/serversmtp.com\/wp-content\/uploads\/2018\/04\/stock_post-message-55x55.png 55w\" sizes=\"(max-width: 50px) 100vw, 50px\" \/>Alle wichtigen E-Mail-Clients sind mit turboSMTP Service kompatibel, einschlie\u00dflich aller Versionen von Microsoft Outlook, Microsoft Vista Mail, Microsoft Outlook Express, Mozilla Thunderbird, Opera Mail, Netscape Mail, Apple iPhone, und vielen mehr.<\/span><br \/>\n<\/a><\/li>\n<li class=\"half-rightli-box\"><a title=\"EMAIL Tracking und Reporting\"><span class=\"features-rev2018-title\">EMAIL Tracking und Reporting<\/span><br \/>\n<span class=\"features-rev2018-description\"><img decoding=\"async\" class=\"alignnone size-full wp-image-2486\" src=\"https:\/\/serversmtp.com\/wp-content\/uploads\/2018\/04\/ethereal.png\" alt=\"\" width=\"50\" height=\"50\" srcset=\"https:\/\/serversmtp.com\/wp-content\/uploads\/2018\/04\/ethereal.png 64w, https:\/\/serversmtp.com\/wp-content\/uploads\/2018\/04\/ethereal-55x55.png 55w\" sizes=\"(max-width: 50px) 100vw, 50px\" \/>Verfolgen Sie alle Ihre ausgehenden Nachrichten mit ausf\u00fchrlichen Statistiken und Grafiken auf Ihrem Konto-Management-Bereich und laden Sie E-Mail Liefer Reports als komma-getrennte Dateien (CSV) f\u00fcr mehr tiefergehende Analysen.<\/span><br \/>\n<\/a><\/li>\n<li class=\"half-leftli-box\"><a title=\"Bounce Management\"><span class=\"features-rev2018-title\">Bounce Management<\/span><br \/>\n<span class=\"features-rev2018-description\"><img decoding=\"async\" src=\"https:\/\/serversmtp.com\/wp-content\/uploads\/2018\/04\/mail_message2.png\" alt=\"Bounce Management\" width=\"50\" height=\"50\" class=\"alignnone size-full wp-image-2493\" srcset=\"https:\/\/serversmtp.com\/wp-content\/uploads\/2018\/04\/mail_message2.png 64w, https:\/\/serversmtp.com\/wp-content\/uploads\/2018\/04\/mail_message2-55x55.png 55w\" sizes=\"(max-width: 50px) 100vw, 50px\" \/>\u00dcberpr\u00fcfen Sie einzelne Emails und finden Sie heraus, warum sie vom beabsichtigten Empf\u00e4nger zur\u00fcckgegeben werden.<\/span><br \/>\n<\/a><\/li>\n<li class=\"half-rightli-box\"><a title=\"Schritt-f\u00fcr-Schritt-Anleitungen\"><span class=\"features-rev2018-title\">Schritt-f\u00fcr-Schritt-Anleitungen<\/span><br \/>\n<span class=\"features-rev2018-description\"><img decoding=\"async\" src=\"https:\/\/serversmtp.com\/wp-content\/uploads\/2018\/04\/package_education.png\" alt=\"Schritt-f\u00fcr-Schritt-Anleitungen\" width=\"50\" height=\"50\" class=\"alignnone size-full wp-image-2505\" srcset=\"https:\/\/serversmtp.com\/wp-content\/uploads\/2018\/04\/package_education.png 64w, https:\/\/serversmtp.com\/wp-content\/uploads\/2018\/04\/package_education-55x55.png 55w\" sizes=\"(max-width: 50px) 100vw, 50px\" \/>Wir haben einige ausf\u00fchrliche Tutorials erstellt, die Ihnen helfen, die g\u00e4ngigsten E-Mail-Clients f\u00fcr die Arbeit mit Ihrem turboSMTP Konto zu konfigurieren.<\/span><br \/>\n<\/a><\/li>\n<li class=\"doubleli-box\"><a title=\"100% GELD ZUR\u00dcCK GARANTIE\"><span class=\"features-rev2018-title\">100% GELD ZUR\u00dcCK GARANTIE<\/span><br \/>\n<span class=\"features-rev2018-description\"><img decoding=\"async\" class=\"wp-image-1701\" src=\"\/wp-content\/uploads\/2018\/03\/money-back-guarantee.png\" alt=\"100% GELD ZUR\u00dcCK GARANTIE\" width=\"50\" height=\"50\" \/>turboSMTP Dienste bieten eine 15 Tage Zufriedenheitsgarantie f\u00fcr alle neuen turboSMTP Kunden.<br \/>\nEine vollst\u00e4ndige Erstattung wird f\u00fcr alle neuen turboSMTP Konten gew\u00e4hrt, die innerhalb der ersten 15 Tage oder bis der Benutzer 100 Nachricht gesendet hat (je nachdem was fr\u00fcher eintritt) ihr Konto schlie\u00dfen.<\/span><\/a><\/li>\n<li class=\"half-leftli-box\"><a title=\"Benutzerdefinierte Tracking-Domain\" href=\"\/de\/benutzerdefinierte-tracking-domain-was-es-ist-wie-es-funktioniert-und-warum-es-die-zustellbarkeit-verbessern-kann\/\"><span class=\"features-rev2018-title\">BENUTZERDEFINIERTE TRACKING-DOMAIN<\/span><span class=\"new\">NEW<\/span><br \/>\n<span class=\"features-rev2018-description\"><img decoding=\"async\" class=\"wp-image-5701\" src=\"https:\/\/serversmtp.com\/wp-content\/uploads\/2023\/07\/custon-tracking-domains.png\" alt=\"Benutzerdefinierte Tracking-Domain\" width=\"50\" height=\"50\" \/>Richten Sie Ihre benutzerdefinierte Tracking-Domain ein und beginnen Sie mit der Optimierung Ihrer Zustellungsraten mit positiven Auswirkungen auf Ihre Kennzahlen.<\/span><br \/>\n<\/a><\/li>\n<\/ul>\n","protected":false},"excerpt":{"rendered":"<p>turboSMTP ist perfekt f\u00fcr alle, die E-Mails effizienter und mit besseren Ergebnissen senden wollen. EXPERTEN KUNDENDIENST Ein engagiertes Team von Fachleuten steht Ihnen bei technischen Fragen und allgemeinen Anfragen per E-Mail zur Seite: 24 Stunden am Tag, 7 Tage die Woche, 365 Tage im Jahr. WIRKLICH zuverl\u00e4ssige Server Unsere wei\u00df-gelisteten und vertrauensw\u00fcrdigen Server steigern Ihre &#8230; <\/p>\n<p class=\"read-more-container\"><a title=\"Funktionen\ufeff\" class=\"read-more button\" href=\"https:\/\/serversmtp.com\/de\/funktionen\/#more-2934\" aria-label=\"Mehr Informationen \u00fcber Funktionen\ufeff\">Entdecke mehr<\/a><\/p>\n","protected":false},"author":1,"featured_media":0,"parent":0,"menu_order":0,"comment_status":"closed","ping_status":"closed","template":"","meta":{"_eb_attr":"","inline_featured_image":false,"_monsterinsights_skip_tracking":false,"_monsterinsights_sitenote_active":false,"_monsterinsights_sitenote_note":"","_monsterinsights_sitenote_category":0,"footnotes":""},"class_list":["post-2934","page","type-page","status-publish"],"yoast_head":"<!-- This site is optimized with the Yoast SEO plugin v25.3.1 - https:\/\/yoast.com\/wordpress\/plugins\/seo\/ -->\n<title>Funktionen\ufeff - smtp mail server - professional SMTP service provider<\/title>\n<meta name=\"robots\" content=\"index, follow, max-snippet:-1, max-image-preview:large, max-video-preview:-1\" \/>\n<link rel=\"canonical\" href=\"https:\/\/serversmtp.com\/de\/funktionen\/\" \/>\n<meta name=\"twitter:label1\" content=\"Gesch\u00e4tzte Lesezeit\" \/>\n\t<meta name=\"twitter:data1\" content=\"4\u00a0Minuten\" \/>\n<!-- \/ Yoast SEO plugin. -->","yoast_head_json":{"title":"Funktionen\ufeff - smtp mail server - professional SMTP service provider","robots":{"index":"index","follow":"follow","max-snippet":"max-snippet:-1","max-image-preview":"max-image-preview:large","max-video-preview":"max-video-preview:-1"},"canonical":"https:\/\/serversmtp.com\/de\/funktionen\/","twitter_misc":{"Gesch\u00e4tzte Lesezeit":"4\u00a0Minuten"},"schema":{"@context":"https:\/\/schema.org","@graph":[{"@type":"WebPage","@id":"https:\/\/serversmtp.com\/de\/funktionen\/","url":"https:\/\/serversmtp.com\/de\/funktionen\/","name":"Funktionen\ufeff - smtp mail server - professional SMTP service provider","isPartOf":{"@id":"https:\/\/serversmtp.com\/it\/#website"},"primaryImageOfPage":{"@id":"https:\/\/serversmtp.com\/de\/funktionen\/#primaryimage"},"image":{"@id":"https:\/\/serversmtp.com\/de\/funktionen\/#primaryimage"},"thumbnailUrl":"https:\/\/serversmtp.com\/wp-content\/uploads\/2018\/04\/server1.png","datePublished":"2018-04-23T12:04:35+00:00","dateModified":"2025-10-23T07:44:22+00:00","breadcrumb":{"@id":"https:\/\/serversmtp.com\/de\/funktionen\/#breadcrumb"},"inLanguage":"de","potentialAction":[{"@type":"ReadAction","target":["https:\/\/serversmtp.com\/de\/funktionen\/"]}]},{"@type":"ImageObject","inLanguage":"de","@id":"https:\/\/serversmtp.com\/de\/funktionen\/#primaryimage","url":"https:\/\/serversmtp.com\/wp-content\/uploads\/2018\/04\/server1.png","contentUrl":"https:\/\/serversmtp.com\/wp-content\/uploads\/2018\/04\/server1.png"},{"@type":"BreadcrumbList","@id":"https:\/\/serversmtp.com\/de\/funktionen\/#breadcrumb","itemListElement":[{"@type":"ListItem","position":1,"name":"Home","item":"https:\/\/serversmtp.com\/de\/"},{"@type":"ListItem","position":2,"name":"Funktionen\ufeff"}]},{"@type":"WebSite","@id":"https:\/\/serversmtp.com\/it\/#website","url":"https:\/\/serversmtp.com\/it\/","name":"smtp mail server - professional SMTP service provider","description":"smtp mail server - professional SMTP service provider","publisher":{"@id":"https:\/\/serversmtp.com\/it\/#organization"},"potentialAction":[{"@type":"SearchAction","target":{"@type":"EntryPoint","urlTemplate":"https:\/\/serversmtp.com\/it\/?s={search_term_string}"},"query-input":{"@type":"PropertyValueSpecification","valueRequired":true,"valueName":"search_term_string"}}],"inLanguage":"de"},{"@type":"Organization","@id":"https:\/\/serversmtp.com\/it\/#organization","name":"Delivery Tech","url":"https:\/\/serversmtp.com\/it\/","logo":{"@type":"ImageObject","inLanguage":"de","@id":"https:\/\/serversmtp.com\/it\/#\/schema\/logo\/image\/","url":"https:\/\/serversmtp.com\/wp-content\/uploads\/2021\/11\/og-image-2.jpg","contentUrl":"https:\/\/serversmtp.com\/wp-content\/uploads\/2021\/11\/og-image-2.jpg","width":1200,"height":1128,"caption":"Delivery Tech"},"image":{"@id":"https:\/\/serversmtp.com\/it\/#\/schema\/logo\/image\/"}}]}},"_links":{"self":[{"href":"https:\/\/serversmtp.com\/de\/wp-json\/wp\/v2\/pages\/2934"}],"collection":[{"href":"https:\/\/serversmtp.com\/de\/wp-json\/wp\/v2\/pages"}],"about":[{"href":"https:\/\/serversmtp.com\/de\/wp-json\/wp\/v2\/types\/page"}],"author":[{"embeddable":true,"href":"https:\/\/serversmtp.com\/de\/wp-json\/wp\/v2\/users\/1"}],"replies":[{"embeddable":true,"href":"https:\/\/serversmtp.com\/de\/wp-json\/wp\/v2\/comments?post=2934"}],"version-history":[{"count":18,"href":"https:\/\/serversmtp.com\/de\/wp-json\/wp\/v2\/pages\/2934\/revisions"}],"predecessor-version":[{"id":22553,"href":"https:\/\/serversmtp.com\/de\/wp-json\/wp\/v2\/pages\/2934\/revisions\/22553"}],"wp:attachment":[{"href":"https:\/\/serversmtp.com\/de\/wp-json\/wp\/v2\/media?parent=2934"}],"curies":[{"name":"wp","href":"https:\/\/api.w.org\/{rel}","templated":true}]}}