{"id":2899,"date":"2018-04-21T17:45:09","date_gmt":"2018-04-21T15:45:09","guid":{"rendered":"https:\/\/dev.serversmtp.com\/?page_id=2899"},"modified":"2019-05-24T11:35:22","modified_gmt":"2019-05-24T09:35:22","slug":"wieso-turbosmtp","status":"publish","type":"page","link":"https:\/\/serversmtp.com\/de\/wieso-turbosmtp\/","title":{"rendered":"Wieso turboSMTP?"},"content":{"rendered":"<p>Es gibt sehr <strong>wichtige Gr\u00fcnde<\/strong> f\u00fcr den Einsatz eines professionellen SMTP-Servers: in der Vergangenheit (vor der Spam-\u00c4ra), bereitete das Versenden von Emails keine Probleme, w\u00e4hrend es heute \u00e4u\u00dferst wichtig ist, den <strong>E-Mail<\/strong> <strong>Regelungen<\/strong> aller <strong>Server<\/strong> zu folgen, um zu vermeiden, dass Nachrichten im <strong>Spam-Ordner<\/strong> landen oder sogar <strong>von Email Servern gel\u00f6scht werden.<\/strong><\/p>\n<p>Verschiedene E-Mail-Server behandeln E-Mails in unterschiedlicher Weise, je nach <strong>Seriosit\u00e4t von SMTP-Servern, und wei\u00dfen sowie<\/strong> und <strong>schwarzen Listen.<\/strong><\/p>\n<p>SMTP-Server die <strong>Standard ISPs<\/strong> von Standard Providern bereitgestellt werden sind <strong>nicht immer zuverl\u00e4ssig:<\/strong> Sie verwenden zuf\u00e4llige IP Adressen und gelegentlich sind eine oder mehrere dieser IPs auf der schwarzen Liste, was zu <strong>Problemen f\u00fchren kann, wenn Sie E-Mails versenden.<\/strong><\/p>\n<p>Das <strong>Schlimmste<\/strong> jedoch ist, dass Sie sich dieser Probleme <strong>nicht bewusst sind:<\/strong> Sie werden einfach E-Mails senden und Sie wissen nicht, ob sie ankommen.<\/p>\n<p>Au\u00dferdem, <strong>wenn Sie reisen<\/strong> und verschiedene Internet-Verbindungen wie Wi-Fi, UMTS \/ EDGE und so weiter verwenden, m\u00fcssen Sie <strong> jedes Mal die SMTP Einstellungen \u00e4ndern.<\/strong><\/p>\n<h3>&#8230; also?<\/h3>\n<p>Wir bieten einen <strong>zuverl\u00e4ssigen<\/strong> und <strong>kosteng\u00fcnstigen SMTP-Dienst.<\/strong> Wir \u00fcberwachen st\u00e4ndig Blacklists und konzentrieren uns auf die Pflege der Beziehungen mit den wichtigsten E-Mail-Anbietern und darauf, unsere Server auf der Whitelist zu belassen. Dies bedeutet, dass <strong>alle E-Mail-Server Ihre Nachrichten als sicher erkennen<\/strong> und alle Ihre <strong>Nachrichten zugestellt werden.<\/strong><\/p>\n<h3>Welches ist der wirkliche Unterschied zwischen einem normalen SMTP-Server und turboSMTP?<\/h3>\n<ol class=\"boxes\">\n<li>\n<h2>Verbessern Sie die Email Auslieferung, reduzieren Sie gefilterte Emails<\/h2>\n<p>Wir arbeiten aktiv daran, unsere Server auf den Whitelists von gro\u00dfen E-Mail-Providern zu halten und folgen strengstens den Email-Absender Richtlinien und Regulationen.<\/li>\n<li>\n<h2>Senden Sie E-Mails von \u00fcberall und jederzeit<\/h2>\n<p>Sie <strong>stellen Ihre SMTP-Einstellungen nur einmal ein,<\/strong> in Ihrem E-Mail-Client oder Mail-Programm, und <strong>m\u00fcssen sie nie wieder \u00e4ndern.<\/strong><br \/>\nImmer, wenn Sie mit dem Internet verbunden sind, sei es von Ihrem <strong>Laptop, iPhone<\/strong> oder <strong>PC,<\/strong> sind Sie in der Lage, E-Mails zu senden, von jeder Ihrer E-Mail Addressen, <strong>unabh\u00e4ngig von Ihrer Internetverbindung oder der aktuellen Position.<\/strong><\/li>\n<li>\n<h2>ISP Einschr\u00e4nkungen umgehen<\/h2>\n<p><strong>Umgehen Sie<\/strong> alle diese <strong>Einsatzgrenzen,<\/strong> die ISPs auf ihre Maildienste setzen.<br \/>\nUm &#8220;Spamming&#8221; zu verhindern, sind ISPs heutzutage gezwungen, aggressive Anti-Spam-Filter einzusetzen, die das Senden Ihrer Nachrichten verweigern oder sogar blockieren k\u00f6nnen, unabh\u00e4ngig davon ob der Absender legitim ist oder nicht.<br \/>\nDurch die <strong>Wahl von TurboSMTP,<\/strong> genie\u00dfen Sie <strong>h\u00f6here Zustellbarkeit<\/strong> und verbessern Sie Ihre Raten bei der <strong>Platzierung im Posteingang.<\/strong><\/li>\n<li>\n<h2>Genie\u00dfen Sie exzellente, High-Speed-Lieferung<\/h2>\n<p>Standard SMTP Server neigen zu \u00dcberlastungen, verursachen h\u00e4ufig Verz\u00f6gerungen und \/ oder Fehler in der E-Mail Lieferung. Unsere State-of-the-art Technologie erm\u00f6glicht es uns, Ihre E-Mails schnell und zuverl\u00e4ssig zu versenden und garantiert ein permanent gleiches Ma\u00df an zuverl\u00e4ssigem professionellem Service, immer.<\/li>\n<li>\n<h2>Behalten Sie Ihre E-Mails im Auge<\/h2>\n<p>Schauen Sie sich die <a href=\"https:\/\/serversmtp.com\/de\/e-mail-tracking-hier-erfahren-sie-ob-jemand-ihre-e-mail-gelesen-hat\/\"><strong>Echtzeit-Diagramme und Liefer-Statistiken<\/strong><\/a> in Ihrem Account Management Bereich an. Unser System wird Ihnen zeigen, welche Nachrichten erfolgreich \u00fcbermittelt wurden und Ihnen au\u00dferdem zeigen, warum eine E-Mail nicht ihr Ziel erreicht.<\/li>\n<\/ol>\n<h3>Die Frage ist &#8230;<\/h3>\n<p><strong>Wie sehen E-Mail-Server Ihren SMTP-Server? <\/strong><strong>Seri\u00f6s oder nicht? <\/strong><\/p>\n<p>Wenn Ihr Server als nicht seri\u00f6s gilt, werden fast <strong>alle<\/strong> g\u00e4ngigen <strong>E-Mail-Server<\/strong> <strong>Ihre Nachrichten verz\u00f6gern<\/strong> und &#8211; im besten Fall &#8211; in den Spam Ordner versenden oder auf eine graue Liste setzen oder &#8211; im schlimmsten Fall &#8211; die Nachricht <strong>ganz ablehnen.<\/strong><\/p>\n<p>Heutzutage nutzen E-Mail-Servern wie Hotmail, Gmail, Comcast und viele mehr (es \u00e4ndert sich jeden Tag) sehr <strong>strenge Regeln<\/strong> wegen Spam-Verhalten ihrer Benutzer, weshalb sehr \u00fcblich ist, dass normale Mitteilungen im Spam Ordner landen.<\/p>\n<p><strong>Wenn Sie auf Ihre E-Mails legen,<\/strong> empfehlen wir Ihnen, <strong>turboSMTP verwenden,<\/strong> damit g\u00e4ngige E-Mail Server sie als <strong>seri\u00f6s<\/strong> erkennen und um die Zustellbarkeit Ihrer E-Mails zu <strong>steigern<\/strong>.<\/p>\n<p>&nbsp;<\/p>\n<p style=\"font-size: 10px;\"><em>Bitte beachten Sie, dass turboSMTP legitimen E-Mail Absendern gedacht ist, nicht um Spammern helfen. <\/em><em>Kunden, die unsere <a class=\"fancyLink\" href=\"knowledgebase.php?action=displayarticle&amp;id=15\" target=\"_blank\" rel=\"noopener noreferrer\">Anti-Spam-Policy<\/a> verletzen, werden gesperrt oder vom Dienst ausgeschlossen.<\/em><\/p>\n","protected":false},"excerpt":{"rendered":"<p>Es gibt sehr wichtige Gr\u00fcnde f\u00fcr den Einsatz eines professionellen SMTP-Servers: in der Vergangenheit (vor der Spam-\u00c4ra), bereitete das Versenden von Emails keine Probleme, w\u00e4hrend es heute \u00e4u\u00dferst wichtig ist, den E-Mail Regelungen aller Server zu folgen, um zu vermeiden, dass Nachrichten im Spam-Ordner landen oder sogar von Email Servern gel\u00f6scht werden. Verschiedene E-Mail-Server behandeln &#8230; <\/p>\n<p class=\"read-more-container\"><a title=\"Wieso turboSMTP?\" class=\"read-more button\" href=\"https:\/\/serversmtp.com\/de\/wieso-turbosmtp\/#more-2899\" aria-label=\"Mehr Informationen \u00fcber Wieso turboSMTP?\">Entdecke mehr<\/a><\/p>\n","protected":false},"author":3,"featured_media":0,"parent":0,"menu_order":0,"comment_status":"closed","ping_status":"closed","template":"g1_template_page_sidebar_right.php","meta":{"_eb_attr":"","inline_featured_image":false,"_monsterinsights_skip_tracking":false,"_monsterinsights_sitenote_active":false,"_monsterinsights_sitenote_note":"","_monsterinsights_sitenote_category":0,"footnotes":""},"class_list":["post-2899","page","type-page","status-publish"],"yoast_head":"<!-- This site is optimized with the Yoast SEO plugin v25.3.1 - https:\/\/yoast.com\/wordpress\/plugins\/seo\/ -->\n<title>Wieso turboSMTP? - smtp mail server - professional SMTP service provider<\/title>\n<meta name=\"robots\" content=\"index, follow, max-snippet:-1, max-image-preview:large, max-video-preview:-1\" \/>\n<link rel=\"canonical\" href=\"https:\/\/serversmtp.com\/de\/wieso-turbosmtp\/\" \/>\n<meta name=\"twitter:label1\" content=\"Gesch\u00e4tzte Lesezeit\" \/>\n\t<meta name=\"twitter:data1\" content=\"3\u00a0Minuten\" \/>\n<!-- \/ Yoast SEO plugin. -->","yoast_head_json":{"title":"Wieso turboSMTP? - smtp mail server - professional SMTP service provider","robots":{"index":"index","follow":"follow","max-snippet":"max-snippet:-1","max-image-preview":"max-image-preview:large","max-video-preview":"max-video-preview:-1"},"canonical":"https:\/\/serversmtp.com\/de\/wieso-turbosmtp\/","twitter_misc":{"Gesch\u00e4tzte Lesezeit":"3\u00a0Minuten"},"schema":{"@context":"https:\/\/schema.org","@graph":[{"@type":"WebPage","@id":"https:\/\/serversmtp.com\/de\/wieso-turbosmtp\/","url":"https:\/\/serversmtp.com\/de\/wieso-turbosmtp\/","name":"Wieso turboSMTP? - smtp mail server - professional SMTP service provider","isPartOf":{"@id":"https:\/\/serversmtp.com\/#website"},"datePublished":"2018-04-21T15:45:09+00:00","dateModified":"2019-05-24T09:35:22+00:00","breadcrumb":{"@id":"https:\/\/serversmtp.com\/de\/wieso-turbosmtp\/#breadcrumb"},"inLanguage":"de","potentialAction":[{"@type":"ReadAction","target":["https:\/\/serversmtp.com\/de\/wieso-turbosmtp\/"]}]},{"@type":"BreadcrumbList","@id":"https:\/\/serversmtp.com\/de\/wieso-turbosmtp\/#breadcrumb","itemListElement":[{"@type":"ListItem","position":1,"name":"Home","item":"https:\/\/serversmtp.com\/de\/"},{"@type":"ListItem","position":2,"name":"Wieso turboSMTP?"}]},{"@type":"WebSite","@id":"https:\/\/serversmtp.com\/#website","url":"https:\/\/serversmtp.com\/","name":"smtp mail server - professional SMTP service provider","description":"smtp mail server - professional SMTP service provider","publisher":{"@id":"https:\/\/serversmtp.com\/#organization"},"potentialAction":[{"@type":"SearchAction","target":{"@type":"EntryPoint","urlTemplate":"https:\/\/serversmtp.com\/?s={search_term_string}"},"query-input":{"@type":"PropertyValueSpecification","valueRequired":true,"valueName":"search_term_string"}}],"inLanguage":"de"},{"@type":"Organization","@id":"https:\/\/serversmtp.com\/#organization","name":"Delivery Tech","url":"https:\/\/serversmtp.com\/","logo":{"@type":"ImageObject","inLanguage":"de","@id":"https:\/\/serversmtp.com\/#\/schema\/logo\/image\/","url":"https:\/\/serversmtp.com\/wp-content\/uploads\/2021\/11\/og-image-2.jpg","contentUrl":"https:\/\/serversmtp.com\/wp-content\/uploads\/2021\/11\/og-image-2.jpg","width":1200,"height":1128,"caption":"Delivery Tech"},"image":{"@id":"https:\/\/serversmtp.com\/#\/schema\/logo\/image\/"}}]}},"_links":{"self":[{"href":"https:\/\/serversmtp.com\/de\/wp-json\/wp\/v2\/pages\/2899"}],"collection":[{"href":"https:\/\/serversmtp.com\/de\/wp-json\/wp\/v2\/pages"}],"about":[{"href":"https:\/\/serversmtp.com\/de\/wp-json\/wp\/v2\/types\/page"}],"author":[{"embeddable":true,"href":"https:\/\/serversmtp.com\/de\/wp-json\/wp\/v2\/users\/3"}],"replies":[{"embeddable":true,"href":"https:\/\/serversmtp.com\/de\/wp-json\/wp\/v2\/comments?post=2899"}],"version-history":[{"count":4,"href":"https:\/\/serversmtp.com\/de\/wp-json\/wp\/v2\/pages\/2899\/revisions"}],"predecessor-version":[{"id":5406,"href":"https:\/\/serversmtp.com\/de\/wp-json\/wp\/v2\/pages\/2899\/revisions\/5406"}],"wp:attachment":[{"href":"https:\/\/serversmtp.com\/de\/wp-json\/wp\/v2\/media?parent=2899"}],"curies":[{"name":"wp","href":"https:\/\/api.w.org\/{rel}","templated":true}]}}