{"id":2874,"date":"2018-04-21T12:29:34","date_gmt":"2018-04-21T10:29:34","guid":{"rendered":"https:\/\/dev.serversmtp.com\/?page_id=2874"},"modified":"2018-04-21T12:29:47","modified_gmt":"2018-04-21T10:29:47","slug":"smtp-fur-windows","status":"publish","type":"page","link":"https:\/\/serversmtp.com\/de\/smtp-fur-windows\/","title":{"rendered":"SMTP f\u00fcr Windows"},"content":{"rendered":"<p>turboSMTP kann leicht als ein <strong>SMTP-Server f\u00fcr Windows<\/strong> arbeiten. Seit den neueren Versionen des Betriebssystems \u2013 von Windows 7 an \u2013 wird kein interner SMTP-Service mitgeliefert, es ist notwendig, sich auf einen <a title=\"smtp service\" href=\"\/de\/signup\">professionellen mailserver <\/a>von Dritten zu verlassen, wenn Sie <strong>E-Mails von Ihrer Webseite ausliefern wollen<\/strong>.<\/p>\n<p>Sobald Sie sich angemeldet und Ihre Serverdaten erhalten haben, m\u00fcssen Sie diese im <strong>IIS-Manager<\/strong> eintragen, klicken Sie auf das &#8222;SMTP E-Mail&#8220;-Icon und achten dann darauf, alle ben\u00f6tigten Felder auszuf\u00fcllen: Der <strong>Servername<\/strong> lautet pro.turbo-smtp.com, der Standardport ist 587 \u2013 und dann k\u00f6nnen Sie Ihren bevorzugten <strong>Authentifikationsprozess<\/strong> ausw\u00e4hlen.<\/p>\n<p>Wenn Sie ein Windows-Anwender sind, ist ein guter SMTP-Server sehr wichtig. Tatsache ist, dass wenn Sie einen gew\u00f6hnlichen, nicht \u00fcberwachten SMTP-E-Mail-Service nutzen, die Antispam-Filter der E-Mail-Provider Ihre Nachrichten zur\u00fcckweisen k\u00f6nnen \u2013 sogar, wenn diese legitim sind.<\/p>\n<p>Ein <strong>zuverl\u00e4ssiger und professioneller SMTP-Service<\/strong> wie turboSMTP hat auf der anderen Seite einen guten Ruf unter allen ISPs und wird die Zustellbarkeit Ihrer E-Mails maximieren.<\/p>\n<p>Also, die Haupteigenschaften, die ein Versandservice f\u00fcr Windows garantieren sollte, sind:<\/p>\n<ol>\n<li><strong>Er darf nur zuverl\u00e4ssige IPs verwenden<\/strong>. Und sollte auch einen konstanten Kontakt mit allen E-Mail-Providern pflegen, um zu garantieren, dass all Ihre E-Mails in den Posteingang gelangen.<\/li>\n<li><strong>Er muss eine schnellere E-Mail-Auslieferung bieten<\/strong>. Ein gesonderter SMTP bekommt keine Probleme wegen \u00dcberlastung und sollte die Geschwindigkeit Ihres Mailings signifikant verbessern.<\/li>\n<li><strong>Er muss ISP-Filterung passieren<\/strong>. Ein professioneller Versandserver wird Ihre Zustellrate maximieren, indem er all die modernen, aggressiven Antispam-Filter vermeidet, die auch legitime E-Mails zur\u00fcckweisen k\u00f6nnen.<\/li>\n<li><strong>Er muss jederzeit und \u00fcberall verf\u00fcgbar sein<\/strong>. Wenn Sie unterwegs sind und eine andere Internet-Verbindung benutzen, sollten Sie nicht jedes Mal Ihre Einstellungen \u00e4ndern m\u00fcssen.<\/li>\n<li><strong>Er muss Ihre Nachrichten nachverfolgen<\/strong>. Um die Ergebnisse Ihres Mailings zu kennen, sollte ein dedizierter SMTP-Service auch ein genaues E-Mail-Tracking-System bereitstellen.<\/li>\n<\/ol>\n<p>turboSMTP erf\u00fcllt all diese Anforderung, bietet ebenfalls rund um die Uhr einen Kundendienst, der Ihnen helfen wird, jede Art von Problem zu l\u00f6sen. Sie k\u00f6nnen sich <a title=\"SMTP-server\" href=\"\/de\/signup\">registrieren und jetzt lebenslang ein Paket von 6.000 kostenlosen Relays pro Monat<\/a> erhalten, dann ein Angebot ausw\u00e4hlen, welches Ihren Bed\u00fcrfnissen entspricht.<\/p>\n","protected":false},"excerpt":{"rendered":"<p>turboSMTP kann leicht als ein SMTP-Server f\u00fcr Windows arbeiten. Seit den neueren Versionen des Betriebssystems \u2013 von Windows 7 an \u2013 wird kein interner SMTP-Service mitgeliefert, es ist notwendig, sich auf einen professionellen mailserver von Dritten zu verlassen, wenn Sie E-Mails von Ihrer Webseite ausliefern wollen. Sobald Sie sich angemeldet und Ihre Serverdaten erhalten haben, [&hellip;]<\/p>\n","protected":false},"author":3,"featured_media":0,"parent":0,"menu_order":0,"comment_status":"closed","ping_status":"closed","template":"g1_template_page_sidebar_right.php","meta":[],"yoast_head":"<!-- This site is optimized with the Yoast SEO plugin v16.4 - https:\/\/yoast.com\/wordpress\/plugins\/seo\/ -->\n<meta name=\"robots\" content=\"index, follow, max-snippet:-1, max-image-preview:large, max-video-preview:-1\" \/>\n<link rel=\"canonical\" href=\"https:\/\/serversmtp.com\/de\/smtp-fur-windows\/\" \/>\n<meta property=\"og:locale\" content=\"de_DE\" \/>\n<meta property=\"og:type\" content=\"article\" \/>\n<meta property=\"og:title\" content=\"SMTP f\u00fcr Windows - smtp mail server - professional SMTP service provider\" \/>\n<meta property=\"og:description\" content=\"turboSMTP kann leicht als ein SMTP-Server f\u00fcr Windows arbeiten. Seit den neueren Versionen des Betriebssystems \u2013 von Windows 7 an \u2013 wird kein interner SMTP-Service mitgeliefert, es ist notwendig, sich auf einen professionellen mailserver von Dritten zu verlassen, wenn Sie E-Mails von Ihrer Webseite ausliefern wollen. Sobald Sie sich angemeldet und Ihre Serverdaten erhalten haben, [&hellip;]\" \/>\n<meta property=\"og:url\" content=\"https:\/\/serversmtp.com\/de\/smtp-fur-windows\/\" \/>\n<meta property=\"og:site_name\" content=\"smtp mail server - professional SMTP service provider\" \/>\n<meta property=\"article:modified_time\" content=\"2018-04-21T10:29:47+00:00\" \/>\n<meta name=\"twitter:card\" content=\"summary_large_image\" \/>\n<meta name=\"twitter:label1\" content=\"Gesch\u00e4tzte Lesezeit\" \/>\n\t<meta name=\"twitter:data1\" content=\"2 Minuten\" \/>\n<script type=\"application\/ld+json\" class=\"yoast-schema-graph\">{\"@context\":\"https:\/\/schema.org\",\"@graph\":[{\"@type\":\"WebSite\",\"@id\":\"http:\/\/serversmtp.com\/#website\",\"url\":\"http:\/\/serversmtp.com\/\",\"name\":\"smtp mail server - professional SMTP service provider\",\"description\":\"smtp mail server - professional SMTP service provider \",\"potentialAction\":[{\"@type\":\"SearchAction\",\"target\":\"http:\/\/serversmtp.com\/?s={search_term_string}\",\"query-input\":\"required name=search_term_string\"}],\"inLanguage\":\"de-DE\"},{\"@type\":\"WebPage\",\"@id\":\"https:\/\/serversmtp.com\/de\/smtp-fur-windows\/#webpage\",\"url\":\"https:\/\/serversmtp.com\/de\/smtp-fur-windows\/\",\"name\":\"SMTP f\\u00fcr Windows - smtp mail server - professional SMTP service provider\",\"isPartOf\":{\"@id\":\"http:\/\/serversmtp.com\/#website\"},\"datePublished\":\"2018-04-21T10:29:34+00:00\",\"dateModified\":\"2018-04-21T10:29:47+00:00\",\"breadcrumb\":{\"@id\":\"https:\/\/serversmtp.com\/de\/smtp-fur-windows\/#breadcrumb\"},\"inLanguage\":\"de-DE\",\"potentialAction\":[{\"@type\":\"ReadAction\",\"target\":[\"https:\/\/serversmtp.com\/de\/smtp-fur-windows\/\"]}]},{\"@type\":\"BreadcrumbList\",\"@id\":\"https:\/\/serversmtp.com\/de\/smtp-fur-windows\/#breadcrumb\",\"itemListElement\":[{\"@type\":\"ListItem\",\"position\":1,\"item\":{\"@type\":\"WebPage\",\"@id\":\"https:\/\/staging.serversmtp.com\/de\/home\/\",\"url\":\"https:\/\/staging.serversmtp.com\/de\/home\/\",\"name\":\"Home\"}},{\"@type\":\"ListItem\",\"position\":2,\"item\":{\"@id\":\"https:\/\/serversmtp.com\/de\/smtp-fur-windows\/#webpage\"}}]}]}<\/script>\n<!-- \/ Yoast SEO plugin. -->","_links":{"self":[{"href":"https:\/\/serversmtp.com\/de\/wp-json\/wp\/v2\/pages\/2874"}],"collection":[{"href":"https:\/\/serversmtp.com\/de\/wp-json\/wp\/v2\/pages"}],"about":[{"href":"https:\/\/serversmtp.com\/de\/wp-json\/wp\/v2\/types\/page"}],"author":[{"embeddable":true,"href":"https:\/\/serversmtp.com\/de\/wp-json\/wp\/v2\/users\/3"}],"replies":[{"embeddable":true,"href":"https:\/\/serversmtp.com\/de\/wp-json\/wp\/v2\/comments?post=2874"}],"version-history":[{"count":2,"href":"https:\/\/serversmtp.com\/de\/wp-json\/wp\/v2\/pages\/2874\/revisions"}],"predecessor-version":[{"id":2876,"href":"https:\/\/serversmtp.com\/de\/wp-json\/wp\/v2\/pages\/2874\/revisions\/2876"}],"wp:attachment":[{"href":"https:\/\/serversmtp.com\/de\/wp-json\/wp\/v2\/media?parent=2874"}],"curies":[{"name":"wp","href":"https:\/\/api.w.org\/{rel}","templated":true}]}}