{"id":2867,"date":"2018-04-21T12:12:03","date_gmt":"2018-04-21T10:12:03","guid":{"rendered":"https:\/\/dev.serversmtp.com\/?page_id=2867"},"modified":"2025-10-22T14:06:35","modified_gmt":"2025-10-22T12:06:35","slug":"mails-werden-nicht-gesendet","status":"publish","type":"page","link":"https:\/\/serversmtp.com\/de\/mails-werden-nicht-gesendet\/","title":{"rendered":"Mails werden nicht gesendet"},"content":{"rendered":"<p>Warum <strong>versendet Ihr Client manchmal die E-Mails nicht<\/strong>? Vielleicht empf\u00e4ngt er weiter, aber die ausgehenden E-Mails werden \u00fcberhaupt nicht versandt. Was passiert da?<\/p>\n<p>Vorausgesetzt, dass Sie richtig mit dem <strong>Internet<\/strong> verbunden sind (ja, das passiert&#8230;), liegen die Gr\u00fcnde im Allgemeinen an Ihrem <strong>SMTP-Server<\/strong> \u2013 dem Rechner, der sich um die Zustellung Ihrer ausgehenden Nachrichten k\u00fcmmert. Tatsache ist, dass die normalen, mit einem allgemeinen E-Mail-Provider (wie Gmail oder Hotmail) verbundenen Server auf einige Probleme sto\u00dfen k\u00f6nnen, da sie nicht \u00fcberwacht werden.<\/p>\n<p>Die beste M\u00f6glichkeit, dies alles zu vermeiden, ist, sich auf einen <strong><a title=\"professionelle SMTP-server\" href=\"\/de\/signup\">professionellen Ausgangsservice<\/a><\/strong> wie turboSMTP zu verlassen.<\/p>\n<p>Trotzdem sind hier die h\u00e4ufigsten Probleme f\u00fcr den &#8220;Nichtversand von E-Mails&#8221; und wie man diese beseitigt:<\/p>\n<ul>\n<li><strong>Die E-Mail-Authentifikation ist fehlgeschlagen<\/strong>. Wenn Sie eine SMTP-Authentifikation wie SSL verwenden, pr\u00fcfen Sie nochmals Ihren Usernamen und Ihr Passwort (denken Sie daran, dass Sie bei Verwendung von turboSMTP stattdessen Ihren Consumer Key und Consumer Secret eingeben m\u00fcssen \u2014 <a href=\"https:\/\/serversmtp.com\/de\/was-sind-api-schluessel-und-wie-erstellt-man-sie-mit-turbosmtp-ein-kompletter-leitfaden\/\" title=\"Wie Sie Ihre API-Keys erstellen\" target=\"_blank\" rel=\"noopener\">siehe wie Sie Ihre API-Keys erstellen<\/a>).<\/li>\n<li><strong>Es gibt ein Port-Problem<\/strong>. SMTP verwendet normalerweise Port 25, aber es kann vorkommen, dass dieser von Ihrem ISP blockiert ist, versuchen Sie, auf Port 587 zu wechseln (oder Port 465, wenn Sie sich mittels SSL verbinden).<\/li>\n<li><strong>Die SMTP-Einstellungen sind falsch<\/strong>. Vielleicht haben Sie Ihren Mail-Client mit dem falschen Namen des Ausgangsservers konfiguriert. Werfen Sie zur Sicherheit einen Blick auf unsere <a title=\"SMTP-liste\" href=\"\/de\/smtp-liste\">Liste mit SMTP-Providern<\/a> oder kontaktieren Sie den Provider.<\/li>\n<li><strong>Firewall- oder Antivirus-Probleme<\/strong>. Stellen Sie sicher, dass Sie eine Ausnahmeregel f\u00fcr Ihren SMTP-Service in Ihrer Firewall, Proxy-Service oder den Antivirus-Einstellungen haben.<\/li>\n<\/ul>\n<p>Wenn der Client weiterhin keine E-Mails versendet, dann ist es wahrscheinlich, dass Sie ein allgemeines Problem mit Ihrem Internet Service Provider haben (den Sie umgehend kontaktieren sollten).<\/p>\n","protected":false},"excerpt":{"rendered":"<p>Warum versendet Ihr Client manchmal die E-Mails nicht? Vielleicht empf\u00e4ngt er weiter, aber die ausgehenden E-Mails werden \u00fcberhaupt nicht versandt. Was passiert da? Vorausgesetzt, dass Sie richtig mit dem Internet verbunden sind (ja, das passiert&#8230;), liegen die Gr\u00fcnde im Allgemeinen an Ihrem SMTP-Server \u2013 dem Rechner, der sich um die Zustellung Ihrer ausgehenden Nachrichten k\u00fcmmert. &#8230; <\/p>\n<p class=\"read-more-container\"><a title=\"Mails werden nicht gesendet\" class=\"read-more button\" href=\"https:\/\/serversmtp.com\/de\/mails-werden-nicht-gesendet\/#more-2867\" aria-label=\"Mehr Informationen \u00fcber Mails werden nicht gesendet\">Entdecke mehr<\/a><\/p>\n","protected":false},"author":3,"featured_media":0,"parent":0,"menu_order":0,"comment_status":"closed","ping_status":"closed","template":"","meta":{"_eb_attr":"","inline_featured_image":false,"_monsterinsights_skip_tracking":false,"_monsterinsights_sitenote_active":false,"_monsterinsights_sitenote_note":"","_monsterinsights_sitenote_category":0,"footnotes":""},"class_list":["post-2867","page","type-page","status-publish"],"yoast_head":"<!-- This site is optimized with the Yoast SEO plugin v25.3.1 - https:\/\/yoast.com\/wordpress\/plugins\/seo\/ -->\n<title>Mails werden nicht gesendet - smtp mail server - professional SMTP service provider<\/title>\n<meta name=\"robots\" content=\"index, follow, max-snippet:-1, max-image-preview:large, max-video-preview:-1\" \/>\n<link rel=\"canonical\" href=\"https:\/\/serversmtp.com\/de\/mails-werden-nicht-gesendet\/\" \/>\n<meta name=\"twitter:label1\" content=\"Gesch\u00e4tzte Lesezeit\" \/>\n\t<meta name=\"twitter:data1\" content=\"2\u00a0Minuten\" \/>\n<!-- \/ Yoast SEO plugin. -->","yoast_head_json":{"title":"Mails werden nicht gesendet - smtp mail server - professional SMTP service provider","robots":{"index":"index","follow":"follow","max-snippet":"max-snippet:-1","max-image-preview":"max-image-preview:large","max-video-preview":"max-video-preview:-1"},"canonical":"https:\/\/serversmtp.com\/de\/mails-werden-nicht-gesendet\/","twitter_misc":{"Gesch\u00e4tzte Lesezeit":"2\u00a0Minuten"},"schema":{"@context":"https:\/\/schema.org","@graph":[{"@type":"WebPage","@id":"https:\/\/serversmtp.com\/de\/mails-werden-nicht-gesendet\/","url":"https:\/\/serversmtp.com\/de\/mails-werden-nicht-gesendet\/","name":"Mails werden nicht gesendet - smtp mail server - professional SMTP service provider","isPartOf":{"@id":"https:\/\/serversmtp.com\/it\/#website"},"datePublished":"2018-04-21T10:12:03+00:00","dateModified":"2025-10-22T12:06:35+00:00","breadcrumb":{"@id":"https:\/\/serversmtp.com\/de\/mails-werden-nicht-gesendet\/#breadcrumb"},"inLanguage":"de","potentialAction":[{"@type":"ReadAction","target":["https:\/\/serversmtp.com\/de\/mails-werden-nicht-gesendet\/"]}]},{"@type":"BreadcrumbList","@id":"https:\/\/serversmtp.com\/de\/mails-werden-nicht-gesendet\/#breadcrumb","itemListElement":[{"@type":"ListItem","position":1,"name":"Home","item":"https:\/\/serversmtp.com\/de\/"},{"@type":"ListItem","position":2,"name":"Mails werden nicht gesendet"}]},{"@type":"WebSite","@id":"https:\/\/serversmtp.com\/it\/#website","url":"https:\/\/serversmtp.com\/it\/","name":"smtp mail server - professional SMTP service provider","description":"smtp mail server - professional SMTP service provider","publisher":{"@id":"https:\/\/serversmtp.com\/it\/#organization"},"potentialAction":[{"@type":"SearchAction","target":{"@type":"EntryPoint","urlTemplate":"https:\/\/serversmtp.com\/it\/?s={search_term_string}"},"query-input":{"@type":"PropertyValueSpecification","valueRequired":true,"valueName":"search_term_string"}}],"inLanguage":"de"},{"@type":"Organization","@id":"https:\/\/serversmtp.com\/it\/#organization","name":"Delivery Tech","url":"https:\/\/serversmtp.com\/it\/","logo":{"@type":"ImageObject","inLanguage":"de","@id":"https:\/\/serversmtp.com\/it\/#\/schema\/logo\/image\/","url":"https:\/\/serversmtp.com\/wp-content\/uploads\/2021\/11\/og-image-2.jpg","contentUrl":"https:\/\/serversmtp.com\/wp-content\/uploads\/2021\/11\/og-image-2.jpg","width":1200,"height":1128,"caption":"Delivery Tech"},"image":{"@id":"https:\/\/serversmtp.com\/it\/#\/schema\/logo\/image\/"}}]}},"_links":{"self":[{"href":"https:\/\/serversmtp.com\/de\/wp-json\/wp\/v2\/pages\/2867"}],"collection":[{"href":"https:\/\/serversmtp.com\/de\/wp-json\/wp\/v2\/pages"}],"about":[{"href":"https:\/\/serversmtp.com\/de\/wp-json\/wp\/v2\/types\/page"}],"author":[{"embeddable":true,"href":"https:\/\/serversmtp.com\/de\/wp-json\/wp\/v2\/users\/3"}],"replies":[{"embeddable":true,"href":"https:\/\/serversmtp.com\/de\/wp-json\/wp\/v2\/comments?post=2867"}],"version-history":[{"count":5,"href":"https:\/\/serversmtp.com\/de\/wp-json\/wp\/v2\/pages\/2867\/revisions"}],"predecessor-version":[{"id":22524,"href":"https:\/\/serversmtp.com\/de\/wp-json\/wp\/v2\/pages\/2867\/revisions\/22524"}],"wp:attachment":[{"href":"https:\/\/serversmtp.com\/de\/wp-json\/wp\/v2\/media?parent=2867"}],"curies":[{"name":"wp","href":"https:\/\/api.w.org\/{rel}","templated":true}]}}