{"id":2865,"date":"2018-04-21T12:01:31","date_gmt":"2018-04-21T10:01:31","guid":{"rendered":"https:\/\/dev.serversmtp.com\/?page_id=2865"},"modified":"2018-04-21T15:44:50","modified_gmt":"2018-04-21T13:44:51","slug":"versende-unbegrenzt-e-mails","status":"publish","type":"page","link":"https:\/\/serversmtp.com\/de\/versende-unbegrenzt-e-mails\/","title":{"rendered":"Wie versende ich unbegrenzt E-Mails?"},"content":{"rendered":"<p><strong>E-Mail-Marketing<\/strong> hat sich als eine der effektivsten, digitalen Werbetechniken erwiesen, mit seiner Kapazit\u00e4t, ein riesiges Publikum sehr schnell zu erreichen und das bei den niedrigsten Kosten. Darum ist es wichtig, die technischen Aspekte der <strong>E-Mail-Zustellung<\/strong> nicht zu untersch\u00e4tzen.<\/p>\n<p>Kein gew\u00f6hnlicher E-Mail-Provider wie Yahoo! Mail oder Gmail erlauben Ihnen, auf einmal <strong>unbegrenzt E-Mails zu versenden<\/strong>, sie haben einige strenge Beschr\u00e4nkungen, sowohl f\u00fcr die Anzahl der Nachrichten als auch f\u00fcr die Anzahl der Empf\u00e4nger, die Sie pro Tag verarbeiten k\u00f6nnen.<\/p>\n<p>Wenn Sie also eine <strong>E-Mail-Kampagne<\/strong> beginnen und Sie einen Newsletter an eine gro\u00dfe Anzahl an Konten mailen wollen, m\u00fcssen Sie einen <strong><a title=\"professionellen SMTP-Service\" href=\"\/de\/signup\">professionellen SMTP-Service<\/a><\/strong> verwenden. Dies ist ein \u00fcberwachter Ausgangsserver, der Ihnen ohne Probleme das unbegrenzte Versenden von E-Mails gestattet und Ihre Zustellrate maximiert.<\/p>\n<p>Auch bietet turboSMTP ein m\u00e4chtiges Echtzeit-<strong>E-Mail-Tracking-Tool<\/strong> an, um mehr \u00fcber die Wirkung Ihrer Massen-E-Mail-Kampagne zu erfahren (Anzeigeraten, Klick-Raten, Anzahl der Bounces etc.)<\/p>\n","protected":false},"excerpt":{"rendered":"<p>E-Mail-Marketing hat sich als eine der effektivsten, digitalen Werbetechniken erwiesen, mit seiner Kapazit\u00e4t, ein riesiges Publikum sehr schnell zu erreichen und das bei den niedrigsten Kosten. Darum ist es wichtig, die technischen Aspekte der E-Mail-Zustellung nicht zu untersch\u00e4tzen. Kein gew\u00f6hnlicher E-Mail-Provider wie Yahoo! Mail oder Gmail erlauben Ihnen, auf einmal unbegrenzt E-Mails zu versenden, sie [&hellip;]<\/p>\n","protected":false},"author":3,"featured_media":0,"parent":0,"menu_order":0,"comment_status":"closed","ping_status":"closed","template":"g1_template_page_sidebar_right.php","meta":[],"yoast_head":"<!-- This site is optimized with the Yoast SEO plugin v16.4 - https:\/\/yoast.com\/wordpress\/plugins\/seo\/ -->\n<meta name=\"robots\" content=\"index, follow, max-snippet:-1, max-image-preview:large, max-video-preview:-1\" \/>\n<link rel=\"canonical\" href=\"https:\/\/serversmtp.com\/de\/versende-unbegrenzt-e-mails\/\" \/>\n<meta property=\"og:locale\" content=\"de_DE\" \/>\n<meta property=\"og:type\" content=\"article\" \/>\n<meta property=\"og:title\" content=\"Wie versende ich unbegrenzt E-Mails? - smtp mail server - professional SMTP service provider\" \/>\n<meta property=\"og:description\" content=\"E-Mail-Marketing hat sich als eine der effektivsten, digitalen Werbetechniken erwiesen, mit seiner Kapazit\u00e4t, ein riesiges Publikum sehr schnell zu erreichen und das bei den niedrigsten Kosten. Darum ist es wichtig, die technischen Aspekte der E-Mail-Zustellung nicht zu untersch\u00e4tzen. Kein gew\u00f6hnlicher E-Mail-Provider wie Yahoo! Mail oder Gmail erlauben Ihnen, auf einmal unbegrenzt E-Mails zu versenden, sie [&hellip;]\" \/>\n<meta property=\"og:url\" content=\"https:\/\/serversmtp.com\/de\/versende-unbegrenzt-e-mails\/\" \/>\n<meta property=\"og:site_name\" content=\"smtp mail server - professional SMTP service provider\" \/>\n<meta property=\"article:modified_time\" content=\"2018-04-21T13:44:51+00:00\" \/>\n<meta name=\"twitter:card\" content=\"summary_large_image\" \/>\n<meta name=\"twitter:label1\" content=\"Gesch\u00e4tzte Lesezeit\" \/>\n\t<meta name=\"twitter:data1\" content=\"1 Minute\" \/>\n<script type=\"application\/ld+json\" class=\"yoast-schema-graph\">{\"@context\":\"https:\/\/schema.org\",\"@graph\":[{\"@type\":\"WebSite\",\"@id\":\"https:\/\/serversmtp.com\/#website\",\"url\":\"https:\/\/serversmtp.com\/\",\"name\":\"smtp mail server - professional SMTP service provider\",\"description\":\"smtp mail server - professional SMTP service provider \",\"potentialAction\":[{\"@type\":\"SearchAction\",\"target\":\"https:\/\/serversmtp.com\/?s={search_term_string}\",\"query-input\":\"required name=search_term_string\"}],\"inLanguage\":\"de-DE\"},{\"@type\":\"WebPage\",\"@id\":\"https:\/\/serversmtp.com\/de\/versende-unbegrenzt-e-mails\/#webpage\",\"url\":\"https:\/\/serversmtp.com\/de\/versende-unbegrenzt-e-mails\/\",\"name\":\"Wie versende ich unbegrenzt E-Mails? - smtp mail server - professional SMTP service provider\",\"isPartOf\":{\"@id\":\"https:\/\/serversmtp.com\/#website\"},\"datePublished\":\"2018-04-21T10:01:31+00:00\",\"dateModified\":\"2018-04-21T13:44:51+00:00\",\"breadcrumb\":{\"@id\":\"https:\/\/serversmtp.com\/de\/versende-unbegrenzt-e-mails\/#breadcrumb\"},\"inLanguage\":\"de-DE\",\"potentialAction\":[{\"@type\":\"ReadAction\",\"target\":[\"https:\/\/serversmtp.com\/de\/versende-unbegrenzt-e-mails\/\"]}]},{\"@type\":\"BreadcrumbList\",\"@id\":\"https:\/\/serversmtp.com\/de\/versende-unbegrenzt-e-mails\/#breadcrumb\",\"itemListElement\":[{\"@type\":\"ListItem\",\"position\":1,\"item\":{\"@type\":\"WebPage\",\"@id\":\"https:\/\/serversmtp.com\/de\/\",\"url\":\"https:\/\/serversmtp.com\/de\/\",\"name\":\"Home\"}},{\"@type\":\"ListItem\",\"position\":2,\"item\":{\"@id\":\"https:\/\/serversmtp.com\/de\/versende-unbegrenzt-e-mails\/#webpage\"}}]}]}<\/script>\n<!-- \/ Yoast SEO plugin. -->","_links":{"self":[{"href":"https:\/\/serversmtp.com\/de\/wp-json\/wp\/v2\/pages\/2865"}],"collection":[{"href":"https:\/\/serversmtp.com\/de\/wp-json\/wp\/v2\/pages"}],"about":[{"href":"https:\/\/serversmtp.com\/de\/wp-json\/wp\/v2\/types\/page"}],"author":[{"embeddable":true,"href":"https:\/\/serversmtp.com\/de\/wp-json\/wp\/v2\/users\/3"}],"replies":[{"embeddable":true,"href":"https:\/\/serversmtp.com\/de\/wp-json\/wp\/v2\/comments?post=2865"}],"version-history":[{"count":1,"href":"https:\/\/serversmtp.com\/de\/wp-json\/wp\/v2\/pages\/2865\/revisions"}],"predecessor-version":[{"id":2866,"href":"https:\/\/serversmtp.com\/de\/wp-json\/wp\/v2\/pages\/2865\/revisions\/2866"}],"wp:attachment":[{"href":"https:\/\/serversmtp.com\/de\/wp-json\/wp\/v2\/media?parent=2865"}],"curies":[{"name":"wp","href":"https:\/\/api.w.org\/{rel}","templated":true}]}}