{"id":2857,"date":"2018-04-21T11:37:56","date_gmt":"2018-04-21T09:37:56","guid":{"rendered":"https:\/\/dev.serversmtp.com\/?page_id=2857"},"modified":"2018-04-21T16:03:06","modified_gmt":"2018-04-21T14:03:06","slug":"server-fur-ausgehende-mails","status":"publish","type":"page","link":"https:\/\/serversmtp.com\/de\/server-fur-ausgehende-mails\/","title":{"rendered":"Server f\u00fcr ausgehende mails"},"content":{"rendered":"<p>Die Auswahl des richtigen <strong>server f\u00fcr ausgehende mails\ufeff<\/strong> (oder&nbsp;<strong>Ausgangsmailserver<\/strong>) ist essentiell, wenn es um E-Mail-Marketing geht, aber nicht nur das. Tatsache ist, dass jedes Mal, wenn Sie eine E-Mail (sogar ein einfacher Einzeiler an einen Kollegen oder einen Freund) senden, Sie sich auf eine solche Maschine verlassen, die auch und noch h\u00e4ufiger <strong>SMTP-Server<\/strong> genannt wird, da sie das SMTP-Protokoll &#8220;spricht&#8221;.<\/p>\n<p>Einfach ausgedr\u00fcckt, k\u00fcmmert sich ein Ausgangsmailserver um den <strong>Auslieferungsprozess Ihrer E-Mails<\/strong>, dem \u00dcbertragen von Ihrem Client oder Webmail-Konto zu einem andern Computer \u2013 dem Eingangsserver \u2013 wo der Empf\u00e4nger sie abholen kann. Es ist mehr oder weniger wie ein <strong>digitaler Brieftr\u00e4ger<\/strong>.<\/p>\n<p>Darum ist es immer notwendig, einen Ausgangsmailserver zu <a title=\"konfiguration smtp\" href=\"\/de\/mailserver-einrichten-smtp\">konfigurieren<\/a>, wenn Sie einen Mail-Client wie Mozilla Thunderbird oder Microsoft Outlook verwenden, den richtigen Servernamen, den richtigen Port und alle anderen Einstellungen vornehmen.<\/p>\n<p>Nur eine kritische Sache: Wenn Sie eine<strong> Massen-E-Mail<\/strong> wie etwa einen <strong>Newsletter<\/strong> oder ein Angebot an eine gro\u00dfe Anzahl von Adressen versenden m\u00fcssen, sollten Sie niemals einen der normalen SMTP-Server verwenden, wie diejenigen, die zu den kostenlosen E-Mail-Providern (Gmail, Yahoo&#8230;) geh\u00f6ren.<\/p>\n<p>Der Grund ist einfach. Da sie nicht daf\u00fcr strukturiert sind, Massenmailings zu handeln, setzen sie bei der Anzahl der Empf\u00e4nger, die Sie per E-Mail verwalten k\u00f6nnen, ein <strong>Limit<\/strong>. Obendrein werden Sie mit Sicherheit <strong>Zustellbarkeitsprobleme<\/strong> bekommen, die \u00fcberwiegende Mehrheit Ihrer Nachrichten wird einfach von den ISPs und den Eingangsservern herausgefiltert.<\/p>\n<p>Daher denken Sie daran: Um mehrere oder Massen-E-Mails zu senden, verlassen Sie sich immer auf einen <strong>professionellen server f\u00fcr ausgehende mails\ufeff<\/strong>&nbsp;wie turboSMTP. Sie k\u00f6nnen sich jetzt anmelden und sofort <a title=\"smtp-service\" href=\"\/de\/signup\">6.000 kostenlose Relays pro Monat erhalten, f\u00fcr immer<\/a>.<\/p>\n","protected":false},"excerpt":{"rendered":"<p>Die Auswahl des richtigen server f\u00fcr ausgehende mails\ufeff (oder&nbsp;Ausgangsmailserver) ist essentiell, wenn es um E-Mail-Marketing geht, aber nicht nur das. Tatsache ist, dass jedes Mal, wenn Sie eine E-Mail (sogar ein einfacher Einzeiler an einen Kollegen oder einen Freund) senden, Sie sich auf eine solche Maschine verlassen, die auch und noch h\u00e4ufiger SMTP-Server genannt wird, &#8230; <\/p>\n<p class=\"read-more-container\"><a title=\"Server f\u00fcr ausgehende mails\" class=\"read-more button\" href=\"https:\/\/serversmtp.com\/de\/server-fur-ausgehende-mails\/#more-2857\" aria-label=\"Mehr Informationen \u00fcber Server f\u00fcr ausgehende mails\">Entdecke mehr<\/a><\/p>\n","protected":false},"author":3,"featured_media":0,"parent":0,"menu_order":0,"comment_status":"closed","ping_status":"closed","template":"g1_template_page_sidebar_right.php","meta":{"_eb_attr":"","inline_featured_image":false,"_monsterinsights_skip_tracking":false,"_monsterinsights_sitenote_active":false,"_monsterinsights_sitenote_note":"","_monsterinsights_sitenote_category":0,"footnotes":""},"class_list":["post-2857","page","type-page","status-publish"],"yoast_head":"<!-- This site is optimized with the Yoast SEO plugin v25.3.1 - https:\/\/yoast.com\/wordpress\/plugins\/seo\/ -->\n<title>Server f\u00fcr ausgehende mails - smtp mail server - professional SMTP service provider<\/title>\n<meta name=\"robots\" content=\"index, follow, max-snippet:-1, max-image-preview:large, max-video-preview:-1\" \/>\n<link rel=\"canonical\" href=\"https:\/\/serversmtp.com\/de\/server-fur-ausgehende-mails\/\" \/>\n<meta name=\"twitter:label1\" content=\"Gesch\u00e4tzte Lesezeit\" \/>\n\t<meta name=\"twitter:data1\" content=\"1\u00a0Minute\" \/>\n<!-- \/ Yoast SEO plugin. -->","yoast_head_json":{"title":"Server f\u00fcr ausgehende mails - smtp mail server - professional SMTP service provider","robots":{"index":"index","follow":"follow","max-snippet":"max-snippet:-1","max-image-preview":"max-image-preview:large","max-video-preview":"max-video-preview:-1"},"canonical":"https:\/\/serversmtp.com\/de\/server-fur-ausgehende-mails\/","twitter_misc":{"Gesch\u00e4tzte Lesezeit":"1\u00a0Minute"},"schema":{"@context":"https:\/\/schema.org","@graph":[{"@type":"WebPage","@id":"https:\/\/serversmtp.com\/de\/server-fur-ausgehende-mails\/","url":"https:\/\/serversmtp.com\/de\/server-fur-ausgehende-mails\/","name":"Server f\u00fcr ausgehende mails - smtp mail server - professional SMTP service provider","isPartOf":{"@id":"https:\/\/serversmtp.com\/it\/#website"},"datePublished":"2018-04-21T09:37:56+00:00","dateModified":"2018-04-21T14:03:06+00:00","breadcrumb":{"@id":"https:\/\/serversmtp.com\/de\/server-fur-ausgehende-mails\/#breadcrumb"},"inLanguage":"de","potentialAction":[{"@type":"ReadAction","target":["https:\/\/serversmtp.com\/de\/server-fur-ausgehende-mails\/"]}]},{"@type":"BreadcrumbList","@id":"https:\/\/serversmtp.com\/de\/server-fur-ausgehende-mails\/#breadcrumb","itemListElement":[{"@type":"ListItem","position":1,"name":"Home","item":"https:\/\/serversmtp.com\/de\/"},{"@type":"ListItem","position":2,"name":"Server f\u00fcr ausgehende mails"}]},{"@type":"WebSite","@id":"https:\/\/serversmtp.com\/it\/#website","url":"https:\/\/serversmtp.com\/it\/","name":"smtp mail server - professional SMTP service provider","description":"smtp mail server - professional SMTP service provider","publisher":{"@id":"https:\/\/serversmtp.com\/it\/#organization"},"potentialAction":[{"@type":"SearchAction","target":{"@type":"EntryPoint","urlTemplate":"https:\/\/serversmtp.com\/it\/?s={search_term_string}"},"query-input":{"@type":"PropertyValueSpecification","valueRequired":true,"valueName":"search_term_string"}}],"inLanguage":"de"},{"@type":"Organization","@id":"https:\/\/serversmtp.com\/it\/#organization","name":"Delivery Tech","url":"https:\/\/serversmtp.com\/it\/","logo":{"@type":"ImageObject","inLanguage":"de","@id":"https:\/\/serversmtp.com\/it\/#\/schema\/logo\/image\/","url":"https:\/\/serversmtp.com\/wp-content\/uploads\/2021\/11\/og-image-2.jpg","contentUrl":"https:\/\/serversmtp.com\/wp-content\/uploads\/2021\/11\/og-image-2.jpg","width":1200,"height":1128,"caption":"Delivery Tech"},"image":{"@id":"https:\/\/serversmtp.com\/it\/#\/schema\/logo\/image\/"}}]}},"_links":{"self":[{"href":"https:\/\/serversmtp.com\/de\/wp-json\/wp\/v2\/pages\/2857"}],"collection":[{"href":"https:\/\/serversmtp.com\/de\/wp-json\/wp\/v2\/pages"}],"about":[{"href":"https:\/\/serversmtp.com\/de\/wp-json\/wp\/v2\/types\/page"}],"author":[{"embeddable":true,"href":"https:\/\/serversmtp.com\/de\/wp-json\/wp\/v2\/users\/3"}],"replies":[{"embeddable":true,"href":"https:\/\/serversmtp.com\/de\/wp-json\/wp\/v2\/comments?post=2857"}],"version-history":[{"count":1,"href":"https:\/\/serversmtp.com\/de\/wp-json\/wp\/v2\/pages\/2857\/revisions"}],"predecessor-version":[{"id":2858,"href":"https:\/\/serversmtp.com\/de\/wp-json\/wp\/v2\/pages\/2857\/revisions\/2858"}],"wp:attachment":[{"href":"https:\/\/serversmtp.com\/de\/wp-json\/wp\/v2\/media?parent=2857"}],"curies":[{"name":"wp","href":"https:\/\/api.w.org\/{rel}","templated":true}]}}