{"id":2855,"date":"2018-04-21T11:25:21","date_gmt":"2018-04-21T09:25:21","guid":{"rendered":"https:\/\/dev.serversmtp.com\/?page_id=2855"},"modified":"2025-10-22T14:08:57","modified_gmt":"2025-10-22T12:08:57","slug":"mailserver-einrichten-smtp","status":"publish","type":"page","link":"https:\/\/serversmtp.com\/de\/mailserver-einrichten-smtp\/","title":{"rendered":"SMTP mailserver einrichten"},"content":{"rendered":"<p>Um einen <strong>E-Mail-Client<\/strong> einzurichten ist es notwendig, einen <strong>SMTP-Server zu konfigurieren<\/strong>, der sich um die Zustellung Ihrer E-Mails k\u00fcmmern wird. Gl\u00fccklicherweise ist die Konfiguration von SMTP-Servern allgemein sehr leicht \u2013 Sie m\u00fcssen nur Ihre E-Mail-Software \u00f6ffnen und die richtigen <strong>SMTP-Parameter<\/strong> im Konfigurationsfenster hinzuf\u00fcgen.<\/p>\n<p>Denken Sie jedoch daran, dass die Verwendung eines Standard-SMTP \u2013 der, welcher mit Ihrem kostenlosen E-Mail-Provider wie etwa Yahoo, Hotmail oder Gmail verbunden ist \u2013 <strong>nicht die korrekte Zustellung<\/strong> all Ihrer E-Mails sicherstellt (insbesondere, wenn Sie an eine gro\u00dfe Anzahl von Empf\u00e4ngern versenden).<\/p>\n<p>Darum empfehlen wir die Auswahl eines <strong>professionellen SMTP-Services<\/strong>: Bei turboSMTP k\u00f6nnen Sie sich <a title=\"smtp server\" href=\"\/de\/signup\">registrieren und lebenslang ein Paket von 6.000 kostenlosen Relays pro Monat<\/a> erhalten, dann w\u00e4hlen Sie das Angebot, welches am besten zu Ihnen passt.<\/p>\n<p>Und hier ist der Standardvorgang der <strong>SMTP mailserver einrichten<\/strong> in vier Schritten:<\/p>\n<p><strong>1.<\/strong> W\u00e4hlen Sie den Dialog &#8220;Kontoeinstellungen&#8221; in Ihrem E-Mail-Client, allgemein im &#8220;Werkzeuge&#8221;-Men\u00fc.<\/p>\n<p><strong>2.<\/strong> W\u00e4hlen Sie den &#8220;Ausgangsserver (SMTP)&#8221; Dialog<\/p>\n<p><strong>3.<\/strong> Dr\u00fccken sie den &#8220;Hinzuf\u00fcgen&#8221;-Button, um einen neuen SMTP einzurichten. Ein Popup-Fenster wird erscheinen.<\/p>\n<p><img decoding=\"async\" class=\"aligncenter wp-image-2841 size-full\" src=\"https:\/\/serversmtp.com\/wp-content\/uploads\/2018\/04\/smtp-server-konfiguration.gif\" alt=\"\" width=\"350\" height=\"286\" \/><\/p>\n<p><strong>4.<\/strong> Nun f\u00fcllen Sie die Felder wie folgt:<\/p>\n<ul>\n<li><strong>Beschreibung<\/strong>: Ein informeller Name, den Sie sich aussuchen, um den Server zu identifizieren (am besten den des E-Mail-Providers verwenden, wie Gmail oder Yahoo).<\/li>\n<li><strong>Server<\/strong>: Die eigentliche Angabe des SMTP-Servers. Die k\u00f6nnen Sie entweder auf der Webseite Ihres Providers suchen oder Sie finden diese in unserer Liste der POP- und SMTP-Server.<\/li>\n<li><strong>Port<\/strong>: \u00dcblicherweise arbeitet SMTP mit Port 25, aber wie der Screenshot zeigt, kann dieser auch mit 587 arbeiten. F\u00fcr weitere Informationen lesen Sie unseren Artikel \u00fcber SMTP-Ports.<\/li>\n<li><strong>Verbindungssicherheit<\/strong>: Die SMTP-E-Mail-\u00dcbertragung bietet an sich keine Verschl\u00fcsselung. Wenn Sie Ihre Verbindung also sicherer machen wollen, ist es eine gute Wahl, eine STARTTLS oder SSL\/TLS-Erweiterung zu verwenden, die einen separaten Port f\u00fcr die verschl\u00fcsselte Kommunikation verwenden.<\/li>\n<li><strong>Authentifikationsmethode<\/strong>: Hier gibt es eine bestimmte Anzahl von Methoden (Passwort, CRAM-MD5, KERBEROS etc.).<\/li>\n<li><strong>Benutzername<\/strong>: Ihre E-Mail-Adresse (wenn Sie turboSMTP verwenden, m\u00fcssen Sie stattdessen Ihren Consumer Key eingeben \u2014 <a href=\"https:\/\/serversmtp.com\/de\/was-sind-api-schluessel-und-wie-erstellt-man-sie-mit-turbosmtp-ein-kompletter-leitfaden\/\" title=\"Wie Sie Ihre API-Keys erstellen\" target=\"_blank\" rel=\"noopener\">siehe wie Sie Ihre API-Keys erstellen<\/a>).<\/li>\n<\/ul>\n","protected":false},"excerpt":{"rendered":"<p>Um einen E-Mail-Client einzurichten ist es notwendig, einen SMTP-Server zu konfigurieren, der sich um die Zustellung Ihrer E-Mails k\u00fcmmern wird. Gl\u00fccklicherweise ist die Konfiguration von SMTP-Servern allgemein sehr leicht \u2013 Sie m\u00fcssen nur Ihre E-Mail-Software \u00f6ffnen und die richtigen SMTP-Parameter im Konfigurationsfenster hinzuf\u00fcgen. Denken Sie jedoch daran, dass die Verwendung eines Standard-SMTP \u2013 der, welcher &#8230; <\/p>\n<p class=\"read-more-container\"><a title=\"SMTP mailserver einrichten\" class=\"read-more button\" href=\"https:\/\/serversmtp.com\/de\/mailserver-einrichten-smtp\/#more-2855\" aria-label=\"Mehr Informationen \u00fcber SMTP mailserver einrichten\">Entdecke mehr<\/a><\/p>\n","protected":false},"author":3,"featured_media":0,"parent":0,"menu_order":0,"comment_status":"closed","ping_status":"closed","template":"","meta":{"_eb_attr":"","inline_featured_image":false,"_monsterinsights_skip_tracking":false,"_monsterinsights_sitenote_active":false,"_monsterinsights_sitenote_note":"","_monsterinsights_sitenote_category":0,"footnotes":""},"class_list":["post-2855","page","type-page","status-publish"],"yoast_head":"<!-- This site is optimized with the Yoast SEO plugin v25.3.1 - https:\/\/yoast.com\/wordpress\/plugins\/seo\/ -->\n<title>SMTP mailserver einrichten - smtp mail server - professional SMTP service provider<\/title>\n<meta name=\"robots\" content=\"index, follow, max-snippet:-1, max-image-preview:large, max-video-preview:-1\" \/>\n<link rel=\"canonical\" href=\"https:\/\/serversmtp.com\/de\/mailserver-einrichten-smtp\/\" \/>\n<meta name=\"twitter:label1\" content=\"Gesch\u00e4tzte Lesezeit\" \/>\n\t<meta name=\"twitter:data1\" content=\"2\u00a0Minuten\" \/>\n<!-- \/ Yoast SEO plugin. -->","yoast_head_json":{"title":"SMTP mailserver einrichten - smtp mail server - professional SMTP service provider","robots":{"index":"index","follow":"follow","max-snippet":"max-snippet:-1","max-image-preview":"max-image-preview:large","max-video-preview":"max-video-preview:-1"},"canonical":"https:\/\/serversmtp.com\/de\/mailserver-einrichten-smtp\/","twitter_misc":{"Gesch\u00e4tzte Lesezeit":"2\u00a0Minuten"},"schema":{"@context":"https:\/\/schema.org","@graph":[{"@type":"WebPage","@id":"https:\/\/serversmtp.com\/de\/mailserver-einrichten-smtp\/","url":"https:\/\/serversmtp.com\/de\/mailserver-einrichten-smtp\/","name":"SMTP mailserver einrichten - smtp mail server - professional SMTP service provider","isPartOf":{"@id":"https:\/\/serversmtp.com\/#website"},"primaryImageOfPage":{"@id":"https:\/\/serversmtp.com\/de\/mailserver-einrichten-smtp\/#primaryimage"},"image":{"@id":"https:\/\/serversmtp.com\/de\/mailserver-einrichten-smtp\/#primaryimage"},"thumbnailUrl":"https:\/\/serversmtp.com\/wp-content\/uploads\/2018\/04\/smtp-server-konfiguration.gif","datePublished":"2018-04-21T09:25:21+00:00","dateModified":"2025-10-22T12:08:57+00:00","breadcrumb":{"@id":"https:\/\/serversmtp.com\/de\/mailserver-einrichten-smtp\/#breadcrumb"},"inLanguage":"de","potentialAction":[{"@type":"ReadAction","target":["https:\/\/serversmtp.com\/de\/mailserver-einrichten-smtp\/"]}]},{"@type":"ImageObject","inLanguage":"de","@id":"https:\/\/serversmtp.com\/de\/mailserver-einrichten-smtp\/#primaryimage","url":"https:\/\/serversmtp.com\/wp-content\/uploads\/2018\/04\/smtp-server-konfiguration.gif","contentUrl":"https:\/\/serversmtp.com\/wp-content\/uploads\/2018\/04\/smtp-server-konfiguration.gif"},{"@type":"BreadcrumbList","@id":"https:\/\/serversmtp.com\/de\/mailserver-einrichten-smtp\/#breadcrumb","itemListElement":[{"@type":"ListItem","position":1,"name":"Home","item":"https:\/\/serversmtp.com\/de\/"},{"@type":"ListItem","position":2,"name":"SMTP mailserver einrichten"}]},{"@type":"WebSite","@id":"https:\/\/serversmtp.com\/#website","url":"https:\/\/serversmtp.com\/","name":"smtp mail server - professional SMTP service provider","description":"smtp mail server - professional SMTP service provider","publisher":{"@id":"https:\/\/serversmtp.com\/#organization"},"potentialAction":[{"@type":"SearchAction","target":{"@type":"EntryPoint","urlTemplate":"https:\/\/serversmtp.com\/?s={search_term_string}"},"query-input":{"@type":"PropertyValueSpecification","valueRequired":true,"valueName":"search_term_string"}}],"inLanguage":"de"},{"@type":"Organization","@id":"https:\/\/serversmtp.com\/#organization","name":"Delivery Tech","url":"https:\/\/serversmtp.com\/","logo":{"@type":"ImageObject","inLanguage":"de","@id":"https:\/\/serversmtp.com\/#\/schema\/logo\/image\/","url":"https:\/\/serversmtp.com\/wp-content\/uploads\/2021\/11\/og-image-2.jpg","contentUrl":"https:\/\/serversmtp.com\/wp-content\/uploads\/2021\/11\/og-image-2.jpg","width":1200,"height":1128,"caption":"Delivery Tech"},"image":{"@id":"https:\/\/serversmtp.com\/#\/schema\/logo\/image\/"}}]}},"_links":{"self":[{"href":"https:\/\/serversmtp.com\/de\/wp-json\/wp\/v2\/pages\/2855"}],"collection":[{"href":"https:\/\/serversmtp.com\/de\/wp-json\/wp\/v2\/pages"}],"about":[{"href":"https:\/\/serversmtp.com\/de\/wp-json\/wp\/v2\/types\/page"}],"author":[{"embeddable":true,"href":"https:\/\/serversmtp.com\/de\/wp-json\/wp\/v2\/users\/3"}],"replies":[{"embeddable":true,"href":"https:\/\/serversmtp.com\/de\/wp-json\/wp\/v2\/comments?post=2855"}],"version-history":[{"count":3,"href":"https:\/\/serversmtp.com\/de\/wp-json\/wp\/v2\/pages\/2855\/revisions"}],"predecessor-version":[{"id":22526,"href":"https:\/\/serversmtp.com\/de\/wp-json\/wp\/v2\/pages\/2855\/revisions\/22526"}],"wp:attachment":[{"href":"https:\/\/serversmtp.com\/de\/wp-json\/wp\/v2\/media?parent=2855"}],"curies":[{"name":"wp","href":"https:\/\/api.w.org\/{rel}","templated":true}]}}