{"id":2852,"date":"2018-04-21T11:13:44","date_gmt":"2018-04-21T09:13:44","guid":{"rendered":"https:\/\/dev.serversmtp.com\/?page_id=2852"},"modified":"2025-10-22T14:03:40","modified_gmt":"2025-10-22T12:03:40","slug":"smtp-authentifizierung","status":"publish","type":"page","link":"https:\/\/serversmtp.com\/de\/smtp-authentifizierung\/","title":{"rendered":"SMTP authentifizierung"},"content":{"rendered":"<p><strong>SMTP<\/strong> (steht f\u00fcr Simple Mail Transfer Protocol) kam urspr\u00fcnglich ohne irgendeine Form von <strong>Authentifikationsprozess<\/strong> daher. Darum wurde in 1999 von J. Myers bei Netscape Communications ein SMTP-Authentifikationsschema entwickelt.<\/p>\n<p>Was sind die Vorteile von solch einem Authentifikationsvorgang? Im Grunde f\u00fcgt es eine Erweiterung hinzu, die Ihre Mailings sichert. Entweder nach einem bestimmten Protokoll (CRAM-MD5, KERBEROS&#8230;) oder mit einem &#8220;<strong>POP vor SMTP<\/strong>&#8221; genannten Hack. (Beachten Sie, dass ein kostenloser Server das Passwortfeld leer l\u00e4sst, w\u00e4hrend ein <strong><a title=\"professionelle smtp-service\" href=\"\/de\/signup\">professioneller SMTP-Service<\/a><\/strong> automatisch gesch\u00fctzt ist.)<\/p>\n<p>Pers\u00f6nliche E-Mails k\u00f6nnen auch ohne Authentifikation gesendet werden, aber dieser Mangel an Sicherheit ist gef\u00e4hrlich, sobald es um <strong>Massen-E-Mails<\/strong> geht und ebenso kann der Bedarf nach einer Sicherheitsschicht auch mit einer Fehlermeldung wie &#8220;Authentifikation erforderlich&#8221; angefordert werden.<\/p>\n<p>Also, wie konfiguriert man eine <strong>SMTP-Authentifikation<\/strong>? Dieser Vorgang ist einfach. Sie m\u00fcssen Ihren Mail-Client \u00f6ffnen, zum Bereich der SMTP-Konfiguration gehen und die Option &#8220;Authentifikation erforderlich&#8221; markieren. Dann w\u00e4hlen Sie den bevorzugten Typ, setzen einen Usernamen und ein Passwort ein und stellen Ihren Server Port auf 587 (empfohlen) (wenn Sie turboSMTP verwenden, m\u00fcssen Sie stattdessen Ihren Consumer Key und Consumer Secret eingeben \u2014 <a href=\"https:\/\/serversmtp.com\/de\/was-sind-api-schluessel-und-wie-erstellt-man-sie-mit-turbosmtp-ein-kompletter-leitfaden\/\" title=\"Wie Sie Ihre API-Keys erstellen\" target=\"_blank\" rel=\"noopener\">siehe wie Sie Ihre API-Keys erstellen<\/a>).<\/p>\n","protected":false},"excerpt":{"rendered":"<p>SMTP (steht f\u00fcr Simple Mail Transfer Protocol) kam urspr\u00fcnglich ohne irgendeine Form von Authentifikationsprozess daher. Darum wurde in 1999 von J. Myers bei Netscape Communications ein SMTP-Authentifikationsschema entwickelt. Was sind die Vorteile von solch einem Authentifikationsvorgang? Im Grunde f\u00fcgt es eine Erweiterung hinzu, die Ihre Mailings sichert. Entweder nach einem bestimmten Protokoll (CRAM-MD5, KERBEROS&#8230;) oder &#8230; <\/p>\n<p class=\"read-more-container\"><a title=\"SMTP authentifizierung\" class=\"read-more button\" href=\"https:\/\/serversmtp.com\/de\/smtp-authentifizierung\/#more-2852\" aria-label=\"Mehr Informationen \u00fcber SMTP authentifizierung\">Entdecke mehr<\/a><\/p>\n","protected":false},"author":3,"featured_media":0,"parent":0,"menu_order":0,"comment_status":"closed","ping_status":"closed","template":"","meta":{"_eb_attr":"","inline_featured_image":false,"_monsterinsights_skip_tracking":false,"_monsterinsights_sitenote_active":false,"_monsterinsights_sitenote_note":"","_monsterinsights_sitenote_category":0,"footnotes":""},"class_list":["post-2852","page","type-page","status-publish"],"yoast_head":"<!-- This site is optimized with the Yoast SEO plugin v25.3.1 - https:\/\/yoast.com\/wordpress\/plugins\/seo\/ -->\n<title>SMTP authentifizierung - smtp mail server - professional SMTP service provider<\/title>\n<meta name=\"robots\" content=\"index, follow, max-snippet:-1, max-image-preview:large, max-video-preview:-1\" \/>\n<link rel=\"canonical\" href=\"https:\/\/serversmtp.com\/de\/smtp-authentifizierung\/\" \/>\n<meta name=\"twitter:label1\" content=\"Gesch\u00e4tzte Lesezeit\" \/>\n\t<meta name=\"twitter:data1\" content=\"1\u00a0Minute\" \/>\n<!-- \/ Yoast SEO plugin. -->","yoast_head_json":{"title":"SMTP authentifizierung - smtp mail server - professional SMTP service provider","robots":{"index":"index","follow":"follow","max-snippet":"max-snippet:-1","max-image-preview":"max-image-preview:large","max-video-preview":"max-video-preview:-1"},"canonical":"https:\/\/serversmtp.com\/de\/smtp-authentifizierung\/","twitter_misc":{"Gesch\u00e4tzte Lesezeit":"1\u00a0Minute"},"schema":{"@context":"https:\/\/schema.org","@graph":[{"@type":"WebPage","@id":"https:\/\/serversmtp.com\/de\/smtp-authentifizierung\/","url":"https:\/\/serversmtp.com\/de\/smtp-authentifizierung\/","name":"SMTP authentifizierung - smtp mail server - professional SMTP service provider","isPartOf":{"@id":"https:\/\/serversmtp.com\/#website"},"datePublished":"2018-04-21T09:13:44+00:00","dateModified":"2025-10-22T12:03:40+00:00","breadcrumb":{"@id":"https:\/\/serversmtp.com\/de\/smtp-authentifizierung\/#breadcrumb"},"inLanguage":"de","potentialAction":[{"@type":"ReadAction","target":["https:\/\/serversmtp.com\/de\/smtp-authentifizierung\/"]}]},{"@type":"BreadcrumbList","@id":"https:\/\/serversmtp.com\/de\/smtp-authentifizierung\/#breadcrumb","itemListElement":[{"@type":"ListItem","position":1,"name":"Home","item":"https:\/\/serversmtp.com\/de\/"},{"@type":"ListItem","position":2,"name":"SMTP authentifizierung"}]},{"@type":"WebSite","@id":"https:\/\/serversmtp.com\/#website","url":"https:\/\/serversmtp.com\/","name":"smtp mail server - professional SMTP service provider","description":"smtp mail server - professional SMTP service provider","publisher":{"@id":"https:\/\/serversmtp.com\/#organization"},"potentialAction":[{"@type":"SearchAction","target":{"@type":"EntryPoint","urlTemplate":"https:\/\/serversmtp.com\/?s={search_term_string}"},"query-input":{"@type":"PropertyValueSpecification","valueRequired":true,"valueName":"search_term_string"}}],"inLanguage":"de"},{"@type":"Organization","@id":"https:\/\/serversmtp.com\/#organization","name":"Delivery Tech","url":"https:\/\/serversmtp.com\/","logo":{"@type":"ImageObject","inLanguage":"de","@id":"https:\/\/serversmtp.com\/#\/schema\/logo\/image\/","url":"https:\/\/serversmtp.com\/wp-content\/uploads\/2021\/11\/og-image-2.jpg","contentUrl":"https:\/\/serversmtp.com\/wp-content\/uploads\/2021\/11\/og-image-2.jpg","width":1200,"height":1128,"caption":"Delivery Tech"},"image":{"@id":"https:\/\/serversmtp.com\/#\/schema\/logo\/image\/"}}]}},"_links":{"self":[{"href":"https:\/\/serversmtp.com\/de\/wp-json\/wp\/v2\/pages\/2852"}],"collection":[{"href":"https:\/\/serversmtp.com\/de\/wp-json\/wp\/v2\/pages"}],"about":[{"href":"https:\/\/serversmtp.com\/de\/wp-json\/wp\/v2\/types\/page"}],"author":[{"embeddable":true,"href":"https:\/\/serversmtp.com\/de\/wp-json\/wp\/v2\/users\/3"}],"replies":[{"embeddable":true,"href":"https:\/\/serversmtp.com\/de\/wp-json\/wp\/v2\/comments?post=2852"}],"version-history":[{"count":4,"href":"https:\/\/serversmtp.com\/de\/wp-json\/wp\/v2\/pages\/2852\/revisions"}],"predecessor-version":[{"id":22522,"href":"https:\/\/serversmtp.com\/de\/wp-json\/wp\/v2\/pages\/2852\/revisions\/22522"}],"wp:attachment":[{"href":"https:\/\/serversmtp.com\/de\/wp-json\/wp\/v2\/media?parent=2852"}],"curies":[{"name":"wp","href":"https:\/\/api.w.org\/{rel}","templated":true}]}}