{"id":2846,"date":"2018-04-21T10:42:34","date_gmt":"2018-04-21T08:42:34","guid":{"rendered":"https:\/\/dev.serversmtp.com\/?page_id=2846"},"modified":"2018-04-21T16:00:17","modified_gmt":"2018-04-21T14:00:17","slug":"smtp-t-online","status":"publish","type":"page","link":"https:\/\/serversmtp.com\/de\/smtp-t-online\/","title":{"rendered":"SMTP T-Online"},"content":{"rendered":"<p>Sie k\u00f6nnen Ihr <strong>T-Online account<\/strong> um E-Mails auch von einem Client wie Thunderbird oder Outlook senden besch\u00e4ftigt<strong> T-Online eigenen SMTP-Server<\/strong>.<\/p>\n<p>Der Setup-Prozess ist extrem einfach.<\/p>\n<p>Sie m\u00fcssen nur das Konfigurationsfenster zu \u00f6ffnen:<\/p>\n<p><img decoding=\"async\" class=\"aligncenter wp-image-2841 size-full\" src=\"https:\/\/serversmtp.com\/wp-content\/uploads\/2018\/04\/smtp-server-konfiguration.gif\" alt=\"\" width=\"350\" height=\"286\" \/><br \/>\nund f\u00fcllen Sie die Felder mit <strong>T-Online SMTP-Servereinstellungen<\/strong>, die da lauten:<span style=\"font-size: 1.2em;\">.<\/span><\/p>\n<ul>\n<li><strong>T-Online SMTP Servername<\/strong>: secureimap.t-online.de<\/li>\n<li><strong>T-Online SMTP-Benutzername<\/strong>: Ihre T-Online-Adresse<\/li>\n<li><strong>T-Online SMTP-Passwort<\/strong> : Ihr T-Online\u00a0Passwort<\/li>\n<li><strong>T-Online SMTP-Port<\/strong>: 465<\/li>\n<\/ul>\n<p>Das ist es. F\u00fcr weitere Informationen k\u00f6nnen Sie unsere Artikel \u00fcber <strong><a title=\"smtp einrichten\" href=\"\/de\/mailserver-einrichten-smtp\">SMTP-Konfiguration<\/a><\/strong> lesen.<\/p>\n<p>Denken Sie nur daran, dass, wenn Sie eine <strong>Massen-Email<\/strong> zu einer gro\u00dfen Liste der Konten senden m\u00fcssen &#8211; ein Newsletter-Kampagne, zum Beispiel &#8211; Sie sollten auf jeden Fall auf einen <strong>dedizierten Server<\/strong> f\u00fcr ausgehende wie turboSMTP wechseln.<\/p>\n<p>turboSMTP erm\u00f6glicht Ihnen die einfache Verwaltung Ihrer Mailings und unbegrenzt Nachrichten zu senden: und vor allem garantiert es die h\u00f6chste F\u00f6rderleistung. Sie k\u00f6nnen <a title=\"smtp-service\" href=\"\/de\/signup\">abonnieren und erhalten sofort 6.000 freie Relais pro Monat, f\u00fcr immer<\/a>.<\/p>\n","protected":false},"excerpt":{"rendered":"<p>Sie k\u00f6nnen Ihr T-Online account um E-Mails auch von einem Client wie Thunderbird oder Outlook senden besch\u00e4ftigt T-Online eigenen SMTP-Server. Der Setup-Prozess ist extrem einfach. Sie m\u00fcssen nur das Konfigurationsfenster zu \u00f6ffnen: und f\u00fcllen Sie die Felder mit T-Online SMTP-Servereinstellungen, die da lauten:. T-Online SMTP Servername: secureimap.t-online.de T-Online SMTP-Benutzername: Ihre T-Online-Adresse T-Online SMTP-Passwort : Ihr &#8230; <\/p>\n<p class=\"read-more-container\"><a title=\"SMTP T-Online\" class=\"read-more button\" href=\"https:\/\/serversmtp.com\/de\/smtp-t-online\/#more-2846\" aria-label=\"Mehr Informationen \u00fcber SMTP T-Online\">Entdecke mehr<\/a><\/p>\n","protected":false},"author":3,"featured_media":0,"parent":0,"menu_order":0,"comment_status":"closed","ping_status":"closed","template":"g1_template_page_sidebar_right.php","meta":{"_eb_attr":"","inline_featured_image":false,"_monsterinsights_skip_tracking":false,"_monsterinsights_sitenote_active":false,"_monsterinsights_sitenote_note":"","_monsterinsights_sitenote_category":0,"footnotes":""},"class_list":["post-2846","page","type-page","status-publish"],"yoast_head":"<!-- This site is optimized with the Yoast SEO plugin v25.3.1 - https:\/\/yoast.com\/wordpress\/plugins\/seo\/ -->\n<title>SMTP T-Online - smtp mail server - professional SMTP service provider<\/title>\n<meta name=\"robots\" content=\"index, follow, max-snippet:-1, max-image-preview:large, max-video-preview:-1\" \/>\n<link rel=\"canonical\" href=\"https:\/\/serversmtp.com\/de\/smtp-t-online\/\" \/>\n<meta name=\"twitter:label1\" content=\"Gesch\u00e4tzte Lesezeit\" \/>\n\t<meta name=\"twitter:data1\" content=\"1\u00a0Minute\" \/>\n<!-- \/ Yoast SEO plugin. -->","yoast_head_json":{"title":"SMTP T-Online - smtp mail server - professional SMTP service provider","robots":{"index":"index","follow":"follow","max-snippet":"max-snippet:-1","max-image-preview":"max-image-preview:large","max-video-preview":"max-video-preview:-1"},"canonical":"https:\/\/serversmtp.com\/de\/smtp-t-online\/","twitter_misc":{"Gesch\u00e4tzte Lesezeit":"1\u00a0Minute"},"schema":{"@context":"https:\/\/schema.org","@graph":[{"@type":"WebPage","@id":"https:\/\/serversmtp.com\/de\/smtp-t-online\/","url":"https:\/\/serversmtp.com\/de\/smtp-t-online\/","name":"SMTP T-Online - smtp mail server - professional SMTP service provider","isPartOf":{"@id":"https:\/\/serversmtp.com\/#website"},"primaryImageOfPage":{"@id":"https:\/\/serversmtp.com\/de\/smtp-t-online\/#primaryimage"},"image":{"@id":"https:\/\/serversmtp.com\/de\/smtp-t-online\/#primaryimage"},"thumbnailUrl":"https:\/\/serversmtp.com\/wp-content\/uploads\/2018\/04\/smtp-server-konfiguration.gif","datePublished":"2018-04-21T08:42:34+00:00","dateModified":"2018-04-21T14:00:17+00:00","breadcrumb":{"@id":"https:\/\/serversmtp.com\/de\/smtp-t-online\/#breadcrumb"},"inLanguage":"de","potentialAction":[{"@type":"ReadAction","target":["https:\/\/serversmtp.com\/de\/smtp-t-online\/"]}]},{"@type":"ImageObject","inLanguage":"de","@id":"https:\/\/serversmtp.com\/de\/smtp-t-online\/#primaryimage","url":"https:\/\/serversmtp.com\/wp-content\/uploads\/2018\/04\/smtp-server-konfiguration.gif","contentUrl":"https:\/\/serversmtp.com\/wp-content\/uploads\/2018\/04\/smtp-server-konfiguration.gif"},{"@type":"BreadcrumbList","@id":"https:\/\/serversmtp.com\/de\/smtp-t-online\/#breadcrumb","itemListElement":[{"@type":"ListItem","position":1,"name":"Home","item":"https:\/\/serversmtp.com\/de\/"},{"@type":"ListItem","position":2,"name":"SMTP T-Online"}]},{"@type":"WebSite","@id":"https:\/\/serversmtp.com\/#website","url":"https:\/\/serversmtp.com\/","name":"smtp mail server - professional SMTP service provider","description":"smtp mail server - professional SMTP service provider","publisher":{"@id":"https:\/\/serversmtp.com\/#organization"},"potentialAction":[{"@type":"SearchAction","target":{"@type":"EntryPoint","urlTemplate":"https:\/\/serversmtp.com\/?s={search_term_string}"},"query-input":{"@type":"PropertyValueSpecification","valueRequired":true,"valueName":"search_term_string"}}],"inLanguage":"de"},{"@type":"Organization","@id":"https:\/\/serversmtp.com\/#organization","name":"Delivery Tech","url":"https:\/\/serversmtp.com\/","logo":{"@type":"ImageObject","inLanguage":"de","@id":"https:\/\/serversmtp.com\/#\/schema\/logo\/image\/","url":"https:\/\/serversmtp.com\/wp-content\/uploads\/2021\/11\/og-image-2.jpg","contentUrl":"https:\/\/serversmtp.com\/wp-content\/uploads\/2021\/11\/og-image-2.jpg","width":1200,"height":1128,"caption":"Delivery Tech"},"image":{"@id":"https:\/\/serversmtp.com\/#\/schema\/logo\/image\/"}}]}},"_links":{"self":[{"href":"https:\/\/serversmtp.com\/de\/wp-json\/wp\/v2\/pages\/2846"}],"collection":[{"href":"https:\/\/serversmtp.com\/de\/wp-json\/wp\/v2\/pages"}],"about":[{"href":"https:\/\/serversmtp.com\/de\/wp-json\/wp\/v2\/types\/page"}],"author":[{"embeddable":true,"href":"https:\/\/serversmtp.com\/de\/wp-json\/wp\/v2\/users\/3"}],"replies":[{"embeddable":true,"href":"https:\/\/serversmtp.com\/de\/wp-json\/wp\/v2\/comments?post=2846"}],"version-history":[{"count":2,"href":"https:\/\/serversmtp.com\/de\/wp-json\/wp\/v2\/pages\/2846\/revisions"}],"predecessor-version":[{"id":2848,"href":"https:\/\/serversmtp.com\/de\/wp-json\/wp\/v2\/pages\/2846\/revisions\/2848"}],"wp:attachment":[{"href":"https:\/\/serversmtp.com\/de\/wp-json\/wp\/v2\/media?parent=2846"}],"curies":[{"name":"wp","href":"https:\/\/api.w.org\/{rel}","templated":true}]}}