{"id":2843,"date":"2018-04-21T10:39:55","date_gmt":"2018-04-21T08:39:55","guid":{"rendered":"https:\/\/dev.serversmtp.com\/?page_id=2843"},"modified":"2022-02-10T16:45:27","modified_gmt":"2022-02-10T15:45:27","slug":"hotmail-smtp-konfiguration","status":"publish","type":"page","link":"https:\/\/serversmtp.com\/de\/hotmail-smtp-konfiguration\/","title":{"rendered":"Hotmail SMTP Konfiguration"},"content":{"rendered":"<p>Webmail-Dienste wie <strong>Hotmail<\/strong> sind gro\u00dfartig, um Ihren E-Mail-Account online zu checken, aber Sie wollen auf Ihren Posteingang vielleicht mit einer Desktop-Software wie Mozilla Thunderbird oder Microsoft Outlook zugreifen. Tatsache ist, dass ein <strong>Mail-Client<\/strong> praktischer sein kann und mehr Werkzeuge zur Kontenverwaltung bietet.<\/p>\n<p>Um dies zu tun ist es notwendig, <strong>Hotmails SMTP-Einstellungen<\/strong> zu \u00fcbernehmen. Was sehr einfach ist, aber&#8230;<\/p>\n<p>ungl\u00fccklicherweise setzt Hotmails eigener SMTP ein <strong>Limit f\u00fcr ausgehende E-Mails<\/strong>, um Spammer davon abzuhalten, diesen zu ihrem Vorteil zu nutzen und das Funktionieren ihrer geteilten IPs ohne E-Mail-Warteschlangen zu verbessern \u2013 somit k\u00f6nnen Sie ein Maximum von <strong>300 Nachrichten pro Tag senden und bis zu 100 Empf\u00e4nger je Nachricht verwalten<\/strong>.<\/p>\n<p>Wenn Sie also eine E-Mail-Marketing-Kampagne einrichten oder mehr Relays ben\u00f6tigen, sollten Sie sich auf einen <strong>professionellen Versendeservice verlassen<\/strong>, der es Ihnen erm\u00f6glicht, unbegrenzt Nachrichten zu versenden. Im Besonderen bietet Ihnen turboSMTP <a title=\"smtp server\" href=\"\/de\/signup\">6000 kostenlose E-Mails pro Monat, f\u00fcr immer<\/a>.<\/p>\n<p>Nachdem das gesagt ist, hier die <strong>Einrichtung von Hotmails SMTP Server<\/strong>: Sie m\u00fcssen nur das Konfigurationsfeld in Ihrer Anwendung \u00f6ffnen und die Windows Live \/ Hotmail SMTP-Daten eintragen:<\/p>\n<p><img decoding=\"async\" class=\"aligncenter wp-image-2841 size-full\" src=\"https:\/\/serversmtp.com\/wp-content\/uploads\/2018\/04\/smtp-server-konfiguration.gif\" alt=\"\" width=\"350\" height=\"286\" \/><\/p>\n<ul>\n<li><strong>Hotmail SMTP Servername<\/strong>: smtp.live.com<\/li>\n<li><strong>Hotmail SMTP Benutzername<\/strong>: Ihr Hotmail-Account<\/li>\n<li><strong>Hotmail SMTP Passwort<\/strong>: Ihr Hotmail-Passwort<\/li>\n<li><strong>Hotmail SMTP Port<\/strong>: 25 oder 465<\/li>\n<\/ul>\n<p>Dann k\u00f6nnen Sie Ihre Sicherheits- und Authentifikationsoptionen w\u00e4hlen. Weitere Informationen finden Sie in unserem Artikel \u00fcber <a title=\"smtp einrichten\" href=\"\/de\/mailserver-einrichten-smtp\">SMTP-Konfiguration<\/a>.<\/p>\n<p>Und das war\u00b4s!<\/p>\n","protected":false},"excerpt":{"rendered":"<p>Webmail-Dienste wie Hotmail sind gro\u00dfartig, um Ihren E-Mail-Account online zu checken, aber Sie wollen auf Ihren Posteingang vielleicht mit einer Desktop-Software wie Mozilla Thunderbird oder Microsoft Outlook zugreifen. Tatsache ist, dass ein Mail-Client praktischer sein kann und mehr Werkzeuge zur Kontenverwaltung bietet. Um dies zu tun ist es notwendig, Hotmails SMTP-Einstellungen zu \u00fcbernehmen. Was sehr &#8230; <\/p>\n<p class=\"read-more-container\"><a title=\"Hotmail SMTP Konfiguration\" class=\"read-more button\" href=\"https:\/\/serversmtp.com\/de\/hotmail-smtp-konfiguration\/#more-2843\" aria-label=\"Mehr Informationen \u00fcber Hotmail SMTP Konfiguration\">Entdecke mehr<\/a><\/p>\n","protected":false},"author":3,"featured_media":0,"parent":0,"menu_order":0,"comment_status":"closed","ping_status":"closed","template":"","meta":{"_eb_attr":"","inline_featured_image":false,"_monsterinsights_skip_tracking":false,"_monsterinsights_sitenote_active":false,"_monsterinsights_sitenote_note":"","_monsterinsights_sitenote_category":0,"footnotes":""},"class_list":["post-2843","page","type-page","status-publish"],"yoast_head":"<!-- This site is optimized with the Yoast SEO plugin v25.3.1 - https:\/\/yoast.com\/wordpress\/plugins\/seo\/ -->\n<title>Hotmail SMTP Konfiguration<\/title>\n<meta name=\"description\" content=\"So richten Sie die SMTP-Einstellungen von Hotmail f\u00fcr den Zugriff auf Ihren Posteingang \u00fcber Desktop-E-Mail-Clients wie Thunderbird und Outlook ein.\" \/>\n<meta name=\"robots\" content=\"index, follow, max-snippet:-1, max-image-preview:large, max-video-preview:-1\" \/>\n<link rel=\"canonical\" href=\"https:\/\/serversmtp.com\/de\/hotmail-smtp-konfiguration\/\" \/>\n<meta name=\"twitter:label1\" content=\"Gesch\u00e4tzte Lesezeit\" \/>\n\t<meta name=\"twitter:data1\" content=\"1\u00a0Minute\" \/>\n<!-- \/ Yoast SEO plugin. -->","yoast_head_json":{"title":"Hotmail SMTP Konfiguration","description":"So richten Sie die SMTP-Einstellungen von Hotmail f\u00fcr den Zugriff auf Ihren Posteingang \u00fcber Desktop-E-Mail-Clients wie Thunderbird und Outlook ein.","robots":{"index":"index","follow":"follow","max-snippet":"max-snippet:-1","max-image-preview":"max-image-preview:large","max-video-preview":"max-video-preview:-1"},"canonical":"https:\/\/serversmtp.com\/de\/hotmail-smtp-konfiguration\/","twitter_misc":{"Gesch\u00e4tzte Lesezeit":"1\u00a0Minute"},"schema":{"@context":"https:\/\/schema.org","@graph":[{"@type":"WebPage","@id":"https:\/\/serversmtp.com\/de\/hotmail-smtp-konfiguration\/","url":"https:\/\/serversmtp.com\/de\/hotmail-smtp-konfiguration\/","name":"Hotmail SMTP Konfiguration","isPartOf":{"@id":"https:\/\/serversmtp.com\/it\/#website"},"primaryImageOfPage":{"@id":"https:\/\/serversmtp.com\/de\/hotmail-smtp-konfiguration\/#primaryimage"},"image":{"@id":"https:\/\/serversmtp.com\/de\/hotmail-smtp-konfiguration\/#primaryimage"},"thumbnailUrl":"https:\/\/serversmtp.com\/wp-content\/uploads\/2018\/04\/smtp-server-konfiguration.gif","datePublished":"2018-04-21T08:39:55+00:00","dateModified":"2022-02-10T15:45:27+00:00","description":"So richten Sie die SMTP-Einstellungen von Hotmail f\u00fcr den Zugriff auf Ihren Posteingang \u00fcber Desktop-E-Mail-Clients wie Thunderbird und Outlook ein.","breadcrumb":{"@id":"https:\/\/serversmtp.com\/de\/hotmail-smtp-konfiguration\/#breadcrumb"},"inLanguage":"de","potentialAction":[{"@type":"ReadAction","target":["https:\/\/serversmtp.com\/de\/hotmail-smtp-konfiguration\/"]}]},{"@type":"ImageObject","inLanguage":"de","@id":"https:\/\/serversmtp.com\/de\/hotmail-smtp-konfiguration\/#primaryimage","url":"https:\/\/serversmtp.com\/wp-content\/uploads\/2018\/04\/smtp-server-konfiguration.gif","contentUrl":"https:\/\/serversmtp.com\/wp-content\/uploads\/2018\/04\/smtp-server-konfiguration.gif"},{"@type":"BreadcrumbList","@id":"https:\/\/serversmtp.com\/de\/hotmail-smtp-konfiguration\/#breadcrumb","itemListElement":[{"@type":"ListItem","position":1,"name":"Home","item":"https:\/\/serversmtp.com\/de\/"},{"@type":"ListItem","position":2,"name":"Hotmail SMTP Konfiguration"}]},{"@type":"WebSite","@id":"https:\/\/serversmtp.com\/it\/#website","url":"https:\/\/serversmtp.com\/it\/","name":"smtp mail server - professional SMTP service provider","description":"smtp mail server - professional SMTP service provider","publisher":{"@id":"https:\/\/serversmtp.com\/it\/#organization"},"potentialAction":[{"@type":"SearchAction","target":{"@type":"EntryPoint","urlTemplate":"https:\/\/serversmtp.com\/it\/?s={search_term_string}"},"query-input":{"@type":"PropertyValueSpecification","valueRequired":true,"valueName":"search_term_string"}}],"inLanguage":"de"},{"@type":"Organization","@id":"https:\/\/serversmtp.com\/it\/#organization","name":"Delivery Tech","url":"https:\/\/serversmtp.com\/it\/","logo":{"@type":"ImageObject","inLanguage":"de","@id":"https:\/\/serversmtp.com\/it\/#\/schema\/logo\/image\/","url":"https:\/\/serversmtp.com\/wp-content\/uploads\/2021\/11\/og-image-2.jpg","contentUrl":"https:\/\/serversmtp.com\/wp-content\/uploads\/2021\/11\/og-image-2.jpg","width":1200,"height":1128,"caption":"Delivery Tech"},"image":{"@id":"https:\/\/serversmtp.com\/it\/#\/schema\/logo\/image\/"}}]}},"_links":{"self":[{"href":"https:\/\/serversmtp.com\/de\/wp-json\/wp\/v2\/pages\/2843"}],"collection":[{"href":"https:\/\/serversmtp.com\/de\/wp-json\/wp\/v2\/pages"}],"about":[{"href":"https:\/\/serversmtp.com\/de\/wp-json\/wp\/v2\/types\/page"}],"author":[{"embeddable":true,"href":"https:\/\/serversmtp.com\/de\/wp-json\/wp\/v2\/users\/3"}],"replies":[{"embeddable":true,"href":"https:\/\/serversmtp.com\/de\/wp-json\/wp\/v2\/comments?post=2843"}],"version-history":[{"count":2,"href":"https:\/\/serversmtp.com\/de\/wp-json\/wp\/v2\/pages\/2843\/revisions"}],"predecessor-version":[{"id":2845,"href":"https:\/\/serversmtp.com\/de\/wp-json\/wp\/v2\/pages\/2843\/revisions\/2845"}],"wp:attachment":[{"href":"https:\/\/serversmtp.com\/de\/wp-json\/wp\/v2\/media?parent=2843"}],"curies":[{"name":"wp","href":"https:\/\/api.w.org\/{rel}","templated":true}]}}