{"id":2840,"date":"2018-04-21T10:35:34","date_gmt":"2018-04-21T08:35:34","guid":{"rendered":"https:\/\/dev.serversmtp.com\/?page_id=2840"},"modified":"2019-05-28T17:13:32","modified_gmt":"2019-05-28T15:13:32","slug":"smtp-gmail-konfiguration","status":"publish","type":"page","link":"https:\/\/serversmtp.com\/de\/smtp-gmail-konfiguration\/","title":{"rendered":"Gmail SMTP Konfiguration"},"content":{"rendered":"<p>Was sind die <strong>SMTP-Einstellungen von Gmail<\/strong>? Das ist eine einfache Frage.<\/p>\n<p>Gmail ist eine fantastische Webmail-Anwendung, aber manche Leute finden es praktischer, auf ihren eigenen Posteingang mit einem <strong>E-Mail-Client<\/strong> wie Thunderbird oder Outlook zuzugreifen. Um dies zu tun, ist es notwendig, dessen Ausgangsservereinstellungen mit den richtigen Angaben zu versehen.<\/p>\n<p>Zuerst \u00f6ffnen Sie das <strong>Kontrollfeld der Mailsoftware<\/strong> und f\u00fcllen die Felder mit den Gmail SMTP-Servereinstellungen, die da lauten:<\/p>\n<p><img loading=\"lazy\" class=\"aligncenter wp-image-2841 size-full\" src=\"https:\/\/serversmtp.com\/wp-content\/uploads\/2018\/04\/smtp-server-konfiguration.gif\" alt=\"\" width=\"350\" height=\"286\" \/><\/p>\n<ul>\n<li><strong>Gmail SMTP Servername<\/strong>: smtp.gmail.com<\/li>\n<li><strong>Gmail SMTP Benutzername<\/strong>: Ihre Gmail-Adresse<\/li>\n<li><strong>Gmail SMTP Passwort<\/strong>: Ihr Passwort<\/li>\n<li><strong>Gmail SMTP Port<\/strong>: 465<\/li>\n<\/ul>\n<p>Dann k\u00f6nnen Sie Ihre <strong>Sicherheits und Authentifikationsoptionen w\u00e4hlen<\/strong>, weitere Informationen finden Sie in unserem Artikel \u00fcber <a title=\"smtp konfiguration\" href=\"\/de\/mailserver-einrichten-smtp\">SMTP-einrichten<\/a>.<\/p>\n<p>Denken Sie jedoch daran, dass Gmails SMTP einige <strong>restriktive Versandlimits<\/strong> mit sich bringt, um Spammer daran zu hindern, seine Ausgangsserver f\u00fcr das Hinausblasen von M\u00fcll-E-Mails zu nutzen. Das Limit betr\u00e4gt <strong>100 Empf\u00e4nger zur gleichen Zeit und 500 Nachrichten pro Tag<\/strong>. Wenn Sie dieses Limit \u00fcberschreiten, wird Google Ihr Konto sperren.<\/p>\n<p>Plus, dass deren SMTP-Server auf geteilten IPs sitzen, die Ihnen keine vollst\u00e4ndige Zustellbarkeit garantieren k\u00f6nnen, da sie auch von <strong>Spammern benutzt werden<\/strong>, die deren Ruf ernsthaft sch\u00e4digen und somit die Chance erh\u00f6hen, dass Ihre legitime E-Mail von Antispam-Systemen herausgefiltert wird.<\/p>\n<p>Wenn Sie also eine E-Mail-Kampagne aufsetzen oder eine unbegrenzte Anzahl an E-Mails senden wollen, ist das Beste, sich f\u00fcr einen <strong><a title=\"smtp-server\" href=\"\/de\/signup\">professionellen SMTP-Server<\/a><\/strong> zu entscheiden. F\u00fcr einen sehr vern\u00fcnftigen Preis werden Sie in der Lage sein, an eine sehr gro\u00dfe Liste zu versenden, mit der Gewissheit der h\u00f6chstm\u00f6glichen Zustellrate.<\/p>\n<p>Unabh\u00e4ngig davon, ob es sich um pers\u00f6nliche oder gesch\u00e4ftliche E-Mails handelt, k\u00f6nnen Sie mit turboSMTP immer \u00fcberpr\u00fcfen, <strong><a href=\"https:\/\/serversmtp.com\/de\/e-mail-tracking-hier-erfahren-sie-ob-jemand-ihre-e-mail-gelesen-hat\/\">ob eine bestimmte \u00dcbermittlung tats\u00e4chlich erfolgreich war<\/a><\/strong>, ob die Nachricht ge\u00f6ffnet wurde und ob der Empf\u00e4nger auf einen der Links in der E-Mail geklickt hat.<\/p>\n","protected":false},"excerpt":{"rendered":"<p>Was sind die SMTP-Einstellungen von Gmail? Das ist eine einfache Frage. Gmail ist eine fantastische Webmail-Anwendung, aber manche Leute finden es praktischer, auf ihren eigenen Posteingang mit einem E-Mail-Client wie Thunderbird oder Outlook zuzugreifen. Um dies zu tun, ist es notwendig, dessen Ausgangsservereinstellungen mit den richtigen Angaben zu versehen. Zuerst \u00f6ffnen Sie das Kontrollfeld der [&hellip;]<\/p>\n","protected":false},"author":3,"featured_media":0,"parent":0,"menu_order":0,"comment_status":"closed","ping_status":"closed","template":"g1_template_page_sidebar_right.php","meta":[],"yoast_head":"<!-- This site is optimized with the Yoast SEO plugin v16.4 - https:\/\/yoast.com\/wordpress\/plugins\/seo\/ -->\n<meta name=\"description\" content=\"So legen Sie die SMTP-Serverparameter fest, wenn Sie Google Mail als Internetanbieter verwenden und E-Mails \u00fcber einen E-Mail-Client senden m\u00f6chten.\" \/>\n<meta name=\"robots\" content=\"index, follow, max-snippet:-1, max-image-preview:large, max-video-preview:-1\" \/>\n<link rel=\"canonical\" href=\"https:\/\/serversmtp.com\/de\/smtp-gmail-konfiguration\/\" \/>\n<meta property=\"og:locale\" content=\"de_DE\" \/>\n<meta property=\"og:type\" content=\"article\" \/>\n<meta property=\"og:title\" content=\"Gmail SMTP Serverkonfiguration und Parameter- turboSMTP\" \/>\n<meta property=\"og:description\" content=\"So legen Sie die SMTP-Serverparameter fest, wenn Sie Google Mail als Internetanbieter verwenden und E-Mails \u00fcber einen E-Mail-Client senden m\u00f6chten.\" \/>\n<meta property=\"og:url\" content=\"https:\/\/serversmtp.com\/de\/smtp-gmail-konfiguration\/\" \/>\n<meta property=\"og:site_name\" content=\"smtp mail server - professional SMTP service provider\" \/>\n<meta property=\"article:modified_time\" content=\"2019-05-28T15:13:32+00:00\" \/>\n<meta property=\"og:image\" content=\"https:\/\/serversmtp.com\/wp-content\/uploads\/2018\/04\/smtp-server-konfiguration.gif\" \/>\n<meta name=\"twitter:card\" content=\"summary_large_image\" \/>\n<meta name=\"twitter:label1\" content=\"Gesch\u00e4tzte Lesezeit\" \/>\n\t<meta name=\"twitter:data1\" content=\"2 Minuten\" \/>\n<script type=\"application\/ld+json\" class=\"yoast-schema-graph\">{\"@context\":\"https:\/\/schema.org\",\"@graph\":[{\"@type\":\"WebSite\",\"@id\":\"https:\/\/serversmtp.com\/#website\",\"url\":\"https:\/\/serversmtp.com\/\",\"name\":\"smtp mail server - professional SMTP service provider\",\"description\":\"smtp mail server - professional SMTP service provider \",\"potentialAction\":[{\"@type\":\"SearchAction\",\"target\":\"https:\/\/serversmtp.com\/?s={search_term_string}\",\"query-input\":\"required name=search_term_string\"}],\"inLanguage\":\"de-DE\"},{\"@type\":\"ImageObject\",\"@id\":\"https:\/\/serversmtp.com\/de\/smtp-gmail-konfiguration\/#primaryimage\",\"inLanguage\":\"de-DE\",\"url\":\"https:\/\/serversmtp.com\/wp-content\/uploads\/2018\/04\/smtp-server-konfiguration.gif\",\"contentUrl\":\"https:\/\/serversmtp.com\/wp-content\/uploads\/2018\/04\/smtp-server-konfiguration.gif\",\"width\":350,\"height\":286},{\"@type\":\"WebPage\",\"@id\":\"https:\/\/serversmtp.com\/de\/smtp-gmail-konfiguration\/#webpage\",\"url\":\"https:\/\/serversmtp.com\/de\/smtp-gmail-konfiguration\/\",\"name\":\"Gmail SMTP Serverkonfiguration und Parameter- turboSMTP\",\"isPartOf\":{\"@id\":\"https:\/\/serversmtp.com\/#website\"},\"primaryImageOfPage\":{\"@id\":\"https:\/\/serversmtp.com\/de\/smtp-gmail-konfiguration\/#primaryimage\"},\"datePublished\":\"2018-04-21T08:35:34+00:00\",\"dateModified\":\"2019-05-28T15:13:32+00:00\",\"description\":\"So legen Sie die SMTP-Serverparameter fest, wenn Sie Google Mail als Internetanbieter verwenden und E-Mails \\u00fcber einen E-Mail-Client senden m\\u00f6chten.\",\"breadcrumb\":{\"@id\":\"https:\/\/serversmtp.com\/de\/smtp-gmail-konfiguration\/#breadcrumb\"},\"inLanguage\":\"de-DE\",\"potentialAction\":[{\"@type\":\"ReadAction\",\"target\":[\"https:\/\/serversmtp.com\/de\/smtp-gmail-konfiguration\/\"]}]},{\"@type\":\"BreadcrumbList\",\"@id\":\"https:\/\/serversmtp.com\/de\/smtp-gmail-konfiguration\/#breadcrumb\",\"itemListElement\":[{\"@type\":\"ListItem\",\"position\":1,\"item\":{\"@type\":\"WebPage\",\"@id\":\"https:\/\/serversmtp.com\/de\/\",\"url\":\"https:\/\/serversmtp.com\/de\/\",\"name\":\"Home\"}},{\"@type\":\"ListItem\",\"position\":2,\"item\":{\"@id\":\"https:\/\/serversmtp.com\/de\/smtp-gmail-konfiguration\/#webpage\"}}]}]}<\/script>\n<!-- \/ Yoast SEO plugin. -->","_links":{"self":[{"href":"https:\/\/serversmtp.com\/de\/wp-json\/wp\/v2\/pages\/2840"}],"collection":[{"href":"https:\/\/serversmtp.com\/de\/wp-json\/wp\/v2\/pages"}],"about":[{"href":"https:\/\/serversmtp.com\/de\/wp-json\/wp\/v2\/types\/page"}],"author":[{"embeddable":true,"href":"https:\/\/serversmtp.com\/de\/wp-json\/wp\/v2\/users\/3"}],"replies":[{"embeddable":true,"href":"https:\/\/serversmtp.com\/de\/wp-json\/wp\/v2\/comments?post=2840"}],"version-history":[{"count":4,"href":"https:\/\/serversmtp.com\/de\/wp-json\/wp\/v2\/pages\/2840\/revisions"}],"predecessor-version":[{"id":5432,"href":"https:\/\/serversmtp.com\/de\/wp-json\/wp\/v2\/pages\/2840\/revisions\/5432"}],"wp:attachment":[{"href":"https:\/\/serversmtp.com\/de\/wp-json\/wp\/v2\/media?parent=2840"}],"curies":[{"name":"wp","href":"https:\/\/api.w.org\/{rel}","templated":true}]}}