{"id":2836,"date":"2018-04-21T10:23:44","date_gmt":"2018-04-21T08:23:44","guid":{"rendered":"https:\/\/dev.serversmtp.com\/?page_id=2836"},"modified":"2018-04-24T12:28:32","modified_gmt":"2018-04-24T10:28:32","slug":"smtp-server-konfiguration","status":"publish","type":"page","link":"https:\/\/serversmtp.com\/de\/smtp-server-konfiguration\/","title":{"rendered":"SMTP-Server-Konfiguration\ufeff"},"content":{"rendered":"<p>Alles, was Sie brauchen, um \u00fcber <strong>SMTP-Server-Einstellungen<\/strong> wissen: Was ist <strong>SMTP<\/strong>, wie Sie mit und eine ausgehende Mail-Server f\u00fcr<strong> E-Mail-Client<\/strong> zu konfigurieren, was sind die Grundlagen des E-Mail-Lieferprozess, und vieles mehr &#8230;<\/p>\n<ul class=\"lp-2018 clearfix\">\n<li><a title=\"\u00dcber SMTP\" href=\"\/de\/uber-smtp\"><span class=\"lp-2018-title\">\u00dcber SMTP<\/span> <img decoding=\"async\" title=\"\u00dcber SMTP\" src=\"\/wp-content\/uploads\/2018\/04\/about-smtp.png\" alt=\"\u00dcber SMTP\" width=\"48\" height=\"48\" \/> <span class=\"lp-2018-description\">Was ist SMTP, was ist ein Postausgangsserver, und wie man den SMTP-Server im Einsatz zu bestimmen.<\/span><\/a><\/li>\n<li><a title=\"Konstenlos SMTP Server einrichten\" href=\"\/de\/kostenlos-smtp-server-einrichten\"><span class=\"lp-2018-title\">Konstenlos SMTP Server einrichten<\/span> <img decoding=\"async\" title=\"Konstenlos SMTP Server einrichten\" src=\"\/wp-content\/uploads\/2018\/04\/free-smtp-configuration.png\" alt=\"Konstenlos SMTP Server einrichten\" width=\"48\" height=\"48\" \/> <span class=\"lp-2018-description\">Wie die SMTPs der h\u00e4ufigsten kostenlosen E-Mail-Provider konfigurieren: Gmail, Hotmail, Yahoo Mail, etc.<\/span><\/a><\/li>\n<li><a title=\"SMTP konfiguration\" href=\"\/de\/smtp-konfiguration\"><span class=\"lp-2018-title\">SMTP KONFIGURATION<\/span> <img decoding=\"async\" title=\"SMTP konfiguration\" src=\"\/wp-content\/uploads\/2018\/04\/email-setup.png\" alt=\"SMTP konfiguration\" width=\"48\" height=\"48\" \/> <span class=\"lp-2018-description\">Wie Sie Ihre SMTP-Server konfigurieren und die h\u00e4ufigsten Probleme zu l\u00f6sen.<\/span><\/a><\/li>\n<li><a title=\"E-mail senden\" href=\"https:\/\/admin.serversmtp.com\/de\/e-mail-senden\"><span class=\"lp-2018-title\">E-mail senden<\/span> <img decoding=\"async\" title=\"E-mail senden\" src=\"\/wp-content\/uploads\/2018\/04\/email-sending-technology.png\" alt=\"E-mail senden\" width=\"48\" height=\"48\" \/> <span class=\"lp-2018-description\">Was steckt hinter dem Akt des Schlagens &#8220;Senden&#8221;, wenn Sie eine E-Mail zu schreiben.<\/span><\/a><\/li>\n<li><a title=\"SMTP-liste\" href=\"\/de\/smtp-liste\"><span class=\"lp-2018-title\">SMTP-liste<\/span> <img decoding=\"async\" title=\"SMTP-liste\" src=\"\/wp-content\/uploads\/2018\/04\/liste-smtp.png\" alt=\"SMTP-liste\" width=\"48\" height=\"48\" \/> <span class=\"lp-2018-description\">Finden Sie sofort Ihre SMTP-Server-Einstellungen, um eine E-Mail-Client zu konfigurieren.<\/span><\/a><\/li>\n<\/ul>\n","protected":false},"excerpt":{"rendered":"<p>Alles, was Sie brauchen, um \u00fcber SMTP-Server-Einstellungen wissen: Was ist SMTP, wie Sie mit und eine ausgehende Mail-Server f\u00fcr E-Mail-Client zu konfigurieren, was sind die Grundlagen des E-Mail-Lieferprozess, und vieles mehr &#8230; \u00dcber SMTP Was ist SMTP, was ist ein Postausgangsserver, und wie man den SMTP-Server im Einsatz zu bestimmen. Konstenlos SMTP Server einrichten Wie &#8230; <\/p>\n<p class=\"read-more-container\"><a title=\"SMTP-Server-Konfiguration\ufeff\" class=\"read-more button\" href=\"https:\/\/serversmtp.com\/de\/smtp-server-konfiguration\/#more-2836\" aria-label=\"Mehr Informationen \u00fcber SMTP-Server-Konfiguration\ufeff\">Entdecke mehr<\/a><\/p>\n","protected":false},"author":3,"featured_media":0,"parent":0,"menu_order":0,"comment_status":"closed","ping_status":"closed","template":"","meta":{"_eb_attr":"","inline_featured_image":false,"_monsterinsights_skip_tracking":false,"_monsterinsights_sitenote_active":false,"_monsterinsights_sitenote_note":"","_monsterinsights_sitenote_category":0,"footnotes":""},"class_list":["post-2836","page","type-page","status-publish"],"yoast_head":"<!-- This site is optimized with the Yoast SEO plugin v25.3.1 - https:\/\/yoast.com\/wordpress\/plugins\/seo\/ -->\n<title>SMTP-Server-Konfiguration\ufeff - smtp mail server - professional SMTP service provider<\/title>\n<meta name=\"robots\" content=\"index, follow, max-snippet:-1, max-image-preview:large, max-video-preview:-1\" \/>\n<link rel=\"canonical\" href=\"https:\/\/serversmtp.com\/de\/smtp-server-konfiguration\/\" \/>\n<meta name=\"twitter:label1\" content=\"Gesch\u00e4tzte Lesezeit\" \/>\n\t<meta name=\"twitter:data1\" content=\"1\u00a0Minute\" \/>\n<!-- \/ Yoast SEO plugin. -->","yoast_head_json":{"title":"SMTP-Server-Konfiguration\ufeff - smtp mail server - professional SMTP service provider","robots":{"index":"index","follow":"follow","max-snippet":"max-snippet:-1","max-image-preview":"max-image-preview:large","max-video-preview":"max-video-preview:-1"},"canonical":"https:\/\/serversmtp.com\/de\/smtp-server-konfiguration\/","twitter_misc":{"Gesch\u00e4tzte Lesezeit":"1\u00a0Minute"},"schema":{"@context":"https:\/\/schema.org","@graph":[{"@type":"WebPage","@id":"https:\/\/serversmtp.com\/de\/smtp-server-konfiguration\/","url":"https:\/\/serversmtp.com\/de\/smtp-server-konfiguration\/","name":"SMTP-Server-Konfiguration\ufeff - smtp mail server - professional SMTP service provider","isPartOf":{"@id":"https:\/\/serversmtp.com\/es\/#website"},"datePublished":"2018-04-21T08:23:44+00:00","dateModified":"2018-04-24T10:28:32+00:00","breadcrumb":{"@id":"https:\/\/serversmtp.com\/de\/smtp-server-konfiguration\/#breadcrumb"},"inLanguage":"de","potentialAction":[{"@type":"ReadAction","target":["https:\/\/serversmtp.com\/de\/smtp-server-konfiguration\/"]}]},{"@type":"BreadcrumbList","@id":"https:\/\/serversmtp.com\/de\/smtp-server-konfiguration\/#breadcrumb","itemListElement":[{"@type":"ListItem","position":1,"name":"Home","item":"https:\/\/serversmtp.com\/de\/"},{"@type":"ListItem","position":2,"name":"SMTP-Server-Konfiguration\ufeff"}]},{"@type":"WebSite","@id":"https:\/\/serversmtp.com\/es\/#website","url":"https:\/\/serversmtp.com\/es\/","name":"smtp mail server - professional SMTP service provider","description":"smtp mail server - professional SMTP service provider","publisher":{"@id":"https:\/\/serversmtp.com\/es\/#organization"},"potentialAction":[{"@type":"SearchAction","target":{"@type":"EntryPoint","urlTemplate":"https:\/\/serversmtp.com\/es\/?s={search_term_string}"},"query-input":{"@type":"PropertyValueSpecification","valueRequired":true,"valueName":"search_term_string"}}],"inLanguage":"de"},{"@type":"Organization","@id":"https:\/\/serversmtp.com\/es\/#organization","name":"Delivery Tech","url":"https:\/\/serversmtp.com\/es\/","logo":{"@type":"ImageObject","inLanguage":"de","@id":"https:\/\/serversmtp.com\/es\/#\/schema\/logo\/image\/","url":"https:\/\/serversmtp.com\/wp-content\/uploads\/2021\/11\/og-image-2.jpg","contentUrl":"https:\/\/serversmtp.com\/wp-content\/uploads\/2021\/11\/og-image-2.jpg","width":1200,"height":1128,"caption":"Delivery Tech"},"image":{"@id":"https:\/\/serversmtp.com\/es\/#\/schema\/logo\/image\/"}}]}},"_links":{"self":[{"href":"https:\/\/serversmtp.com\/de\/wp-json\/wp\/v2\/pages\/2836"}],"collection":[{"href":"https:\/\/serversmtp.com\/de\/wp-json\/wp\/v2\/pages"}],"about":[{"href":"https:\/\/serversmtp.com\/de\/wp-json\/wp\/v2\/types\/page"}],"author":[{"embeddable":true,"href":"https:\/\/serversmtp.com\/de\/wp-json\/wp\/v2\/users\/3"}],"replies":[{"embeddable":true,"href":"https:\/\/serversmtp.com\/de\/wp-json\/wp\/v2\/comments?post=2836"}],"version-history":[{"count":4,"href":"https:\/\/serversmtp.com\/de\/wp-json\/wp\/v2\/pages\/2836\/revisions"}],"predecessor-version":[{"id":2983,"href":"https:\/\/serversmtp.com\/de\/wp-json\/wp\/v2\/pages\/2836\/revisions\/2983"}],"wp:attachment":[{"href":"https:\/\/serversmtp.com\/de\/wp-json\/wp\/v2\/media?parent=2836"}],"curies":[{"name":"wp","href":"https:\/\/api.w.org\/{rel}","templated":true}]}}