{"id":2833,"date":"2018-04-21T10:19:33","date_gmt":"2018-04-21T08:19:33","guid":{"rendered":"https:\/\/dev.serversmtp.com\/?page_id=2833"},"modified":"2022-02-10T16:35:52","modified_gmt":"2022-02-10T15:35:52","slug":"was-sind-smtp-relays","status":"publish","type":"page","link":"https:\/\/serversmtp.com\/de\/was-sind-smtp-relays\/","title":{"rendered":"SMTP-Relays"},"content":{"rendered":"<p>Was sind <strong>SMTP-Relays<\/strong>?<\/p>\n<p>Es ist sehr wichtig das eigentliche Wesen von SMTP-Relays zu verstehen, insbesondere, wenn Sie ein E-Mail-Marketing-Mensch sind und eine hohe Anzahl an Nachrichten \u00fcber einen <strong>SMTP-Server<\/strong> aussenden m\u00fcssen. Also, einfach ausgedr\u00fcckt ist ein SMTP-Relay der eigentliche, von einem Ausgangsserver durchgef\u00fchrte Vorgang, <strong>irgendeine E-Mail an einen anderen Server auszuliefern<\/strong>.<\/p>\n<p>Ein Vergleich mit den Briefpost k\u00f6nnte die Sache erhellen. Wenn Sie einen Brief versenden, sendet Ihr lokales Postamt diesen zu einem anderen Amt in der Stadt des Empf\u00e4ngers \u2013 nun, das ist ein &#8220;Relay&#8221;.<\/p>\n<p>Wenn also SMTP-Server miteinander sprechen \u2013 wie die Post\u00e4mter der Briefpost, um eine ordentliche E-Mail-Zustellung sicherzustellen, dann reichen Sie einfach eine Nachricht von A nach B weiter, von dem Ausgangsmailserver zu dem des Empf\u00e4ngers.<\/p>\n<p><img decoding=\"async\" class=\"aligncenter wp-image-475 size-full\" src=\"https:\/\/serversmtp.com\/wp-content\/uploads\/2018\/02\/smtp.jpg\" alt=\"\" width=\"800\" height=\"250\" srcset=\"https:\/\/serversmtp.com\/wp-content\/uploads\/2018\/02\/smtp.jpg 800w, https:\/\/serversmtp.com\/wp-content\/uploads\/2018\/02\/smtp-300x94.jpg 300w, https:\/\/serversmtp.com\/wp-content\/uploads\/2018\/02\/smtp-768x240.jpg 768w, https:\/\/serversmtp.com\/wp-content\/uploads\/2018\/02\/smtp-636x199.jpg 636w, https:\/\/serversmtp.com\/wp-content\/uploads\/2018\/02\/smtp-320x100.jpg 320w, https:\/\/serversmtp.com\/wp-content\/uploads\/2018\/02\/smtp-239x75.jpg 239w\" sizes=\"(max-width: 800px) 100vw, 800px\" \/><\/p>\n<p>SMTP-Relays sind essentiell zum Versenden von <strong>Transaktions-E-Mails<\/strong>, <strong>Newslettern<\/strong> und allen anderen Formen von <strong>Massen-Mailing<\/strong>. Um mit einer solchen Menge von Nachrichten umzugehen und diese korrekt zuzustellen, leiten SMTP-Server diese durch einen vertrauensw\u00fcrdigen Dritten weiter.<\/p>\n<p>Jedoch muss hier eine Anmerkung gemacht werden und zwar bez\u00fcglich offener Relays.<\/p>\n<p>Wenn wir von offenen <strong>SMTP-Relays sprechen<\/strong>, dann meinen wir normalerweise einen Ausgangsserver, der Nachrichten von anderen Domains akzeptiert, ohne nach einer Authentifikation zu fragen. In anderen Worten: Ihr SMTP-Server kann als eine &#8220;Br\u00fccke&#8221; von zwei Anderen zur Kommunikation genutzt werden. Das Hauptproblem mit offenen Relays ist, dass diese von <strong>Spammern<\/strong> genutzt werden k\u00f6nnen, um massenhaft unerw\u00fcnschte Nachrichten zu versenden. Wenn das mit Ihrem passiert, wird Ihre IP wahrscheinlich schnell auf die schwarze Liste gesetzt und Sie werden nie in der Lage sein, davon Massen-E-Mails zu versenden.<\/p>\n<p>Darum setzen viele Internetprovider ein Limit bez\u00fcglich der Anzahl, wie viele Relays Sie pro Tag durchf\u00fchren k\u00f6nnen. Eine faire L\u00f6sung f\u00fcr normale, Peer-to-Peer-E-Mails \u2013 aber sehr schlecht f\u00fcr das <strong>Massen-E-Mail-Marketing<\/strong>.<\/p>\n<p>Wenn Sie also so eine ungl\u00fcckliche Situation vermeiden wollen, k\u00f6nnen Sie zu einem <strong>professionellem SMTP-Service<\/strong> wie <a title=\"professionellem SMTP-Service\" href=\"\/de\/signup\">turboSMTP<\/a> wechseln, der auf sicheren IPs beruht und immer nach den Benutzerdaten fragt. Dies stellt sicher, dass niemand au\u00dferhalb Ihrer Firma auf Ihren SMTP zugreift und wird auch Ihre Zustellbarkeit maximieren.<\/p>\n","protected":false},"excerpt":{"rendered":"<p>Was sind SMTP-Relays? Es ist sehr wichtig das eigentliche Wesen von SMTP-Relays zu verstehen, insbesondere, wenn Sie ein E-Mail-Marketing-Mensch sind und eine hohe Anzahl an Nachrichten \u00fcber einen SMTP-Server aussenden m\u00fcssen. Also, einfach ausgedr\u00fcckt ist ein SMTP-Relay der eigentliche, von einem Ausgangsserver durchgef\u00fchrte Vorgang, irgendeine E-Mail an einen anderen Server auszuliefern. Ein Vergleich mit den &#8230; <\/p>\n<p class=\"read-more-container\"><a title=\"SMTP-Relays\" class=\"read-more button\" href=\"https:\/\/serversmtp.com\/de\/was-sind-smtp-relays\/#more-2833\" aria-label=\"Mehr Informationen \u00fcber SMTP-Relays\">Entdecke mehr<\/a><\/p>\n","protected":false},"author":3,"featured_media":0,"parent":0,"menu_order":0,"comment_status":"closed","ping_status":"closed","template":"","meta":{"_eb_attr":"","inline_featured_image":false,"_monsterinsights_skip_tracking":false,"_monsterinsights_sitenote_active":false,"_monsterinsights_sitenote_note":"","_monsterinsights_sitenote_category":0,"footnotes":""},"class_list":["post-2833","page","type-page","status-publish"],"yoast_head":"<!-- This site is optimized with the Yoast SEO plugin v25.3.1 - https:\/\/yoast.com\/wordpress\/plugins\/seo\/ -->\n<title>SMTP-Relays - smtp mail server - professional SMTP service provider<\/title>\n<meta name=\"robots\" content=\"index, follow, max-snippet:-1, max-image-preview:large, max-video-preview:-1\" \/>\n<link rel=\"canonical\" href=\"https:\/\/serversmtp.com\/de\/was-sind-smtp-relays\/\" \/>\n<meta name=\"twitter:label1\" content=\"Gesch\u00e4tzte Lesezeit\" \/>\n\t<meta name=\"twitter:data1\" content=\"2\u00a0Minuten\" \/>\n<!-- \/ Yoast SEO plugin. -->","yoast_head_json":{"title":"SMTP-Relays - smtp mail server - professional SMTP service provider","robots":{"index":"index","follow":"follow","max-snippet":"max-snippet:-1","max-image-preview":"max-image-preview:large","max-video-preview":"max-video-preview:-1"},"canonical":"https:\/\/serversmtp.com\/de\/was-sind-smtp-relays\/","twitter_misc":{"Gesch\u00e4tzte Lesezeit":"2\u00a0Minuten"},"schema":{"@context":"https:\/\/schema.org","@graph":[{"@type":"WebPage","@id":"https:\/\/serversmtp.com\/de\/was-sind-smtp-relays\/","url":"https:\/\/serversmtp.com\/de\/was-sind-smtp-relays\/","name":"SMTP-Relays - smtp mail server - professional SMTP service provider","isPartOf":{"@id":"https:\/\/serversmtp.com\/de\/#website"},"primaryImageOfPage":{"@id":"https:\/\/serversmtp.com\/de\/was-sind-smtp-relays\/#primaryimage"},"image":{"@id":"https:\/\/serversmtp.com\/de\/was-sind-smtp-relays\/#primaryimage"},"thumbnailUrl":"https:\/\/serversmtp.com\/wp-content\/uploads\/2018\/02\/smtp.jpg","datePublished":"2018-04-21T08:19:33+00:00","dateModified":"2022-02-10T15:35:52+00:00","breadcrumb":{"@id":"https:\/\/serversmtp.com\/de\/was-sind-smtp-relays\/#breadcrumb"},"inLanguage":"de","potentialAction":[{"@type":"ReadAction","target":["https:\/\/serversmtp.com\/de\/was-sind-smtp-relays\/"]}]},{"@type":"ImageObject","inLanguage":"de","@id":"https:\/\/serversmtp.com\/de\/was-sind-smtp-relays\/#primaryimage","url":"https:\/\/serversmtp.com\/wp-content\/uploads\/2018\/02\/smtp.jpg","contentUrl":"https:\/\/serversmtp.com\/wp-content\/uploads\/2018\/02\/smtp.jpg"},{"@type":"BreadcrumbList","@id":"https:\/\/serversmtp.com\/de\/was-sind-smtp-relays\/#breadcrumb","itemListElement":[{"@type":"ListItem","position":1,"name":"Home","item":"https:\/\/serversmtp.com\/de\/"},{"@type":"ListItem","position":2,"name":"SMTP-Relays"}]},{"@type":"WebSite","@id":"https:\/\/serversmtp.com\/de\/#website","url":"https:\/\/serversmtp.com\/de\/","name":"smtp mail server - professional SMTP service provider","description":"smtp mail server - professional SMTP service provider","publisher":{"@id":"https:\/\/serversmtp.com\/de\/#organization"},"potentialAction":[{"@type":"SearchAction","target":{"@type":"EntryPoint","urlTemplate":"https:\/\/serversmtp.com\/de\/?s={search_term_string}"},"query-input":{"@type":"PropertyValueSpecification","valueRequired":true,"valueName":"search_term_string"}}],"inLanguage":"de"},{"@type":"Organization","@id":"https:\/\/serversmtp.com\/de\/#organization","name":"Delivery Tech","url":"https:\/\/serversmtp.com\/de\/","logo":{"@type":"ImageObject","inLanguage":"de","@id":"https:\/\/serversmtp.com\/de\/#\/schema\/logo\/image\/","url":"https:\/\/serversmtp.com\/wp-content\/uploads\/2021\/11\/og-image-2.jpg","contentUrl":"https:\/\/serversmtp.com\/wp-content\/uploads\/2021\/11\/og-image-2.jpg","width":1200,"height":1128,"caption":"Delivery Tech"},"image":{"@id":"https:\/\/serversmtp.com\/de\/#\/schema\/logo\/image\/"}}]}},"_links":{"self":[{"href":"https:\/\/serversmtp.com\/de\/wp-json\/wp\/v2\/pages\/2833"}],"collection":[{"href":"https:\/\/serversmtp.com\/de\/wp-json\/wp\/v2\/pages"}],"about":[{"href":"https:\/\/serversmtp.com\/de\/wp-json\/wp\/v2\/types\/page"}],"author":[{"embeddable":true,"href":"https:\/\/serversmtp.com\/de\/wp-json\/wp\/v2\/users\/3"}],"replies":[{"embeddable":true,"href":"https:\/\/serversmtp.com\/de\/wp-json\/wp\/v2\/comments?post=2833"}],"version-history":[{"count":2,"href":"https:\/\/serversmtp.com\/de\/wp-json\/wp\/v2\/pages\/2833\/revisions"}],"predecessor-version":[{"id":2835,"href":"https:\/\/serversmtp.com\/de\/wp-json\/wp\/v2\/pages\/2833\/revisions\/2835"}],"wp:attachment":[{"href":"https:\/\/serversmtp.com\/de\/wp-json\/wp\/v2\/media?parent=2833"}],"curies":[{"name":"wp","href":"https:\/\/api.w.org\/{rel}","templated":true}]}}