{"id":2826,"date":"2018-04-21T10:03:40","date_gmt":"2018-04-21T08:03:40","guid":{"rendered":"https:\/\/dev.serversmtp.com\/?page_id=2826"},"modified":"2018-04-21T15:50:13","modified_gmt":"2018-04-21T13:50:13","slug":"postausgangsserver","status":"publish","type":"page","link":"https:\/\/serversmtp.com\/de\/postausgangsserver\/","title":{"rendered":"Professioneller \ufeffPostausgangsserver"},"content":{"rendered":"<p>Ein <strong>professioneller E-Postausgangsserver<\/strong> ist essentiell, wenn es um Mengen-, Marketing- und Transaktions-E-Mails geht. Tatsache ist, dass nur ein dedizierter E-Mail-Postausgangsserver sicherstellen wird, dass all Ihre mehrfachen Nachrichten in die beabsichtigten Posteing\u00e4nge kommen, und <strong>jegliche Einschr\u00e4nkungen des ISPs oder Spamfilterung vermeiden<\/strong>.<\/p>\n<p>turboSMTP bietet Ihnen genau das. Ein <strong>SMTP-Serviceprovider<\/strong> \u2013 das ist ein E-Mail-Auslieferungsrechner, der Ihre Zustellbarkeit auf fantastische Weise zu einem sehr konkurrenzf\u00e4higen Preis verbessern wird, entsprechend Ihren Mailing-Bed\u00fcrfnissen eingerichtet.<\/p>\n<p>Er kommt auch mit einem <strong><a title=\"smtp-server service\" href=\"\/de\/signup\">100% kostenlosem Angebot daher<\/a><\/strong>, wenn Sie weniger als 6.000 E-Mails pro Monat versenden m\u00fcssen und einer brandneuen SMTP-API, um den Versandservice in Ihre Applikation oder Webseite einzubauen.<\/p>\n<p>Schlie\u00dflich bietet turboSMTP ein m\u00e4chtiges <strong>Online-Tracking-System<\/strong>, so dass Sie den Status Ihrer Nachrichten f\u00fcr jeden einzelnen Empf\u00e4nger analysieren k\u00f6nnen und n\u00fctzliche Kennzahlen erhalten, um Ihre Marketing-Kampagne zu verbessern. Mit unseren Tools werden Sie in der Lage sein, auch eine <strong>E-Mail-Zustellbest\u00e4tigung in Echtzeit zu erhalten<\/strong>.<\/p>\n<p>Ganz egal, welche Art von E-Mail Sie senden \u2013 Direct E-Mail Marketing, Newsletter, pers\u00f6nlich oder gesch\u00e4ftlich \u2013 <strong>es ist unser Job, diese zuzustellen<\/strong>. Melden Sie sich <a title=\"smtp service\" href=\"\/de\/signup\">einfach<\/a> an und lassen Sie uns das f\u00fcr Sie erledigen.<\/p>\n","protected":false},"excerpt":{"rendered":"<p>Ein professioneller E-Postausgangsserver ist essentiell, wenn es um Mengen-, Marketing- und Transaktions-E-Mails geht. Tatsache ist, dass nur ein dedizierter E-Mail-Postausgangsserver sicherstellen wird, dass all Ihre mehrfachen Nachrichten in die beabsichtigten Posteing\u00e4nge kommen, und jegliche Einschr\u00e4nkungen des ISPs oder Spamfilterung vermeiden. turboSMTP bietet Ihnen genau das. Ein SMTP-Serviceprovider \u2013 das ist ein E-Mail-Auslieferungsrechner, der Ihre Zustellbarkeit &#8230; <\/p>\n<p class=\"read-more-container\"><a title=\"Professioneller \ufeffPostausgangsserver\" class=\"read-more button\" href=\"https:\/\/serversmtp.com\/de\/postausgangsserver\/#more-2826\" aria-label=\"Mehr Informationen \u00fcber Professioneller \ufeffPostausgangsserver\">Entdecke mehr<\/a><\/p>\n","protected":false},"author":3,"featured_media":0,"parent":0,"menu_order":0,"comment_status":"closed","ping_status":"closed","template":"g1_template_page_sidebar_right.php","meta":{"_eb_attr":"","inline_featured_image":false,"_monsterinsights_skip_tracking":false,"_monsterinsights_sitenote_active":false,"_monsterinsights_sitenote_note":"","_monsterinsights_sitenote_category":0,"footnotes":""},"class_list":["post-2826","page","type-page","status-publish"],"yoast_head":"<!-- This site is optimized with the Yoast SEO plugin v25.3.1 - https:\/\/yoast.com\/wordpress\/plugins\/seo\/ -->\n<title>Professioneller \ufeffPostausgangsserver - smtp mail server - professional SMTP service provider<\/title>\n<meta name=\"robots\" content=\"index, follow, max-snippet:-1, max-image-preview:large, max-video-preview:-1\" \/>\n<link rel=\"canonical\" href=\"https:\/\/serversmtp.com\/de\/postausgangsserver\/\" \/>\n<meta name=\"twitter:label1\" content=\"Gesch\u00e4tzte Lesezeit\" \/>\n\t<meta name=\"twitter:data1\" content=\"1\u00a0Minute\" \/>\n<!-- \/ Yoast SEO plugin. -->","yoast_head_json":{"title":"Professioneller \ufeffPostausgangsserver - smtp mail server - professional SMTP service provider","robots":{"index":"index","follow":"follow","max-snippet":"max-snippet:-1","max-image-preview":"max-image-preview:large","max-video-preview":"max-video-preview:-1"},"canonical":"https:\/\/serversmtp.com\/de\/postausgangsserver\/","twitter_misc":{"Gesch\u00e4tzte Lesezeit":"1\u00a0Minute"},"schema":{"@context":"https:\/\/schema.org","@graph":[{"@type":"WebPage","@id":"https:\/\/serversmtp.com\/de\/postausgangsserver\/","url":"https:\/\/serversmtp.com\/de\/postausgangsserver\/","name":"Professioneller \ufeffPostausgangsserver - smtp mail server - professional SMTP service provider","isPartOf":{"@id":"https:\/\/serversmtp.com\/fr\/#website"},"datePublished":"2018-04-21T08:03:40+00:00","dateModified":"2018-04-21T13:50:13+00:00","breadcrumb":{"@id":"https:\/\/serversmtp.com\/de\/postausgangsserver\/#breadcrumb"},"inLanguage":"de","potentialAction":[{"@type":"ReadAction","target":["https:\/\/serversmtp.com\/de\/postausgangsserver\/"]}]},{"@type":"BreadcrumbList","@id":"https:\/\/serversmtp.com\/de\/postausgangsserver\/#breadcrumb","itemListElement":[{"@type":"ListItem","position":1,"name":"Home","item":"https:\/\/serversmtp.com\/de\/"},{"@type":"ListItem","position":2,"name":"Professioneller \ufeffPostausgangsserver"}]},{"@type":"WebSite","@id":"https:\/\/serversmtp.com\/fr\/#website","url":"https:\/\/serversmtp.com\/fr\/","name":"smtp mail server - professional SMTP service provider","description":"smtp mail server - professional SMTP service provider","publisher":{"@id":"https:\/\/serversmtp.com\/fr\/#organization"},"potentialAction":[{"@type":"SearchAction","target":{"@type":"EntryPoint","urlTemplate":"https:\/\/serversmtp.com\/fr\/?s={search_term_string}"},"query-input":{"@type":"PropertyValueSpecification","valueRequired":true,"valueName":"search_term_string"}}],"inLanguage":"de"},{"@type":"Organization","@id":"https:\/\/serversmtp.com\/fr\/#organization","name":"Delivery Tech","url":"https:\/\/serversmtp.com\/fr\/","logo":{"@type":"ImageObject","inLanguage":"de","@id":"https:\/\/serversmtp.com\/fr\/#\/schema\/logo\/image\/","url":"https:\/\/serversmtp.com\/wp-content\/uploads\/2021\/11\/og-image-2.jpg","contentUrl":"https:\/\/serversmtp.com\/wp-content\/uploads\/2021\/11\/og-image-2.jpg","width":1200,"height":1128,"caption":"Delivery Tech"},"image":{"@id":"https:\/\/serversmtp.com\/fr\/#\/schema\/logo\/image\/"}}]}},"_links":{"self":[{"href":"https:\/\/serversmtp.com\/de\/wp-json\/wp\/v2\/pages\/2826"}],"collection":[{"href":"https:\/\/serversmtp.com\/de\/wp-json\/wp\/v2\/pages"}],"about":[{"href":"https:\/\/serversmtp.com\/de\/wp-json\/wp\/v2\/types\/page"}],"author":[{"embeddable":true,"href":"https:\/\/serversmtp.com\/de\/wp-json\/wp\/v2\/users\/3"}],"replies":[{"embeddable":true,"href":"https:\/\/serversmtp.com\/de\/wp-json\/wp\/v2\/comments?post=2826"}],"version-history":[{"count":3,"href":"https:\/\/serversmtp.com\/de\/wp-json\/wp\/v2\/pages\/2826\/revisions"}],"predecessor-version":[{"id":2829,"href":"https:\/\/serversmtp.com\/de\/wp-json\/wp\/v2\/pages\/2826\/revisions\/2829"}],"wp:attachment":[{"href":"https:\/\/serversmtp.com\/de\/wp-json\/wp\/v2\/media?parent=2826"}],"curies":[{"name":"wp","href":"https:\/\/api.w.org\/{rel}","templated":true}]}}