{"id":2809,"date":"2018-04-18T18:06:05","date_gmt":"2018-04-18T16:06:05","guid":{"rendered":"https:\/\/dev.serversmtp.com\/?page_id=2809"},"modified":"2018-04-21T15:47:30","modified_gmt":"2018-04-21T13:47:30","slug":"was-ist-ein-smtp-server","status":"publish","type":"page","link":"https:\/\/serversmtp.com\/de\/was-ist-ein-smtp-server\/","title":{"rendered":"Was ist ein SMTP-Server?"},"content":{"rendered":"<p>Die Abk\u00fcrzung <strong>SMTP<\/strong> steht f\u00fcr Simple Mail Transfer Protocol, das Verfahren hinter dem E-Mail-Fluss im Internet.<\/p>\n<p>Was passiert, wenn Sie eine E-Mail versenden? Der Prozess der<strong> E-Mail-Zustellung<\/strong> ist tats\u00e4chlich der klassischen Post recht \u00e4hnlich: Ein organisiertes System k\u00fcmmert sich um Ihren Umschlag und durch eine Reihe von Schritten wird dieser bei Ihrem Empf\u00e4nger abgeliefert.<\/p>\n<p>In diesem Prozess ist der <strong>SMTP-Server<\/strong> einfach ein Computer auf dem SMTP l\u00e4uft und der mehr oder weniger wie ein Postbote handelt. Sobald die Mitteilungen aufgenommen wurden, werden sie zu diesem Server geschickt, der sich um die eigentliche Zustellung der E-Mails an deren Empf\u00e4nger k\u00fcmmert. Im Grunde verl\u00e4uft die Reise einer Mitteilung von Ihrem Computer zu dem des Empf\u00e4ngers wie folgt:<\/p>\n<p><img decoding=\"async\" class=\"aligncenter wp-image-2811 size-full\" src=\"https:\/\/serversmtp.com\/wp-content\/uploads\/2018\/02\/what-is-smtp.png\" alt=\"\" width=\"580\" height=\"372\" srcset=\"https:\/\/serversmtp.com\/wp-content\/uploads\/2018\/02\/what-is-smtp.png 580w, https:\/\/serversmtp.com\/wp-content\/uploads\/2018\/02\/what-is-smtp-300x192.png 300w, https:\/\/serversmtp.com\/wp-content\/uploads\/2018\/02\/what-is-smtp-320x205.png 320w, https:\/\/serversmtp.com\/wp-content\/uploads\/2018\/02\/what-is-smtp-239x153.png 239w\" sizes=\"(max-width: 580px) 100vw, 580px\" \/><\/p>\n<ul>\n<li>Sie senden eine E-Mail mit Ihrem Webmail oder Mail-Client von Ihrer Adresse (z.B. mark@website.com) an einen vorgegebenen Empf\u00e4nger (z.B. jane@domain.com). Im Fachchinesisch wird der Webmail oder Client als<strong> Message User Agent<\/strong>, oder kurz MUA, bezeichnet. Die Mitteilung wird normalerweise \u00fcber Port 25 an einen SMTP-Server (zum Beispiel mit dem Namen mail.website.com) gesendet, der Ihrem Client vorgegeben wird, wenn Sie ihn einrichten und dieser fungiert als ein <strong>Message Transfer Agent<\/strong> oder MTA.<\/li>\n<li><strong>Client und Server beginnen eine kurze &#8220;Unterhaltung&#8221;<\/strong>, bei dem der letztere alle Daten hinsichtlich der \u00dcbertragung der Mitteilung pr\u00fcft (Absender, Empf\u00e4nger, Domains etc.). Beachten Sie, dass die<strong> SMTP-Sprache<\/strong> nur die \u00dcbertragung der Mitteilung definiert und sich nicht um deren Inhalt k\u00fcmmert.<\/li>\n<li>Dann, wenn die Domain, in der Ihr Empf\u00e4nger seinen Account hat, direkt mit dem Server verbunden ist, wird die E-Mail direkt ausgeliefert. Wenn das nicht der Fall ist, reicht der <strong>SMTP-Server<\/strong> sie an einen anderen <strong>Eingangsserver<\/strong> weiter, der n\u00e4her am Empf\u00e4nger liegt (im Jargon werden diese Stellen als Relays bezeichnet). In unserem Beispiel verbindet sich der Website Server mit dem Domain Server, der \u2013 wenn alles glatt gelaufen ist \u2013 die E-Mail empf\u00e4ngt und speichert.<\/li>\n<li>Was, wenn der Server des Empf\u00e4ngers au\u00dfer Betrieb oder besch\u00e4ftigt ist? Der <strong>SMTP-Host<\/strong> liefert die Nachricht einfach bei einem Backup-Server ab, wenn keiner davon verf\u00fcgbar ist, wird die E-Mail in die Warteschleife (die sog. <strong>queue<\/strong>) gelegt und der Zustellversuch wird periodisch wiederholt. Nach einer bestimmten Zeitdauer jedoch wird die Nachricht als unzustellbar zur\u00fcckgeschickt.<\/li>\n<li>Wenn es jedenfalls keine Schwierigkeiten gibt, wird der letzte Abschnitt mittels <strong>POP<\/strong> gesteuert, einem weiteren Protokoll, welches die E-Mail vom Empfangsserver abholt und diese im Posteingang des Empf\u00e4ngers abspeichert.<\/li>\n<\/ul>\n<p>Es muss trotzdem betont werden, dass die SMTP-Server, die Sie f\u00fcr Ihre &#8220;normalen E-Mails&#8221; verwenden, wie z.B. die von den Providern wie Hotmail, Gmail und Yahoo Mail, unter den Benutzern geteilt werden und<strong> diese auf nicht dedizierten IPs sitzen<\/strong>.<\/p>\n<p>Das bedeutet, Sie k\u00f6nnten sich auf eine IP verlassen, die ebenfalls von einem <strong>Spammer<\/strong> benutzt wurde, ein Umstand, der die korrekte Zustellung Ihrer Nachrichten negativ beeinflussen wird. Auch haben normale Provider <strong>strenge Grenzen in Bezug auf die Anzahl der E-Mails<\/strong>, die Sie senden k\u00f6nnen (z.B. Yahoos Limit liegt bei 100 E-Mails pro Stunde).<\/p>\n<p>Aus diesem Grund empfehlen wir, wenn Sie den Versand einer Massen-E-Mail planen oder eine E-Mail-Kampagnen einrichten, die Verwendung eines <strong><a title=\"smtp server\" href=\"\/de\/signup\">professionellen E-Mail-Versand-Services<\/a><\/strong> wie z.B. turboSMTP, der eine kontrollierte IP garantiert und die zuvor erw\u00e4hnten Probleme ausschlie\u00dft.<\/p>\n","protected":false},"excerpt":{"rendered":"<p>Die Abk\u00fcrzung SMTP steht f\u00fcr Simple Mail Transfer Protocol, das Verfahren hinter dem E-Mail-Fluss im Internet. Was passiert, wenn Sie eine E-Mail versenden? Der Prozess der E-Mail-Zustellung ist tats\u00e4chlich der klassischen Post recht \u00e4hnlich: Ein organisiertes System k\u00fcmmert sich um Ihren Umschlag und durch eine Reihe von Schritten wird dieser bei Ihrem Empf\u00e4nger abgeliefert. In &#8230; <\/p>\n<p class=\"read-more-container\"><a title=\"Was ist ein SMTP-Server?\" class=\"read-more button\" href=\"https:\/\/serversmtp.com\/de\/was-ist-ein-smtp-server\/#more-2809\" aria-label=\"Mehr Informationen \u00fcber Was ist ein SMTP-Server?\">Entdecke mehr<\/a><\/p>\n","protected":false},"author":3,"featured_media":0,"parent":0,"menu_order":0,"comment_status":"closed","ping_status":"closed","template":"","meta":{"_eb_attr":"","inline_featured_image":false,"_monsterinsights_skip_tracking":false,"_monsterinsights_sitenote_active":false,"_monsterinsights_sitenote_note":"","_monsterinsights_sitenote_category":0,"footnotes":""},"class_list":["post-2809","page","type-page","status-publish"],"yoast_head":"<!-- This site is optimized with the Yoast SEO plugin v25.3.1 - https:\/\/yoast.com\/wordpress\/plugins\/seo\/ -->\n<title>Was ist ein SMTP-Server? - smtp mail server - professional SMTP service provider<\/title>\n<meta name=\"robots\" content=\"index, follow, max-snippet:-1, max-image-preview:large, max-video-preview:-1\" \/>\n<link rel=\"canonical\" href=\"https:\/\/serversmtp.com\/de\/was-ist-ein-smtp-server\/\" \/>\n<meta name=\"twitter:label1\" content=\"Gesch\u00e4tzte Lesezeit\" \/>\n\t<meta name=\"twitter:data1\" content=\"3\u00a0Minuten\" \/>\n<!-- \/ Yoast SEO plugin. -->","yoast_head_json":{"title":"Was ist ein SMTP-Server? - smtp mail server - professional SMTP service provider","robots":{"index":"index","follow":"follow","max-snippet":"max-snippet:-1","max-image-preview":"max-image-preview:large","max-video-preview":"max-video-preview:-1"},"canonical":"https:\/\/serversmtp.com\/de\/was-ist-ein-smtp-server\/","twitter_misc":{"Gesch\u00e4tzte Lesezeit":"3\u00a0Minuten"},"schema":{"@context":"https:\/\/schema.org","@graph":[{"@type":"WebPage","@id":"https:\/\/serversmtp.com\/de\/was-ist-ein-smtp-server\/","url":"https:\/\/serversmtp.com\/de\/was-ist-ein-smtp-server\/","name":"Was ist ein SMTP-Server? - smtp mail server - professional SMTP service provider","isPartOf":{"@id":"https:\/\/serversmtp.com\/#website"},"primaryImageOfPage":{"@id":"https:\/\/serversmtp.com\/de\/was-ist-ein-smtp-server\/#primaryimage"},"image":{"@id":"https:\/\/serversmtp.com\/de\/was-ist-ein-smtp-server\/#primaryimage"},"thumbnailUrl":"https:\/\/serversmtp.com\/wp-content\/uploads\/2018\/02\/what-is-smtp.png","datePublished":"2018-04-18T16:06:05+00:00","dateModified":"2018-04-21T13:47:30+00:00","breadcrumb":{"@id":"https:\/\/serversmtp.com\/de\/was-ist-ein-smtp-server\/#breadcrumb"},"inLanguage":"de","potentialAction":[{"@type":"ReadAction","target":["https:\/\/serversmtp.com\/de\/was-ist-ein-smtp-server\/"]}]},{"@type":"ImageObject","inLanguage":"de","@id":"https:\/\/serversmtp.com\/de\/was-ist-ein-smtp-server\/#primaryimage","url":"https:\/\/serversmtp.com\/wp-content\/uploads\/2018\/02\/what-is-smtp.png","contentUrl":"https:\/\/serversmtp.com\/wp-content\/uploads\/2018\/02\/what-is-smtp.png"},{"@type":"BreadcrumbList","@id":"https:\/\/serversmtp.com\/de\/was-ist-ein-smtp-server\/#breadcrumb","itemListElement":[{"@type":"ListItem","position":1,"name":"Home","item":"https:\/\/serversmtp.com\/de\/"},{"@type":"ListItem","position":2,"name":"Was ist ein SMTP-Server?"}]},{"@type":"WebSite","@id":"https:\/\/serversmtp.com\/#website","url":"https:\/\/serversmtp.com\/","name":"smtp mail server - professional SMTP service provider","description":"smtp mail server - professional SMTP service provider","publisher":{"@id":"https:\/\/serversmtp.com\/#organization"},"potentialAction":[{"@type":"SearchAction","target":{"@type":"EntryPoint","urlTemplate":"https:\/\/serversmtp.com\/?s={search_term_string}"},"query-input":{"@type":"PropertyValueSpecification","valueRequired":true,"valueName":"search_term_string"}}],"inLanguage":"de"},{"@type":"Organization","@id":"https:\/\/serversmtp.com\/#organization","name":"Delivery Tech","url":"https:\/\/serversmtp.com\/","logo":{"@type":"ImageObject","inLanguage":"de","@id":"https:\/\/serversmtp.com\/#\/schema\/logo\/image\/","url":"https:\/\/serversmtp.com\/wp-content\/uploads\/2021\/11\/og-image-2.jpg","contentUrl":"https:\/\/serversmtp.com\/wp-content\/uploads\/2021\/11\/og-image-2.jpg","width":1200,"height":1128,"caption":"Delivery Tech"},"image":{"@id":"https:\/\/serversmtp.com\/#\/schema\/logo\/image\/"}}]}},"_links":{"self":[{"href":"https:\/\/serversmtp.com\/de\/wp-json\/wp\/v2\/pages\/2809"}],"collection":[{"href":"https:\/\/serversmtp.com\/de\/wp-json\/wp\/v2\/pages"}],"about":[{"href":"https:\/\/serversmtp.com\/de\/wp-json\/wp\/v2\/types\/page"}],"author":[{"embeddable":true,"href":"https:\/\/serversmtp.com\/de\/wp-json\/wp\/v2\/users\/3"}],"replies":[{"embeddable":true,"href":"https:\/\/serversmtp.com\/de\/wp-json\/wp\/v2\/comments?post=2809"}],"version-history":[{"count":2,"href":"https:\/\/serversmtp.com\/de\/wp-json\/wp\/v2\/pages\/2809\/revisions"}],"predecessor-version":[{"id":2812,"href":"https:\/\/serversmtp.com\/de\/wp-json\/wp\/v2\/pages\/2809\/revisions\/2812"}],"wp:attachment":[{"href":"https:\/\/serversmtp.com\/de\/wp-json\/wp\/v2\/media?parent=2809"}],"curies":[{"name":"wp","href":"https:\/\/api.w.org\/{rel}","templated":true}]}}