{"id":2805,"date":"2018-04-18T17:52:51","date_gmt":"2018-04-18T15:52:51","guid":{"rendered":"https:\/\/dev.serversmtp.com\/?page_id=2805"},"modified":"2022-02-10T16:07:15","modified_gmt":"2022-02-10T15:07:15","slug":"uber-smtp","status":"publish","type":"page","link":"https:\/\/serversmtp.com\/de\/uber-smtp\/","title":{"rendered":"\u00dcber SMTP\ufeff"},"content":{"rendered":"<p>Alles, was Sie \u00fcber Ihre SMTP-Server-Einstellungen, was &#8220;SMTP&#8221; steht, und andere Details \u00fcber die Grundlagen der E-Mail-Zustellung wissen m\u00fcssen.\ufeff<\/p>\n<div class=\"lpCategoryList\">\n<h2><a title=\"Was ist ein SMTP-server\" href=\"\/de\/was-ist-ein-smtp-server\">Was ist ein SMTP-server?<\/a><\/h2>\n<p>Die Abk\u00fcrzung SMTP steht f\u00fcr Simple Mail Transfer Protocol, das Verfahren hinter dem E-Mail-Fluss im Internet.\ufeff<\/p>\n<h2><a title=\"Professioneller postausgangsserver\" href=\"\/de\/postausgangsserver\">Professioneller \ufeffPostausgangsserver\ufeff<\/a><\/h2>\n<p>Ein professioneller E-Postausgangsserver ist essentiell, wenn es um Mengen-, Marketing- und Transaktions-E-Mails geht.\ufeff<\/p>\n<h2><a title=\"gratis smtp-server\" href=\"\/de\/gratis-smtp-server-kostenlos\">Gratis SMTP-server<\/a><\/h2>\n<p>Was ist ein konstenlos Postausgangsserver und&nbsp;wie sie zu konfigurieren\ufeff.<\/p>\n<h2><a title=\"was sind smtp-relays\" href=\"\/de\/was-sind-smtp-relays\">SMTP-Relays<\/a><\/h2>\n<p>SMTP-Relays sind essentiell zum Versenden von Transaktions-E-Mails, Newslettern und allen anderen Formen von Massen-Mailing.\ufeff<\/p>\n<\/div>\n","protected":false},"excerpt":{"rendered":"<p>Alles, was Sie \u00fcber Ihre SMTP-Server-Einstellungen, was &#8220;SMTP&#8221; steht, und andere Details \u00fcber die Grundlagen der E-Mail-Zustellung wissen m\u00fcssen.\ufeff Was ist ein SMTP-server? Die Abk\u00fcrzung SMTP steht f\u00fcr Simple Mail Transfer Protocol, das Verfahren hinter dem E-Mail-Fluss im Internet.\ufeff Professioneller \ufeffPostausgangsserver\ufeff Ein professioneller E-Postausgangsserver ist essentiell, wenn es um Mengen-, Marketing- und Transaktions-E-Mails geht.\ufeff Gratis &#8230; <\/p>\n<p class=\"read-more-container\"><a title=\"\u00dcber SMTP\ufeff\" class=\"read-more button\" href=\"https:\/\/serversmtp.com\/de\/uber-smtp\/#more-2805\" aria-label=\"Mehr Informationen \u00fcber \u00dcber SMTP\ufeff\">Entdecke mehr<\/a><\/p>\n","protected":false},"author":3,"featured_media":0,"parent":0,"menu_order":0,"comment_status":"closed","ping_status":"closed","template":"","meta":{"_eb_attr":"","inline_featured_image":false,"_monsterinsights_skip_tracking":false,"_monsterinsights_sitenote_active":false,"_monsterinsights_sitenote_note":"","_monsterinsights_sitenote_category":0,"footnotes":""},"class_list":["post-2805","page","type-page","status-publish"],"yoast_head":"<!-- This site is optimized with the Yoast SEO plugin v25.3.1 - https:\/\/yoast.com\/wordpress\/plugins\/seo\/ -->\n<title>\u00dcber SMTP\ufeff - smtp mail server - professional SMTP service provider<\/title>\n<meta name=\"robots\" content=\"index, follow, max-snippet:-1, max-image-preview:large, max-video-preview:-1\" \/>\n<link rel=\"canonical\" href=\"https:\/\/serversmtp.com\/de\/uber-smtp\/\" \/>\n<!-- \/ Yoast SEO plugin. -->","yoast_head_json":{"title":"\u00dcber SMTP\ufeff - smtp mail server - professional SMTP service provider","robots":{"index":"index","follow":"follow","max-snippet":"max-snippet:-1","max-image-preview":"max-image-preview:large","max-video-preview":"max-video-preview:-1"},"canonical":"https:\/\/serversmtp.com\/de\/uber-smtp\/","schema":{"@context":"https:\/\/schema.org","@graph":[{"@type":"WebPage","@id":"https:\/\/serversmtp.com\/de\/uber-smtp\/","url":"https:\/\/serversmtp.com\/de\/uber-smtp\/","name":"\u00dcber SMTP\ufeff - smtp mail server - professional SMTP service provider","isPartOf":{"@id":"https:\/\/serversmtp.com\/de\/#website"},"datePublished":"2018-04-18T15:52:51+00:00","dateModified":"2022-02-10T15:07:15+00:00","breadcrumb":{"@id":"https:\/\/serversmtp.com\/de\/uber-smtp\/#breadcrumb"},"inLanguage":"de","potentialAction":[{"@type":"ReadAction","target":["https:\/\/serversmtp.com\/de\/uber-smtp\/"]}]},{"@type":"BreadcrumbList","@id":"https:\/\/serversmtp.com\/de\/uber-smtp\/#breadcrumb","itemListElement":[{"@type":"ListItem","position":1,"name":"Home","item":"https:\/\/serversmtp.com\/de\/"},{"@type":"ListItem","position":2,"name":"\u00dcber SMTP\ufeff"}]},{"@type":"WebSite","@id":"https:\/\/serversmtp.com\/de\/#website","url":"https:\/\/serversmtp.com\/de\/","name":"smtp mail server - professional SMTP service provider","description":"smtp mail server - professional SMTP service provider","publisher":{"@id":"https:\/\/serversmtp.com\/de\/#organization"},"potentialAction":[{"@type":"SearchAction","target":{"@type":"EntryPoint","urlTemplate":"https:\/\/serversmtp.com\/de\/?s={search_term_string}"},"query-input":{"@type":"PropertyValueSpecification","valueRequired":true,"valueName":"search_term_string"}}],"inLanguage":"de"},{"@type":"Organization","@id":"https:\/\/serversmtp.com\/de\/#organization","name":"Delivery Tech","url":"https:\/\/serversmtp.com\/de\/","logo":{"@type":"ImageObject","inLanguage":"de","@id":"https:\/\/serversmtp.com\/de\/#\/schema\/logo\/image\/","url":"https:\/\/serversmtp.com\/wp-content\/uploads\/2021\/11\/og-image-2.jpg","contentUrl":"https:\/\/serversmtp.com\/wp-content\/uploads\/2021\/11\/og-image-2.jpg","width":1200,"height":1128,"caption":"Delivery Tech"},"image":{"@id":"https:\/\/serversmtp.com\/de\/#\/schema\/logo\/image\/"}}]}},"_links":{"self":[{"href":"https:\/\/serversmtp.com\/de\/wp-json\/wp\/v2\/pages\/2805"}],"collection":[{"href":"https:\/\/serversmtp.com\/de\/wp-json\/wp\/v2\/pages"}],"about":[{"href":"https:\/\/serversmtp.com\/de\/wp-json\/wp\/v2\/types\/page"}],"author":[{"embeddable":true,"href":"https:\/\/serversmtp.com\/de\/wp-json\/wp\/v2\/users\/3"}],"replies":[{"embeddable":true,"href":"https:\/\/serversmtp.com\/de\/wp-json\/wp\/v2\/comments?post=2805"}],"version-history":[{"count":3,"href":"https:\/\/serversmtp.com\/de\/wp-json\/wp\/v2\/pages\/2805\/revisions"}],"predecessor-version":[{"id":2808,"href":"https:\/\/serversmtp.com\/de\/wp-json\/wp\/v2\/pages\/2805\/revisions\/2808"}],"wp:attachment":[{"href":"https:\/\/serversmtp.com\/de\/wp-json\/wp\/v2\/media?parent=2805"}],"curies":[{"name":"wp","href":"https:\/\/api.w.org\/{rel}","templated":true}]}}