{"id":2802,"date":"2018-04-18T17:49:05","date_gmt":"2018-04-18T15:49:05","guid":{"rendered":"https:\/\/dev.serversmtp.com\/?page_id=2802"},"modified":"2018-08-29T17:02:59","modified_gmt":"2018-08-29T15:02:59","slug":"mail-server-administratoren","status":"publish","type":"page","link":"https:\/\/serversmtp.com\/de\/mail-server-administratoren\/","title":{"rendered":"Mail Server Administratoren"},"content":{"rendered":"<p>Wissen Sie, was die <strong>Zustellbarkeit<\/strong> und <strong>Seriosit\u00e4t<\/strong> Ihres E-Mail-Servers sind?<br \/>\nIst Ihr <strong>Server auf der wei\u00dfen Liste<\/strong> aller E-Mail-Provider (Gmail, Hotmail etc.)?<br \/>\nIst Ihre <strong>auf der wei\u00dfen Liste?<\/strong><\/p>\n<h3>Mail-Benachrichtigungen versenden<\/h3>\n<p>Wenn Sie <strong>Dienstleistungen verkaufen<\/strong> zu finden oder einen eigenen <strong>Online-Shop,<\/strong> betreiben, dann nutzen Sie m\u00f6glicherweise <strong>E-Mail-Benachrichtigungen.<\/strong><br \/>\nSie sind die beste Art mitzuteilen, dass eine Bestellung eingegangen ist, oder Lizenz-Codes, Aktivierungs-Links und so weiter zu senden.<\/p>\n<p>turboSMTP erlaubt es Ihnen den Posteingang Ihres Empf\u00e4ngers zu erreichen unter <strong>Vermeidung von Spam-Filtern<\/strong> und <strong>schwarz \/ grau-Listen.<\/strong><\/p>\n<p>Unsere State-of-the-art-Mail-Server sind <strong>skalierbar<\/strong> und <strong>extrem sicher,<\/strong> entworfen, um <strong>gro\u00dfe E-Mail Volumen weiterzuleiten,<\/strong> bei der jeweils h\u00f6chstm\u00f6glichen <strong>Geschwindigkeit<\/strong> und <strong>Senderate.<\/strong><\/p>\n<p>Es gibt viele Vorteile bei der Verwendung von turboSMTP \u00fcber Ihre Inhouse-SMTP-Server:<\/p>\n<ul>\n<li>Absolute <strong>Zuverl\u00e4ssigkeit<\/strong><\/li>\n<li>Schnelle <strong>Lieferung<\/strong><\/li>\n<li>Erweiterte <strong>Sicherheit<\/strong><\/li>\n<li><strong>Feedback<\/strong> Schleifen mit ISPs<\/li>\n<li>SPF \/ Absender <strong>ID-Authentifizierung<\/strong><\/li>\n<li>Zugriff auf <strong>SMTP-Log-Dateien<\/strong><\/li>\n<li><strong>Flexible Preisgestaltung<\/strong><\/li>\n<\/ul>\n<p>turboSMTP ist <strong>leicht in alle wichtigen Server-Betriebssysteme und Software, einschlie\u00dflich <strong>Microsoft Windows Server, Sendmail<\/strong> und Postfix<\/strong> zu integrieren<\/p>\n<p>Dar\u00fcber hinaus wird unser <strong>erfahrenes technisches Team<\/strong> bereit sein, Sie mit unserem <strong>24\/7\/365<\/strong>, erstklassigem <strong>Support<\/strong> zu unterst\u00fctzen.<\/p>\n<h3>Sp\u00fcren Sie den Unterschied<\/h3>\n<p>Wir bieten eine <strong>Vielzahl von Paketen,<\/strong> so dass Sie nach den Bed\u00fcrfnisse Ihres Unternehmens ausw\u00e4hlen k\u00f6nnen.<\/p>\n<p>Wenn Sie m\u00f6chten <strong>ein Angebote anfordern m\u00f6chten,<\/strong>, <span class=\"startLink\"><a title=\"SMTP-Dienst zu finden sind\" href=\"\/de\/contact.php\">kontaktieren Sie uns<\/a><\/span><\/p>\n","protected":false},"excerpt":{"rendered":"<p>Wissen Sie, was die Zustellbarkeit und Seriosit\u00e4t Ihres E-Mail-Servers sind? Ist Ihr Server auf der wei\u00dfen Liste aller E-Mail-Provider (Gmail, Hotmail etc.)? Ist Ihre auf der wei\u00dfen Liste? Mail-Benachrichtigungen versenden Wenn Sie Dienstleistungen verkaufen zu finden oder einen eigenen Online-Shop, betreiben, dann nutzen Sie m\u00f6glicherweise E-Mail-Benachrichtigungen. Sie sind die beste Art mitzuteilen, dass eine Bestellung &#8230; <\/p>\n<p class=\"read-more-container\"><a title=\"Mail Server Administratoren\" class=\"read-more button\" href=\"https:\/\/serversmtp.com\/de\/mail-server-administratoren\/#more-2802\" aria-label=\"Mehr Informationen \u00fcber Mail Server Administratoren\">Entdecke mehr<\/a><\/p>\n","protected":false},"author":3,"featured_media":0,"parent":0,"menu_order":0,"comment_status":"closed","ping_status":"closed","template":"g1_template_page_sidebar_right.php","meta":{"_eb_attr":"","inline_featured_image":false,"_monsterinsights_skip_tracking":false,"_monsterinsights_sitenote_active":false,"_monsterinsights_sitenote_note":"","_monsterinsights_sitenote_category":0,"footnotes":""},"class_list":["post-2802","page","type-page","status-publish"],"yoast_head":"<!-- This site is optimized with the Yoast SEO plugin v25.3.1 - https:\/\/yoast.com\/wordpress\/plugins\/seo\/ -->\n<title>Mail Server Administratoren - smtp mail server - professional SMTP service provider<\/title>\n<meta name=\"robots\" content=\"index, follow, max-snippet:-1, max-image-preview:large, max-video-preview:-1\" \/>\n<link rel=\"canonical\" href=\"https:\/\/serversmtp.com\/de\/mail-server-administratoren\/\" \/>\n<meta name=\"twitter:label1\" content=\"Gesch\u00e4tzte Lesezeit\" \/>\n\t<meta name=\"twitter:data1\" content=\"1\u00a0Minute\" \/>\n<!-- \/ Yoast SEO plugin. -->","yoast_head_json":{"title":"Mail Server Administratoren - smtp mail server - professional SMTP service provider","robots":{"index":"index","follow":"follow","max-snippet":"max-snippet:-1","max-image-preview":"max-image-preview:large","max-video-preview":"max-video-preview:-1"},"canonical":"https:\/\/serversmtp.com\/de\/mail-server-administratoren\/","twitter_misc":{"Gesch\u00e4tzte Lesezeit":"1\u00a0Minute"},"schema":{"@context":"https:\/\/schema.org","@graph":[{"@type":"WebPage","@id":"https:\/\/serversmtp.com\/de\/mail-server-administratoren\/","url":"https:\/\/serversmtp.com\/de\/mail-server-administratoren\/","name":"Mail Server Administratoren - smtp mail server - professional SMTP service provider","isPartOf":{"@id":"https:\/\/serversmtp.com\/it\/#website"},"datePublished":"2018-04-18T15:49:05+00:00","dateModified":"2018-08-29T15:02:59+00:00","breadcrumb":{"@id":"https:\/\/serversmtp.com\/de\/mail-server-administratoren\/#breadcrumb"},"inLanguage":"de","potentialAction":[{"@type":"ReadAction","target":["https:\/\/serversmtp.com\/de\/mail-server-administratoren\/"]}]},{"@type":"BreadcrumbList","@id":"https:\/\/serversmtp.com\/de\/mail-server-administratoren\/#breadcrumb","itemListElement":[{"@type":"ListItem","position":1,"name":"Home","item":"https:\/\/serversmtp.com\/de\/"},{"@type":"ListItem","position":2,"name":"Mail Server Administratoren"}]},{"@type":"WebSite","@id":"https:\/\/serversmtp.com\/it\/#website","url":"https:\/\/serversmtp.com\/it\/","name":"smtp mail server - professional SMTP service provider","description":"smtp mail server - professional SMTP service provider","publisher":{"@id":"https:\/\/serversmtp.com\/it\/#organization"},"potentialAction":[{"@type":"SearchAction","target":{"@type":"EntryPoint","urlTemplate":"https:\/\/serversmtp.com\/it\/?s={search_term_string}"},"query-input":{"@type":"PropertyValueSpecification","valueRequired":true,"valueName":"search_term_string"}}],"inLanguage":"de"},{"@type":"Organization","@id":"https:\/\/serversmtp.com\/it\/#organization","name":"Delivery Tech","url":"https:\/\/serversmtp.com\/it\/","logo":{"@type":"ImageObject","inLanguage":"de","@id":"https:\/\/serversmtp.com\/it\/#\/schema\/logo\/image\/","url":"https:\/\/serversmtp.com\/wp-content\/uploads\/2021\/11\/og-image-2.jpg","contentUrl":"https:\/\/serversmtp.com\/wp-content\/uploads\/2021\/11\/og-image-2.jpg","width":1200,"height":1128,"caption":"Delivery Tech"},"image":{"@id":"https:\/\/serversmtp.com\/it\/#\/schema\/logo\/image\/"}}]}},"_links":{"self":[{"href":"https:\/\/serversmtp.com\/de\/wp-json\/wp\/v2\/pages\/2802"}],"collection":[{"href":"https:\/\/serversmtp.com\/de\/wp-json\/wp\/v2\/pages"}],"about":[{"href":"https:\/\/serversmtp.com\/de\/wp-json\/wp\/v2\/types\/page"}],"author":[{"embeddable":true,"href":"https:\/\/serversmtp.com\/de\/wp-json\/wp\/v2\/users\/3"}],"replies":[{"embeddable":true,"href":"https:\/\/serversmtp.com\/de\/wp-json\/wp\/v2\/comments?post=2802"}],"version-history":[{"count":3,"href":"https:\/\/serversmtp.com\/de\/wp-json\/wp\/v2\/pages\/2802\/revisions"}],"predecessor-version":[{"id":4895,"href":"https:\/\/serversmtp.com\/de\/wp-json\/wp\/v2\/pages\/2802\/revisions\/4895"}],"wp:attachment":[{"href":"https:\/\/serversmtp.com\/de\/wp-json\/wp\/v2\/media?parent=2802"}],"curies":[{"name":"wp","href":"https:\/\/api.w.org\/{rel}","templated":true}]}}