{"id":2798,"date":"2018-04-18T17:34:52","date_gmt":"2018-04-18T15:34:52","guid":{"rendered":"https:\/\/dev.serversmtp.com\/?page_id=2798"},"modified":"2018-08-29T17:20:58","modified_gmt":"2018-08-29T15:20:58","slug":"mailing-list-betreiber","status":"publish","type":"page","link":"https:\/\/serversmtp.com\/de\/mailing-list-betreiber\/","title":{"rendered":"Mailing List Betreiber"},"content":{"rendered":"<p>turboSMTP stellt eine <strong>kosteng\u00fcnstige M\u00f6glichkeit<\/strong> dar, Ihren Newsletter oder Ihre Mailinglisten zu verteilen, unabh\u00e4ngig davon, ob Sie <strong>Hunderte oder Millionen von legitimen E-Mails<\/strong> senden m\u00fcssen.<\/p>\n<p>Wenn Sie anfangen eine gro\u00dfe Anzahl an E-Mails zu senden, kommt es m\u00f6glicherweise zu Problemen mit ausgehenden E-Mails, welche Zeit und M\u00fche bei der Untersuchund und zu Behebung erfordern.<\/p>\n<p>Sobald Sie anfangen, turboSMTP in Kombination mit Ihrer Bulk-E-Mail Anwendung zu verwenden, <strong>werden<\/strong> Sie <strong>sich keine Sorgen um Blacklists, ISP Einschr\u00e4nkungen<\/strong> oder schlechte <strong>E-Mail Reputation<\/strong> machen m\u00fcssen.<\/p>\n<p>Unsere <strong>wei\u00df-gelisteten Mailserver<\/strong> senden Ihre E-Mails und <strong>stellen sicher, dass sie tats\u00e4chlich ausgeliefert wurden<\/strong> &#8211; Sie sparen Zeit und verf\u00fcgen \u00fcber <strong>bessere Response-Raten.<\/strong><\/p>\n<p>turboSMTP funktioniert mit <strong>allen g\u00e4ngigen E-Mail-Anwendungen,<\/strong> einschlie\u00dflich:<\/p>\n<ul>\n<li>Max Bulk Mailer<\/li>\n<li>G-Lock Easy Mail<\/li>\n<li>SendBlaster<\/li>\n<li>Infacta Group Mail<\/li>\n<\/ul>\n<p>&#8230; und vielen mehr.<\/p>\n<h3>Sp\u00fcren Sie den Unterschied<\/h3>\n<p>Wir bieten verschiedene Pakete, so dass Sie ausw\u00e4hlen k\u00f6nnen, was am besten zu den Anforderungen Ihres Unternehmens passt.<\/p>\n<p class=\"startLink\"><a title=\"Beginnen Sie in wenigen Minuten, Ihre E-Mails mit turboSMTP zu versenden...\" href=\"\/de\/order.php\">Beginnen Sie in wenigen Minuten, Ihre E-Mails mit turboSMTP zu versenden&#8230;<\/a><\/p>\n","protected":false},"excerpt":{"rendered":"<p>turboSMTP stellt eine kosteng\u00fcnstige M\u00f6glichkeit dar, Ihren Newsletter oder Ihre Mailinglisten zu verteilen, unabh\u00e4ngig davon, ob Sie Hunderte oder Millionen von legitimen E-Mails senden m\u00fcssen. Wenn Sie anfangen eine gro\u00dfe Anzahl an E-Mails zu senden, kommt es m\u00f6glicherweise zu Problemen mit ausgehenden E-Mails, welche Zeit und M\u00fche bei der Untersuchund und zu Behebung erfordern. Sobald [&hellip;]<\/p>\n","protected":false},"author":3,"featured_media":0,"parent":0,"menu_order":0,"comment_status":"closed","ping_status":"closed","template":"g1_template_page_sidebar_right.php","meta":[],"yoast_head":"<!-- This site is optimized with the Yoast SEO plugin v16.4 - https:\/\/yoast.com\/wordpress\/plugins\/seo\/ -->\n<meta name=\"robots\" content=\"index, follow, max-snippet:-1, max-image-preview:large, max-video-preview:-1\" \/>\n<link rel=\"canonical\" href=\"https:\/\/serversmtp.com\/de\/mailing-list-betreiber\/\" \/>\n<meta property=\"og:locale\" content=\"de_DE\" \/>\n<meta property=\"og:type\" content=\"article\" \/>\n<meta property=\"og:title\" content=\"Mailing List Betreiber - smtp mail server - professional SMTP service provider\" \/>\n<meta property=\"og:description\" content=\"turboSMTP stellt eine kosteng\u00fcnstige M\u00f6glichkeit dar, Ihren Newsletter oder Ihre Mailinglisten zu verteilen, unabh\u00e4ngig davon, ob Sie Hunderte oder Millionen von legitimen E-Mails senden m\u00fcssen. Wenn Sie anfangen eine gro\u00dfe Anzahl an E-Mails zu senden, kommt es m\u00f6glicherweise zu Problemen mit ausgehenden E-Mails, welche Zeit und M\u00fche bei der Untersuchund und zu Behebung erfordern. Sobald [&hellip;]\" \/>\n<meta property=\"og:url\" content=\"https:\/\/serversmtp.com\/de\/mailing-list-betreiber\/\" \/>\n<meta property=\"og:site_name\" content=\"smtp mail server - professional SMTP service provider\" \/>\n<meta property=\"article:modified_time\" content=\"2018-08-29T15:20:58+00:00\" \/>\n<meta name=\"twitter:card\" content=\"summary_large_image\" \/>\n<meta name=\"twitter:label1\" content=\"Gesch\u00e4tzte Lesezeit\" \/>\n\t<meta name=\"twitter:data1\" content=\"1 Minute\" \/>\n<script type=\"application\/ld+json\" class=\"yoast-schema-graph\">{\"@context\":\"https:\/\/schema.org\",\"@graph\":[{\"@type\":\"WebSite\",\"@id\":\"https:\/\/serversmtp.com\/#website\",\"url\":\"https:\/\/serversmtp.com\/\",\"name\":\"smtp mail server - professional SMTP service provider\",\"description\":\"smtp mail server - professional SMTP service provider \",\"potentialAction\":[{\"@type\":\"SearchAction\",\"target\":\"https:\/\/serversmtp.com\/?s={search_term_string}\",\"query-input\":\"required name=search_term_string\"}],\"inLanguage\":\"de-DE\"},{\"@type\":\"WebPage\",\"@id\":\"https:\/\/serversmtp.com\/de\/mailing-list-betreiber\/#webpage\",\"url\":\"https:\/\/serversmtp.com\/de\/mailing-list-betreiber\/\",\"name\":\"Mailing List Betreiber - smtp mail server - professional SMTP service provider\",\"isPartOf\":{\"@id\":\"https:\/\/serversmtp.com\/#website\"},\"datePublished\":\"2018-04-18T15:34:52+00:00\",\"dateModified\":\"2018-08-29T15:20:58+00:00\",\"breadcrumb\":{\"@id\":\"https:\/\/serversmtp.com\/de\/mailing-list-betreiber\/#breadcrumb\"},\"inLanguage\":\"de-DE\",\"potentialAction\":[{\"@type\":\"ReadAction\",\"target\":[\"https:\/\/serversmtp.com\/de\/mailing-list-betreiber\/\"]}]},{\"@type\":\"BreadcrumbList\",\"@id\":\"https:\/\/serversmtp.com\/de\/mailing-list-betreiber\/#breadcrumb\",\"itemListElement\":[{\"@type\":\"ListItem\",\"position\":1,\"item\":{\"@type\":\"WebPage\",\"@id\":\"https:\/\/serversmtp.com\/de\/\",\"url\":\"https:\/\/serversmtp.com\/de\/\",\"name\":\"Home\"}},{\"@type\":\"ListItem\",\"position\":2,\"item\":{\"@id\":\"https:\/\/serversmtp.com\/de\/mailing-list-betreiber\/#webpage\"}}]}]}<\/script>\n<!-- \/ Yoast SEO plugin. -->","_links":{"self":[{"href":"https:\/\/serversmtp.com\/de\/wp-json\/wp\/v2\/pages\/2798"}],"collection":[{"href":"https:\/\/serversmtp.com\/de\/wp-json\/wp\/v2\/pages"}],"about":[{"href":"https:\/\/serversmtp.com\/de\/wp-json\/wp\/v2\/types\/page"}],"author":[{"embeddable":true,"href":"https:\/\/serversmtp.com\/de\/wp-json\/wp\/v2\/users\/3"}],"replies":[{"embeddable":true,"href":"https:\/\/serversmtp.com\/de\/wp-json\/wp\/v2\/comments?post=2798"}],"version-history":[{"count":3,"href":"https:\/\/serversmtp.com\/de\/wp-json\/wp\/v2\/pages\/2798\/revisions"}],"predecessor-version":[{"id":4900,"href":"https:\/\/serversmtp.com\/de\/wp-json\/wp\/v2\/pages\/2798\/revisions\/4900"}],"wp:attachment":[{"href":"https:\/\/serversmtp.com\/de\/wp-json\/wp\/v2\/media?parent=2798"}],"curies":[{"name":"wp","href":"https:\/\/api.w.org\/{rel}","templated":true}]}}