{"id":2795,"date":"2018-04-18T17:28:30","date_gmt":"2018-04-18T15:28:30","guid":{"rendered":"https:\/\/dev.serversmtp.com\/?page_id=2795"},"modified":"2018-08-29T17:51:32","modified_gmt":"2018-08-29T15:51:32","slug":"heim-kleinere-firmen-anwender","status":"publish","type":"page","link":"https:\/\/serversmtp.com\/de\/heim-kleinere-firmen-anwender\/","title":{"rendered":"Heim und kleinere Firmen Anwender"},"content":{"rendered":"<p>turboSMTP l\u00f6st alle Ihre t\u00e4glichen E-Mail-Probleme, so dass Sie <strong>Ihre pers\u00f6nlichen und gesch\u00e4ftlichen E-Mails von Ihrem Haus und B\u00fcro-Computer, mit<\/strong> einer beliebigen <strong>E-Mail-Adresse, die<\/strong> Sie besitzen senden k\u00f6nnen.<\/p>\n<p>Stellen Sie <strong>einfach SMTP-Parameter<\/strong> in Ihren Laptop oder Computer ein, und Sie k\u00f6nnen die <strong>Emails mit jeder Internet-Verbindung<\/strong> versenden und erreichen <strong>maximale Zustellungs Raten.<\/strong><\/p>\n<h3>Ein Konto, mehrere Vorteile<\/h3>\n<p>Ein turboSMTP Konto sichert Ihnen so viele <strong>Vorteile:<\/strong><\/p>\n<ul>\n<li>Senden Sie E-Mails von <strong>Ihrer eigenen Domain<\/strong><\/li>\n<li>Verwenden Sie die <strong>gleichen SMTP-Einstellungen<\/strong> auf allen Computern<\/li>\n<li><strong>Unlimited &#8220;Absender&#8221;-Adressen<\/strong><\/li>\n<li><strong>Versenden Sie Emails zeitnah,<\/strong> vermeiden Sie Mailserver-Verz\u00f6gerungen oder Fehler<\/li>\n<li><strong>\u00dcberwachen Sie<\/strong> alle ausgehenden E-Mails<\/li>\n<\/ul>\n<p>&#8230; und vieles mehr.<\/p>\n<p>turboSMTP arbeitet mit <strong>allen g\u00e4ngigen Mail-Clients,<\/strong> darunter:<\/p>\n<ul>\n<li>Microsoft Outlook<\/li>\n<li>Microsoft Windows Mail<\/li>\n<li>Mozilla Thunderbird<\/li>\n<li>Apple Mac Mail<\/li>\n<\/ul>\n<h3>Tutorials<\/h3>\n<p>Unsere <strong><a href=\"\/de\/knowledgebase.php?action=displaycat&amp;catid=1\">Schritt-f\u00fcr-Schritt-Anleitungen<\/a><\/strong> helfen Ihnen, die Einstellungen f\u00fcr alle g\u00e4ngigen Mail-Clients mit turboSMTP zu konfigurieren.<\/p>\n<h3>Sp\u00fcren Sie den Unterschied<\/h3>\n<p>Wir bieten <strong>verschiedene Pakete,<\/strong> so dass Sie ausw\u00e4hlen k\u00f6nnen, was am besten Ihren Bed\u00fcrfnissen entspricht &#8211; ab nur $ 7,00 pro Monat.<\/p>\n<p class=\"startLink\"><a title=\"Beginnen Sie, Ihre E-Mails mit turboSMTP in wenigen Minuten ...\" href=\"\/de\/order.php\">Beginnen Sie in wenigen Minuten, Ihre E-Mails mit turboSMTP zu versenden&#8230;<\/a><\/p>\n","protected":false},"excerpt":{"rendered":"<p>turboSMTP l\u00f6st alle Ihre t\u00e4glichen E-Mail-Probleme, so dass Sie Ihre pers\u00f6nlichen und gesch\u00e4ftlichen E-Mails von Ihrem Haus und B\u00fcro-Computer, mit einer beliebigen E-Mail-Adresse, die Sie besitzen senden k\u00f6nnen. Stellen Sie einfach SMTP-Parameter in Ihren Laptop oder Computer ein, und Sie k\u00f6nnen die Emails mit jeder Internet-Verbindung versenden und erreichen maximale Zustellungs Raten. Ein Konto, mehrere &#8230; <\/p>\n<p class=\"read-more-container\"><a title=\"Heim und kleinere Firmen Anwender\" class=\"read-more button\" href=\"https:\/\/serversmtp.com\/de\/heim-kleinere-firmen-anwender\/#more-2795\" aria-label=\"Mehr Informationen \u00fcber Heim und kleinere Firmen Anwender\">Entdecke mehr<\/a><\/p>\n","protected":false},"author":3,"featured_media":0,"parent":0,"menu_order":0,"comment_status":"closed","ping_status":"closed","template":"g1_template_page_sidebar_right.php","meta":{"_eb_attr":"","inline_featured_image":false,"_monsterinsights_skip_tracking":false,"_monsterinsights_sitenote_active":false,"_monsterinsights_sitenote_note":"","_monsterinsights_sitenote_category":0,"footnotes":""},"class_list":["post-2795","page","type-page","status-publish"],"yoast_head":"<!-- This site is optimized with the Yoast SEO plugin v25.3.1 - https:\/\/yoast.com\/wordpress\/plugins\/seo\/ -->\n<title>Heim und kleinere Firmen Anwender - smtp mail server - professional SMTP service provider<\/title>\n<meta name=\"robots\" content=\"index, follow, max-snippet:-1, max-image-preview:large, max-video-preview:-1\" \/>\n<link rel=\"canonical\" href=\"https:\/\/serversmtp.com\/de\/heim-kleinere-firmen-anwender\/\" \/>\n<meta name=\"twitter:label1\" content=\"Gesch\u00e4tzte Lesezeit\" \/>\n\t<meta name=\"twitter:data1\" content=\"1\u00a0Minute\" \/>\n<!-- \/ Yoast SEO plugin. -->","yoast_head_json":{"title":"Heim und kleinere Firmen Anwender - smtp mail server - professional SMTP service provider","robots":{"index":"index","follow":"follow","max-snippet":"max-snippet:-1","max-image-preview":"max-image-preview:large","max-video-preview":"max-video-preview:-1"},"canonical":"https:\/\/serversmtp.com\/de\/heim-kleinere-firmen-anwender\/","twitter_misc":{"Gesch\u00e4tzte Lesezeit":"1\u00a0Minute"},"schema":{"@context":"https:\/\/schema.org","@graph":[{"@type":"WebPage","@id":"https:\/\/serversmtp.com\/de\/heim-kleinere-firmen-anwender\/","url":"https:\/\/serversmtp.com\/de\/heim-kleinere-firmen-anwender\/","name":"Heim und kleinere Firmen Anwender - smtp mail server - professional SMTP service provider","isPartOf":{"@id":"https:\/\/serversmtp.com\/de\/#website"},"datePublished":"2018-04-18T15:28:30+00:00","dateModified":"2018-08-29T15:51:32+00:00","breadcrumb":{"@id":"https:\/\/serversmtp.com\/de\/heim-kleinere-firmen-anwender\/#breadcrumb"},"inLanguage":"de","potentialAction":[{"@type":"ReadAction","target":["https:\/\/serversmtp.com\/de\/heim-kleinere-firmen-anwender\/"]}]},{"@type":"BreadcrumbList","@id":"https:\/\/serversmtp.com\/de\/heim-kleinere-firmen-anwender\/#breadcrumb","itemListElement":[{"@type":"ListItem","position":1,"name":"Home","item":"https:\/\/serversmtp.com\/de\/"},{"@type":"ListItem","position":2,"name":"Heim und kleinere Firmen Anwender"}]},{"@type":"WebSite","@id":"https:\/\/serversmtp.com\/de\/#website","url":"https:\/\/serversmtp.com\/de\/","name":"smtp mail server - professional SMTP service provider","description":"smtp mail server - professional SMTP service provider","publisher":{"@id":"https:\/\/serversmtp.com\/de\/#organization"},"potentialAction":[{"@type":"SearchAction","target":{"@type":"EntryPoint","urlTemplate":"https:\/\/serversmtp.com\/de\/?s={search_term_string}"},"query-input":{"@type":"PropertyValueSpecification","valueRequired":true,"valueName":"search_term_string"}}],"inLanguage":"de"},{"@type":"Organization","@id":"https:\/\/serversmtp.com\/de\/#organization","name":"Delivery Tech","url":"https:\/\/serversmtp.com\/de\/","logo":{"@type":"ImageObject","inLanguage":"de","@id":"https:\/\/serversmtp.com\/de\/#\/schema\/logo\/image\/","url":"https:\/\/serversmtp.com\/wp-content\/uploads\/2021\/11\/og-image-2.jpg","contentUrl":"https:\/\/serversmtp.com\/wp-content\/uploads\/2021\/11\/og-image-2.jpg","width":1200,"height":1128,"caption":"Delivery Tech"},"image":{"@id":"https:\/\/serversmtp.com\/de\/#\/schema\/logo\/image\/"}}]}},"_links":{"self":[{"href":"https:\/\/serversmtp.com\/de\/wp-json\/wp\/v2\/pages\/2795"}],"collection":[{"href":"https:\/\/serversmtp.com\/de\/wp-json\/wp\/v2\/pages"}],"about":[{"href":"https:\/\/serversmtp.com\/de\/wp-json\/wp\/v2\/types\/page"}],"author":[{"embeddable":true,"href":"https:\/\/serversmtp.com\/de\/wp-json\/wp\/v2\/users\/3"}],"replies":[{"embeddable":true,"href":"https:\/\/serversmtp.com\/de\/wp-json\/wp\/v2\/comments?post=2795"}],"version-history":[{"count":3,"href":"https:\/\/serversmtp.com\/de\/wp-json\/wp\/v2\/pages\/2795\/revisions"}],"predecessor-version":[{"id":4915,"href":"https:\/\/serversmtp.com\/de\/wp-json\/wp\/v2\/pages\/2795\/revisions\/4915"}],"wp:attachment":[{"href":"https:\/\/serversmtp.com\/de\/wp-json\/wp\/v2\/media?parent=2795"}],"curies":[{"name":"wp","href":"https:\/\/api.w.org\/{rel}","templated":true}]}}