{"id":2791,"date":"2018-04-18T17:23:52","date_gmt":"2018-04-18T15:23:52","guid":{"rendered":"https:\/\/dev.serversmtp.com\/?page_id=2791"},"modified":"2018-08-29T17:43:46","modified_gmt":"2018-08-29T15:43:46","slug":"handy-pda-iphone-nutzer","status":"publish","type":"page","link":"https:\/\/serversmtp.com\/de\/handy-pda-iphone-nutzer\/","title":{"rendered":"Handy, PDA und iPhone Nutzer"},"content":{"rendered":"<p>turboSMTP ist die perfekte L\u00f6sung f\u00fcr das <strong>Senden von E-Mail, w\u00e4hrend Sie unterwegs sind.<\/strong><\/p>\n<p>Wenn Sie das iPhone und\/oder ein Smartphone haben k\u00f6nnen Sie <strong>Emails versenden, wo auch immer sie sind<\/strong> und <strong>welcher Internet-Anschluss auch immer sie haben.<\/strong><\/p>\n<p>Alles was Sie tun m\u00fcssen ist, <strong>Ihre SMTP-Einstellungen konfigurieren.<\/strong><\/p>\n<p>Ob Sie ein privates WLAN-Netz, UMTS \/ EDGE, oder einen \u00f6ffentlichen Wi-Fi-Hotspot benutzen, turboSMTP wird Ihre E-Mails schnell und sicher liefern.<\/p>\n<h3>Unterwegs produktiv bleiben.<\/h3>\n<p>Einige Internet-Anbieter blockieren das Versenden von E-Mail um &#8222;Spamming&#8220; zu verhindern. Indem Sie einfach Ihre SMTP-Einstellungen in Ihrem mobilen E-Mail-Client eintragen, k\u00f6nnen Sie <strong>E-Mails von jeder Ihrer E-Mail <strong>Adressen<\/strong> senden,<\/strong> unabh\u00e4ngig von Ihren Standort.<br \/>\nStressfrei.<\/p>\n<p>turboSMTP funktioniert mit <strong>allen g\u00e4ngigen mobilen Endger\u00e4ten<\/strong> mit Internet-Zugang, einschlie\u00dflich:<\/p>\n<ul>\n<li>Handy<\/li>\n<li>Smartphone<\/li>\n<li>iPhone und iPod Touch<\/li>\n<li>PDA<\/li>\n<li>Netbook<\/li>\n<\/ul>\n<h3>Sp\u00fcren Sie den Unterschied.<\/h3>\n<p>Wir bieten <strong>verschiedene Pakete,<\/strong> so dass Sie w\u00e4hlen k\u00f6nnen, was am <strong>besten zu Ihren individuellen Bed\u00fcrfnissen passt<\/strong>, ab nur $ 7,00 pro Monat.<\/p>\n<p class=\"startLink\"><a title=\"Beginnen Sie, Ihre E-Mails mit turboSMTP in wenigen Minuten ... \" href=\"\/de\/order.php\">Beginnen Sie, Ihre E-Mails mit turboSMTP in wenigen Minuten zu senden&#8230; <\/a><\/p>\n","protected":false},"excerpt":{"rendered":"<p>turboSMTP ist die perfekte L\u00f6sung f\u00fcr das Senden von E-Mail, w\u00e4hrend Sie unterwegs sind. Wenn Sie das iPhone und\/oder ein Smartphone haben k\u00f6nnen Sie Emails versenden, wo auch immer sie sind und welcher Internet-Anschluss auch immer sie haben. Alles was Sie tun m\u00fcssen ist, Ihre SMTP-Einstellungen konfigurieren. Ob Sie ein privates WLAN-Netz, UMTS \/ EDGE, [&hellip;]<\/p>\n","protected":false},"author":3,"featured_media":0,"parent":0,"menu_order":0,"comment_status":"closed","ping_status":"closed","template":"g1_template_page_sidebar_right.php","meta":[],"yoast_head":"<!-- This site is optimized with the Yoast SEO plugin v16.4 - https:\/\/yoast.com\/wordpress\/plugins\/seo\/ -->\n<meta name=\"robots\" content=\"index, follow, max-snippet:-1, max-image-preview:large, max-video-preview:-1\" \/>\n<link rel=\"canonical\" href=\"https:\/\/serversmtp.com\/de\/handy-pda-iphone-nutzer\/\" \/>\n<meta property=\"og:locale\" content=\"de_DE\" \/>\n<meta property=\"og:type\" content=\"article\" \/>\n<meta property=\"og:title\" content=\"Handy, PDA und iPhone Nutzer - smtp mail server - professional SMTP service provider\" \/>\n<meta property=\"og:description\" content=\"turboSMTP ist die perfekte L\u00f6sung f\u00fcr das Senden von E-Mail, w\u00e4hrend Sie unterwegs sind. Wenn Sie das iPhone und\/oder ein Smartphone haben k\u00f6nnen Sie Emails versenden, wo auch immer sie sind und welcher Internet-Anschluss auch immer sie haben. Alles was Sie tun m\u00fcssen ist, Ihre SMTP-Einstellungen konfigurieren. Ob Sie ein privates WLAN-Netz, UMTS \/ EDGE, [&hellip;]\" \/>\n<meta property=\"og:url\" content=\"https:\/\/serversmtp.com\/de\/handy-pda-iphone-nutzer\/\" \/>\n<meta property=\"og:site_name\" content=\"smtp mail server - professional SMTP service provider\" \/>\n<meta property=\"article:modified_time\" content=\"2018-08-29T15:43:46+00:00\" \/>\n<meta name=\"twitter:card\" content=\"summary_large_image\" \/>\n<meta name=\"twitter:label1\" content=\"Gesch\u00e4tzte Lesezeit\" \/>\n\t<meta name=\"twitter:data1\" content=\"1 Minute\" \/>\n<script type=\"application\/ld+json\" class=\"yoast-schema-graph\">{\"@context\":\"https:\/\/schema.org\",\"@graph\":[{\"@type\":\"WebSite\",\"@id\":\"https:\/\/serversmtp.com\/pl\/#website\",\"url\":\"https:\/\/serversmtp.com\/pl\/\",\"name\":\"smtp mail server - professional SMTP service provider\",\"description\":\"smtp mail server - professional SMTP service provider \",\"potentialAction\":[{\"@type\":\"SearchAction\",\"target\":\"https:\/\/serversmtp.com\/pl\/?s={search_term_string}\",\"query-input\":\"required name=search_term_string\"}],\"inLanguage\":\"de-DE\"},{\"@type\":\"WebPage\",\"@id\":\"https:\/\/serversmtp.com\/de\/handy-pda-iphone-nutzer\/#webpage\",\"url\":\"https:\/\/serversmtp.com\/de\/handy-pda-iphone-nutzer\/\",\"name\":\"Handy, PDA und iPhone Nutzer - smtp mail server - professional SMTP service provider\",\"isPartOf\":{\"@id\":\"https:\/\/serversmtp.com\/pl\/#website\"},\"datePublished\":\"2018-04-18T15:23:52+00:00\",\"dateModified\":\"2018-08-29T15:43:46+00:00\",\"breadcrumb\":{\"@id\":\"https:\/\/serversmtp.com\/de\/handy-pda-iphone-nutzer\/#breadcrumb\"},\"inLanguage\":\"de-DE\",\"potentialAction\":[{\"@type\":\"ReadAction\",\"target\":[\"https:\/\/serversmtp.com\/de\/handy-pda-iphone-nutzer\/\"]}]},{\"@type\":\"BreadcrumbList\",\"@id\":\"https:\/\/serversmtp.com\/de\/handy-pda-iphone-nutzer\/#breadcrumb\",\"itemListElement\":[{\"@type\":\"ListItem\",\"position\":1,\"item\":{\"@type\":\"WebPage\",\"@id\":\"https:\/\/serversmtp.com\/de\/\",\"url\":\"https:\/\/serversmtp.com\/de\/\",\"name\":\"Home\"}},{\"@type\":\"ListItem\",\"position\":2,\"item\":{\"@id\":\"https:\/\/serversmtp.com\/de\/handy-pda-iphone-nutzer\/#webpage\"}}]}]}<\/script>\n<!-- \/ Yoast SEO plugin. -->","_links":{"self":[{"href":"https:\/\/serversmtp.com\/de\/wp-json\/wp\/v2\/pages\/2791"}],"collection":[{"href":"https:\/\/serversmtp.com\/de\/wp-json\/wp\/v2\/pages"}],"about":[{"href":"https:\/\/serversmtp.com\/de\/wp-json\/wp\/v2\/types\/page"}],"author":[{"embeddable":true,"href":"https:\/\/serversmtp.com\/de\/wp-json\/wp\/v2\/users\/3"}],"replies":[{"embeddable":true,"href":"https:\/\/serversmtp.com\/de\/wp-json\/wp\/v2\/comments?post=2791"}],"version-history":[{"count":4,"href":"https:\/\/serversmtp.com\/de\/wp-json\/wp\/v2\/pages\/2791\/revisions"}],"predecessor-version":[{"id":4910,"href":"https:\/\/serversmtp.com\/de\/wp-json\/wp\/v2\/pages\/2791\/revisions\/4910"}],"wp:attachment":[{"href":"https:\/\/serversmtp.com\/de\/wp-json\/wp\/v2\/media?parent=2791"}],"curies":[{"name":"wp","href":"https:\/\/api.w.org\/{rel}","templated":true}]}}