{"id":2788,"date":"2018-04-18T17:20:23","date_gmt":"2018-04-18T15:20:23","guid":{"rendered":"https:\/\/dev.serversmtp.com\/?page_id=2788"},"modified":"2026-05-09T21:56:46","modified_gmt":"2026-05-09T19:56:46","slug":"uber-uns","status":"publish","type":"page","link":"https:\/\/serversmtp.com\/de\/uber-uns\/","title":{"rendered":"\u00dcber Uns"},"content":{"rendered":"<p>Gegr\u00fcndet im Jahr 2009, turboSMTP ist eine unabh\u00e4ngige SMTP-Dienstleister f\u00fcr Tausende von Deutsch Unternehmen.<\/p>\n<p>Unsere Dienstleistungen k\u00f6nnen auf die Bed\u00fcrfnisse \u00a0jeden Unternehmens, angefangen von \u00a0Haus und kleine Unternehmen bis zu gro\u00dfe E-Mail-Anbieter. Wir sichern Ihnen eine maximale E-Mail lieferung und erm\u00f6glichen E-Mails im Empf\u00e4nger Inbox zu kommen, da wir Spam-Filtern und schwarz \/ grau-Listen vermeiden.<\/p>\n<p>Unsere Bem\u00fchung ist immer f\u00fcr unsere Kunden und ihre Bed\u00fcrfnisse gerichtet, durch die Bereitstellung einer sicheren, zuverl\u00e4ssigen SMTP Service und professionelle technische Unterst\u00fctzung.<\/p>\n<h3>Edisplay srl<\/h3>\n<p>Via Palmanova 24<br \/>\n20132 Milano<br \/>\nItaly<\/p>\n<p>Viale del Lavoro 53,<br \/>\n08023 Fonni (NU)<br \/>\nItaly<\/p>\n<p>&nbsp;<\/p>\n","protected":false},"excerpt":{"rendered":"<p>Gegr\u00fcndet im Jahr 2009, turboSMTP ist eine unabh\u00e4ngige SMTP-Dienstleister f\u00fcr Tausende von Deutsch Unternehmen. Unsere Dienstleistungen k\u00f6nnen auf die Bed\u00fcrfnisse \u00a0jeden Unternehmens, angefangen von \u00a0Haus und kleine Unternehmen bis zu gro\u00dfe E-Mail-Anbieter. Wir sichern Ihnen eine maximale E-Mail lieferung und erm\u00f6glichen E-Mails im Empf\u00e4nger Inbox zu kommen, da wir Spam-Filtern und schwarz \/ grau-Listen vermeiden. [&hellip;]<\/p>\n","protected":false},"author":3,"featured_media":0,"parent":0,"menu_order":0,"comment_status":"closed","ping_status":"closed","template":"g1_template_page_sidebar_right.php","meta":[],"yoast_head":"<!-- This site is optimized with the Yoast SEO plugin v16.4 - https:\/\/yoast.com\/wordpress\/plugins\/seo\/ -->\n<meta name=\"robots\" content=\"index, follow, max-snippet:-1, max-image-preview:large, max-video-preview:-1\" \/>\n<link rel=\"canonical\" href=\"https:\/\/serversmtp.com\/de\/uber-uns\/\" \/>\n<meta property=\"og:locale\" content=\"de_DE\" \/>\n<meta property=\"og:type\" content=\"article\" \/>\n<meta property=\"og:title\" content=\"\u00dcber Uns - smtp mail server - professional SMTP service provider\" \/>\n<meta property=\"og:description\" content=\"Gegr\u00fcndet im Jahr 2009, turboSMTP ist eine unabh\u00e4ngige SMTP-Dienstleister f\u00fcr Tausende von Deutsch Unternehmen. Unsere Dienstleistungen k\u00f6nnen auf die Bed\u00fcrfnisse \u00a0jeden Unternehmens, angefangen von \u00a0Haus und kleine Unternehmen bis zu gro\u00dfe E-Mail-Anbieter. Wir sichern Ihnen eine maximale E-Mail lieferung und erm\u00f6glichen E-Mails im Empf\u00e4nger Inbox zu kommen, da wir Spam-Filtern und schwarz \/ grau-Listen vermeiden. [&hellip;]\" \/>\n<meta property=\"og:url\" content=\"https:\/\/serversmtp.com\/de\/uber-uns\/\" \/>\n<meta property=\"og:site_name\" content=\"smtp mail server - professional SMTP service provider\" \/>\n<meta property=\"article:modified_time\" content=\"2026-05-09T19:56:46+00:00\" \/>\n<meta name=\"twitter:card\" content=\"summary_large_image\" \/>\n<meta name=\"twitter:label1\" content=\"Gesch\u00e4tzte Lesezeit\" \/>\n\t<meta name=\"twitter:data1\" content=\"1 Minute\" \/>\n<script type=\"application\/ld+json\" class=\"yoast-schema-graph\">{\"@context\":\"https:\/\/schema.org\",\"@graph\":[{\"@type\":\"WebSite\",\"@id\":\"https:\/\/serversmtp.com\/#website\",\"url\":\"https:\/\/serversmtp.com\/\",\"name\":\"smtp mail server - professional SMTP service provider\",\"description\":\"smtp mail server - professional SMTP service provider \",\"potentialAction\":[{\"@type\":\"SearchAction\",\"target\":\"https:\/\/serversmtp.com\/?s={search_term_string}\",\"query-input\":\"required name=search_term_string\"}],\"inLanguage\":\"de-DE\"},{\"@type\":\"WebPage\",\"@id\":\"https:\/\/serversmtp.com\/de\/uber-uns\/#webpage\",\"url\":\"https:\/\/serversmtp.com\/de\/uber-uns\/\",\"name\":\"\\u00dcber Uns - smtp mail server - professional SMTP service provider\",\"isPartOf\":{\"@id\":\"https:\/\/serversmtp.com\/#website\"},\"datePublished\":\"2018-04-18T15:20:23+00:00\",\"dateModified\":\"2026-05-09T19:56:46+00:00\",\"breadcrumb\":{\"@id\":\"https:\/\/serversmtp.com\/de\/uber-uns\/#breadcrumb\"},\"inLanguage\":\"de-DE\",\"potentialAction\":[{\"@type\":\"ReadAction\",\"target\":[\"https:\/\/serversmtp.com\/de\/uber-uns\/\"]}]},{\"@type\":\"BreadcrumbList\",\"@id\":\"https:\/\/serversmtp.com\/de\/uber-uns\/#breadcrumb\",\"itemListElement\":[{\"@type\":\"ListItem\",\"position\":1,\"item\":{\"@type\":\"WebPage\",\"@id\":\"https:\/\/serversmtp.com\/de\/\",\"url\":\"https:\/\/serversmtp.com\/de\/\",\"name\":\"Home\"}},{\"@type\":\"ListItem\",\"position\":2,\"item\":{\"@id\":\"https:\/\/serversmtp.com\/de\/uber-uns\/#webpage\"}}]}]}<\/script>\n<!-- \/ Yoast SEO plugin. -->","_links":{"self":[{"href":"https:\/\/serversmtp.com\/de\/wp-json\/wp\/v2\/pages\/2788"}],"collection":[{"href":"https:\/\/serversmtp.com\/de\/wp-json\/wp\/v2\/pages"}],"about":[{"href":"https:\/\/serversmtp.com\/de\/wp-json\/wp\/v2\/types\/page"}],"author":[{"embeddable":true,"href":"https:\/\/serversmtp.com\/de\/wp-json\/wp\/v2\/users\/3"}],"replies":[{"embeddable":true,"href":"https:\/\/serversmtp.com\/de\/wp-json\/wp\/v2\/comments?post=2788"}],"version-history":[{"count":3,"href":"https:\/\/serversmtp.com\/de\/wp-json\/wp\/v2\/pages\/2788\/revisions"}],"predecessor-version":[{"id":10007,"href":"https:\/\/serversmtp.com\/de\/wp-json\/wp\/v2\/pages\/2788\/revisions\/10007"}],"wp:attachment":[{"href":"https:\/\/serversmtp.com\/de\/wp-json\/wp\/v2\/media?parent=2788"}],"curies":[{"name":"wp","href":"https:\/\/api.w.org\/{rel}","templated":true}]}}