{"id":21968,"date":"2025-09-26T11:29:03","date_gmt":"2025-09-26T09:29:03","guid":{"rendered":"https:\/\/serversmtp.com\/?page_id=21968"},"modified":"2025-09-26T11:29:06","modified_gmt":"2025-09-26T09:29:06","slug":"was-sind-api-schluessel-und-wie-erstellt-man-sie-mit-turbosmtp-ein-kompletter-leitfaden","status":"publish","type":"page","link":"https:\/\/serversmtp.com\/de\/was-sind-api-schluessel-und-wie-erstellt-man-sie-mit-turbosmtp-ein-kompletter-leitfaden\/","title":{"rendered":"Was sind API-Schl\u00fcssel und wie erstellt man sie mit turboSMTP: ein kompletter Leitfaden"},"content":{"rendered":"\n<style>\nul.spaced-list li, ol.spaced-list li {\n    margin-bottom: 15px;\n}\n<\/style>\n\n\n<div class=\"gb-container gb-container-8323879a\">\n\n<h2 class=\"gb-headline gb-headline-58ab15be gb-headline-text\">Was sind API-Schl\u00fcssel?<\/h2>\n\n\n\n<p>API-Schl\u00fcssel sind einzigartige Codes, die es Anwendungen erm\u00f6glichen, sicher eine Verbindung zu den APIs von turboSMTP herzustellen und E-Mails ohne Risiko zu versenden.<\/p>\n\n\n\n<p>Jeder Schl\u00fcssel besteht aus zwei Teilen:<\/p>\n\n\n\n<ul class=\"wp-block-list spaced-list\">\n<li><strong>Consumer Key<\/strong>, der Ihre Anwendung identifiziert und als Benutzername dient.<\/li>\n\n\n\n<li><strong>Consumer Secret<\/strong>, ein privater Code, der nachweist, dass Ihre Anwendung berechtigt ist, turboSMTP zu verwenden. Er fungiert als Passwort.<\/li>\n<\/ul>\n\n\n\n<p>Diese Schl\u00fcssel erm\u00f6glichen es Ihren Anwendungen, sicher auf die Dienste von turboSMTP zuzugreifen.ly.<\/p>\n\n<\/div>\n\n<div class=\"gb-container gb-container-d231ade8\">\n\n<h2 class=\"gb-headline gb-headline-8c674d5e gb-headline-text\">Warum API-Schl\u00fcssel verwenden?<\/h2>\n\n\n\n<p>API-Schl\u00fcssel <strong>sch\u00fctzen Ihre Anwendungen<\/strong>, wenn sie sich mit turboSMTP verbinden, und sind notwendig, um E-Mails sicher \u00fcber die SMTP-Server zu senden.<\/p>\n\n\n\n<p>Im Gegensatz zu herk\u00f6mmlichen Benutzernamen und Passw\u00f6rtern sind API-Schl\u00fcssel lang, einzigartig und schwer zu erraten.<\/p>\n\n\n\n<p>Sie haben zudem die <strong>volle Kontrolle<\/strong>: Sie k\u00f6nnen jederzeit neue Schl\u00fcssel erstellen und diese sofort widerrufen, wenn Sie denken, dass sie kompromittiert wurden oder nicht mehr ben\u00f6tigt werden.<\/p>\n\n<\/div>\n\n<div class=\"gb-container gb-container-a84b044f\">\n\n<h2 class=\"gb-headline gb-headline-b211478c gb-headline-text\">Hauptvorteile der Verwendung von API-Schl\u00fcsseln mit turboSMTP.<\/h2>\n\n\n\n<ul class=\"wp-block-list spaced-list\">\n<li><strong>Erh\u00f6hte Sicherheit:<\/strong> API-Schl\u00fcssel stellen sicher, dass nur autorisierte Anwendungen eine Verbindung herstellen k\u00f6nnen, wodurch das Risiko unbefugter Zugriffe reduziert wird.<\/li>\n\n\n\n<li><strong>Einfache Nutzung:<\/strong> Einmal erstellt, kann ein API-Schl\u00fcssel problemlos in Ihre Anwendungen integriert werden, was den Verbindungsprozess vereinfacht.<\/li>\n\n\n\n<li><strong>Volle Kontrolle:<\/strong> Sie k\u00f6nnen API-Schl\u00fcssel jederzeit widerrufen oder neu generieren und bestimmen, welche Anwendungen auf Ihre turboSMTP-Dienste zugreifen d\u00fcrfen.<\/li>\n\n\n\n<li><strong>Skalierbarkeit:<\/strong> Ob Sie wenige E-Mails senden oder gro\u00df angelegte Kampagnen verwalten, API-Schl\u00fcssel erm\u00f6glichen eine reibungslose Integration von turboSMTP in Ihren Arbeitsablauf.<\/li>\n<\/ul>\n\n\n\n<p>API-Schl\u00fcssel sind nicht nur wichtig, um den E-Mail-Versand zu automatisieren und gro\u00dfe Kampagnen zu verwalten, sondern auch, um Ihre Anwendungen sicher mit den SMTP-Servern von turboSMTP zu verbinden.<\/p>\n\n<\/div>\n\n<div class=\"gb-container gb-container-f8145cd5\" id=\"how-to\">\n\n<h2 class=\"gb-headline gb-headline-bf278317 gb-headline-text\">Wie man API-Schl\u00fcssel in turboSMTP erstellt.<\/h2>\n\n\n\n<p>Dieser Leitfaden zeigt, wie man <strong>API-Schl\u00fcssel <\/strong>direkt \u00fcber das Dashboard von turboSMTP erstellt. Befolgen Sie diese Schritte, um schnell Ihre Schl\u00fcssel zu generieren und sie sicher in Ihren Anwendungen zu verwenden.<\/p>\n\n\n\n<ol class=\"wp-block-list spaced-list\">\n<li>Melden Sie sich im turboSMTP-Dashboard an und w\u00e4hlen Sie im Hauptmen\u00fc links die Option <em>Einstellungen<\/em>.<\/li>\n\n\n\n<li>W\u00e4hlen Sie den Reiter <em>Integrationen<\/em> und klicken Sie im Block <em>API-Schl\u00fcssel <\/em>auf den Button <em>Bearbeiten<\/em>.<\/li>\n<\/ol>\n\n\n\n<figure class=\"gb-block-image gb-block-image-b3899653\"><a href=\"https:\/\/serversmtp.com\/wp-content\/uploads\/2025\/09\/wie-man-api-schluessel-in-turbosmtp-erstellt-1.jpg\"><img decoding=\"async\" width=\"1400\" height=\"631\" class=\"gb-image gb-image-b3899653\" src=\"https:\/\/serversmtp.com\/wp-content\/uploads\/2025\/09\/wie-man-api-schluessel-in-turbosmtp-erstellt-1.jpg\" alt=\"Wie man API-Schl\u00fcssel in turboSMTP erstellt\" title=\"Wie man API-Schl\u00fcssel in turboSMTP erstellt\" srcset=\"https:\/\/serversmtp.com\/wp-content\/uploads\/2025\/09\/wie-man-api-schluessel-in-turbosmtp-erstellt-1.jpg 1400w, https:\/\/serversmtp.com\/wp-content\/uploads\/2025\/09\/wie-man-api-schluessel-in-turbosmtp-erstellt-1-300x135.jpg 300w, https:\/\/serversmtp.com\/wp-content\/uploads\/2025\/09\/wie-man-api-schluessel-in-turbosmtp-erstellt-1-1024x462.jpg 1024w, https:\/\/serversmtp.com\/wp-content\/uploads\/2025\/09\/wie-man-api-schluessel-in-turbosmtp-erstellt-1-768x346.jpg 768w\" sizes=\"(max-width: 1400px) 100vw, 1400px\" \/><\/a><\/figure>\n\n\n\n<ol start=\"3\" class=\"wp-block-list\">\n<li>Klicken Sie auf den Button <em>API-Schl\u00fcssel einrichten<\/em>.<\/li>\n<\/ol>\n\n\n\n<figure class=\"gb-block-image gb-block-image-1a9a4a6e\"><a href=\"https:\/\/serversmtp.com\/wp-content\/uploads\/2025\/09\/wie-man-api-schluessel-in-turbosmtp-erstellt-2.jpg\"><img decoding=\"async\" width=\"1400\" height=\"631\" class=\"gb-image gb-image-1a9a4a6e\" src=\"https:\/\/serversmtp.com\/wp-content\/uploads\/2025\/09\/wie-man-api-schluessel-in-turbosmtp-erstellt-2.jpg\" alt=\"Wie man API-Schl\u00fcssel in turboSMTP erstellt\" title=\"Wie man API-Schl\u00fcssel in turboSMTP erstellt\" srcset=\"https:\/\/serversmtp.com\/wp-content\/uploads\/2025\/09\/wie-man-api-schluessel-in-turbosmtp-erstellt-2.jpg 1400w, https:\/\/serversmtp.com\/wp-content\/uploads\/2025\/09\/wie-man-api-schluessel-in-turbosmtp-erstellt-2-300x135.jpg 300w, https:\/\/serversmtp.com\/wp-content\/uploads\/2025\/09\/wie-man-api-schluessel-in-turbosmtp-erstellt-2-1024x462.jpg 1024w, https:\/\/serversmtp.com\/wp-content\/uploads\/2025\/09\/wie-man-api-schluessel-in-turbosmtp-erstellt-2-768x346.jpg 768w\" sizes=\"(max-width: 1400px) 100vw, 1400px\" \/><\/a><\/figure>\n\n\n\n<ol start=\"4\" class=\"wp-block-list spaced-list\">\n<li>Geben Sie den Namen Ihres API-Schl\u00fcssels in das entsprechende Feld ein (dieser Name dient nur als interne Referenz im turboSMTP-Dashboard). W\u00e4hlen Sie dann aus, welche Dienste die API nutzen darf (SMTP-Versand, HTTP-API-Versand, Statistiken und Management-APIs). Optional k\u00f6nnen Sie den Zugriff auf bestimmte IP-Adressen beschr\u00e4nken.<\/li>\n\n\n\n<li>Klicken Sie unten rechts auf <em>API-Schl\u00fcssel erstellen<\/em>.<\/li>\n<\/ol>\n\n\n\n<figure class=\"gb-block-image gb-block-image-e7b296a2\"><a href=\"https:\/\/serversmtp.com\/wp-content\/uploads\/2025\/09\/wie-man-api-schluessel-in-turbosmtp-erstellt-3.jpg\"><img decoding=\"async\" width=\"1400\" height=\"631\" class=\"gb-image gb-image-e7b296a2\" src=\"https:\/\/serversmtp.com\/wp-content\/uploads\/2025\/09\/wie-man-api-schluessel-in-turbosmtp-erstellt-3.jpg\" alt=\"Wie man API-Schl\u00fcssel in turboSMTP erstellt\" title=\"Wie man API-Schl\u00fcssel in turboSMTP erstellt\" srcset=\"https:\/\/serversmtp.com\/wp-content\/uploads\/2025\/09\/wie-man-api-schluessel-in-turbosmtp-erstellt-3.jpg 1400w, https:\/\/serversmtp.com\/wp-content\/uploads\/2025\/09\/wie-man-api-schluessel-in-turbosmtp-erstellt-3-300x135.jpg 300w, https:\/\/serversmtp.com\/wp-content\/uploads\/2025\/09\/wie-man-api-schluessel-in-turbosmtp-erstellt-3-1024x462.jpg 1024w, https:\/\/serversmtp.com\/wp-content\/uploads\/2025\/09\/wie-man-api-schluessel-in-turbosmtp-erstellt-3-768x346.jpg 768w\" sizes=\"(max-width: 1400px) 100vw, 1400px\" \/><\/a><\/figure>\n\n\n\n<ol start=\"6\" class=\"wp-block-list\">\n<li>Auf dem Best\u00e4tigungsbildschirm sehen Sie die Details des neuen API-Schl\u00fcssels. Neben dem Namen k\u00f6nnen Sie die <em>Consumer Key<\/em> und das <em>Consumer Secret<\/em> einsehen und kopieren.<\/li>\n<\/ol>\n\n\n\n<figure class=\"gb-block-image gb-block-image-2be52735\"><a href=\"https:\/\/serversmtp.com\/wp-content\/uploads\/2025\/09\/wie-man-api-schluessel-in-turbosmtp-erstellt-4.jpg\"><img decoding=\"async\" width=\"1400\" height=\"631\" class=\"gb-image gb-image-2be52735\" src=\"https:\/\/serversmtp.com\/wp-content\/uploads\/2025\/09\/wie-man-api-schluessel-in-turbosmtp-erstellt-4.jpg\" alt=\"Wie man API-Schl\u00fcssel in turboSMTP erstellt\" title=\"Wie man API-Schl\u00fcssel in turboSMTP erstellt\" srcset=\"https:\/\/serversmtp.com\/wp-content\/uploads\/2025\/09\/wie-man-api-schluessel-in-turbosmtp-erstellt-4.jpg 1400w, https:\/\/serversmtp.com\/wp-content\/uploads\/2025\/09\/wie-man-api-schluessel-in-turbosmtp-erstellt-4-300x135.jpg 300w, https:\/\/serversmtp.com\/wp-content\/uploads\/2025\/09\/wie-man-api-schluessel-in-turbosmtp-erstellt-4-1024x462.jpg 1024w, https:\/\/serversmtp.com\/wp-content\/uploads\/2025\/09\/wie-man-api-schluessel-in-turbosmtp-erstellt-4-768x346.jpg 768w\" sizes=\"(max-width: 1400px) 100vw, 1400px\" \/><\/a><\/figure>\n\n\n<div class=\"gb-container gb-container-9669a6ee\">\n\n<h4 class=\"gb-headline gb-headline-7c4f4fca\"><span class=\"gb-icon\"><svg viewBox=\"0 0 512 512\" xmlns=\"http:\/\/www.w3.org\/2000\/svg\"><path d=\"M256 512a256 256 0 1 0 0-512 256 256 0 1 0 0 512zm-40-176h24v-64h-24c-13.3 0-24-10.7-24-24s10.7-24 24-24h48c13.3 0 24 10.7 24 24v88h8c13.3 0 24 10.7 24 24s-10.7 24-24 24h-80c-13.3 0-24-10.7-24-24s10.7-24 24-24zm40-208a32 32 0 1 1 0 64 32 32 0 1 1 0-64z\"><\/path><\/svg><\/span><span class=\"gb-headline-text\"><strong>Hinweis<\/strong><\/span><\/h4>\n\n\n\n<p>Das <em>Consumer Secret<\/em> wird nur auf diesem Bildschirm angezeigt und kann sp\u00e4ter nicht wiederhergestellt werden.<\/p>\n\n<\/div>\n\n\n<ol start=\"7\" class=\"wp-block-list\">\n<li>Klicken Sie unten rechts auf <em>Ok<\/em>, um zur \u00dcbersicht der API-Schl\u00fcssel zur\u00fcckzukehren. Hier k\u00f6nnen Sie die generierten Schl\u00fcssel einsehen, die <em>Consumer Key<\/em> kopieren oder einen API-Schl\u00fcssel l\u00f6schen.<\/li>\n<\/ol>\n\n\n\n<figure class=\"gb-block-image gb-block-image-89765740\"><a href=\"https:\/\/serversmtp.com\/wp-content\/uploads\/2025\/09\/wie-man-api-schluessel-in-turbosmtp-erstellt-5.jpg\"><img decoding=\"async\" width=\"1400\" height=\"631\" class=\"gb-image gb-image-89765740\" src=\"https:\/\/serversmtp.com\/wp-content\/uploads\/2025\/09\/wie-man-api-schluessel-in-turbosmtp-erstellt-5.jpg\" alt=\"Wie man API-Schl\u00fcssel in turboSMTP erstellt\" title=\"Wie man API-Schl\u00fcssel in turboSMTP erstellt\" srcset=\"https:\/\/serversmtp.com\/wp-content\/uploads\/2025\/09\/wie-man-api-schluessel-in-turbosmtp-erstellt-5.jpg 1400w, https:\/\/serversmtp.com\/wp-content\/uploads\/2025\/09\/wie-man-api-schluessel-in-turbosmtp-erstellt-5-300x135.jpg 300w, https:\/\/serversmtp.com\/wp-content\/uploads\/2025\/09\/wie-man-api-schluessel-in-turbosmtp-erstellt-5-1024x462.jpg 1024w, https:\/\/serversmtp.com\/wp-content\/uploads\/2025\/09\/wie-man-api-schluessel-in-turbosmtp-erstellt-5-768x346.jpg 768w\" sizes=\"(max-width: 1400px) 100vw, 1400px\" \/><\/a><\/figure>\n\n\n<div class=\"gb-container gb-container-0253f380\">\n\n<h3 class=\"gb-headline gb-headline-9587a898 gb-headline-text\"><strong>\ud83d\udccc Erster Zugriff auf das Dashboard.<\/strong><\/h3>\n\n\n\n<p class=\"has-text-align-center\">Beim ersten Login als neuer turboSMTP-Kunde wird ein Popup angezeigt, das Sie auffordert, Ihre ersten API-Schl\u00fcssel zu erstellen. <strong>Dieser Schritt ist erforderlich, um E-Mails sicher \u00fcber SMTP zu versenden<\/strong>.<\/p>\n\n\n\n<p class=\"has-text-align-center\">Klicken Sie einfach auf <em>API-Schl\u00fcssel einrichten<\/em>, um die Schl\u00fcssel sofort zu erstellen.<\/p>\n\n\n\n<figure class=\"gb-block-image gb-block-image-ad051efc\"><a href=\"https:\/\/serversmtp.com\/wp-content\/uploads\/2025\/09\/wie-man-api-schluessel-in-turbosmtp-erstellt-6.jpg\"><img decoding=\"async\" width=\"950\" height=\"496\" class=\"gb-image gb-image-ad051efc API keys first-time dashboard access\" id=\"API-keys-first-time-dashboard-access\" src=\"https:\/\/serversmtp.com\/wp-content\/uploads\/2025\/09\/wie-man-api-schluessel-in-turbosmtp-erstellt-6.jpg\" alt=\"Wie man API-Schl\u00fcssel in turboSMTP erstellt\" title=\"Wie man API-Schl\u00fcssel in turboSMTP erstellt\" srcset=\"https:\/\/serversmtp.com\/wp-content\/uploads\/2025\/09\/wie-man-api-schluessel-in-turbosmtp-erstellt-6.jpg 950w, https:\/\/serversmtp.com\/wp-content\/uploads\/2025\/09\/wie-man-api-schluessel-in-turbosmtp-erstellt-6-300x157.jpg 300w, https:\/\/serversmtp.com\/wp-content\/uploads\/2025\/09\/wie-man-api-schluessel-in-turbosmtp-erstellt-6-768x401.jpg 768w\" sizes=\"(max-width: 950px) 100vw, 950px\" \/><\/a><\/figure>\n\n<\/div>\n<\/div>","protected":false},"excerpt":{"rendered":"<p>Was sind API-Schl\u00fcssel? API-Schl\u00fcssel sind einzigartige Codes, die es Anwendungen erm\u00f6glichen, sicher eine Verbindung zu den APIs von turboSMTP herzustellen und E-Mails ohne Risiko zu versenden. Jeder Schl\u00fcssel besteht aus zwei Teilen: Diese Schl\u00fcssel erm\u00f6glichen es Ihren Anwendungen, sicher auf die Dienste von turboSMTP zuzugreifen.ly. Warum API-Schl\u00fcssel verwenden? API-Schl\u00fcssel sch\u00fctzen Ihre Anwendungen, wenn sie sich &#8230; <\/p>\n<p class=\"read-more-container\"><a title=\"Was sind API-Schl\u00fcssel und wie erstellt man sie mit turboSMTP: ein kompletter Leitfaden\" class=\"read-more button\" href=\"https:\/\/serversmtp.com\/de\/was-sind-api-schluessel-und-wie-erstellt-man-sie-mit-turbosmtp-ein-kompletter-leitfaden\/#more-21968\" aria-label=\"Mehr Informationen \u00fcber Was sind API-Schl\u00fcssel und wie erstellt man sie mit turboSMTP: ein kompletter Leitfaden\">Entdecke mehr<\/a><\/p>\n","protected":false},"author":8,"featured_media":0,"parent":0,"menu_order":0,"comment_status":"closed","ping_status":"closed","template":"","meta":{"_eb_attr":"","inline_featured_image":false,"_monsterinsights_skip_tracking":false,"_monsterinsights_sitenote_active":false,"_monsterinsights_sitenote_note":"","_monsterinsights_sitenote_category":0,"footnotes":""},"class_list":["post-21968","page","type-page","status-publish"],"yoast_head":"<!-- This site is optimized with the Yoast SEO plugin v25.3.1 - https:\/\/yoast.com\/wordpress\/plugins\/seo\/ -->\n<title>Was sind API-Schl\u00fcssel und wie erstellt man sie mit turboSMTP<\/title>\n<meta name=\"description\" content=\"Wie man API-Schl\u00fcssel in turboSMTP sicher erstellt und verwaltet. Folgen Sie dieser Schritt-f\u00fcr-Schritt-Anleitung, um Ihre Anwendungen problemlos zu integrieren.\" \/>\n<meta name=\"robots\" content=\"index, follow, max-snippet:-1, max-image-preview:large, max-video-preview:-1\" \/>\n<link rel=\"canonical\" href=\"https:\/\/serversmtp.com\/de\/was-sind-api-schluessel-und-wie-erstellt-man-sie-mit-turbosmtp-ein-kompletter-leitfaden\/\" \/>\n<meta name=\"twitter:label1\" content=\"Gesch\u00e4tzte Lesezeit\" \/>\n\t<meta name=\"twitter:data1\" content=\"4\u00a0Minuten\" \/>\n<!-- \/ Yoast SEO plugin. -->","yoast_head_json":{"title":"Was sind API-Schl\u00fcssel und wie erstellt man sie mit turboSMTP","description":"Wie man API-Schl\u00fcssel in turboSMTP sicher erstellt und verwaltet. Folgen Sie dieser Schritt-f\u00fcr-Schritt-Anleitung, um Ihre Anwendungen problemlos zu integrieren.","robots":{"index":"index","follow":"follow","max-snippet":"max-snippet:-1","max-image-preview":"max-image-preview:large","max-video-preview":"max-video-preview:-1"},"canonical":"https:\/\/serversmtp.com\/de\/was-sind-api-schluessel-und-wie-erstellt-man-sie-mit-turbosmtp-ein-kompletter-leitfaden\/","twitter_misc":{"Gesch\u00e4tzte Lesezeit":"4\u00a0Minuten"},"schema":{"@context":"https:\/\/schema.org","@graph":[{"@type":"WebPage","@id":"https:\/\/serversmtp.com\/de\/was-sind-api-schluessel-und-wie-erstellt-man-sie-mit-turbosmtp-ein-kompletter-leitfaden\/","url":"https:\/\/serversmtp.com\/de\/was-sind-api-schluessel-und-wie-erstellt-man-sie-mit-turbosmtp-ein-kompletter-leitfaden\/","name":"Was sind API-Schl\u00fcssel und wie erstellt man sie mit turboSMTP","isPartOf":{"@id":"https:\/\/serversmtp.com\/de\/#website"},"primaryImageOfPage":{"@id":"https:\/\/serversmtp.com\/de\/was-sind-api-schluessel-und-wie-erstellt-man-sie-mit-turbosmtp-ein-kompletter-leitfaden\/#primaryimage"},"image":{"@id":"https:\/\/serversmtp.com\/de\/was-sind-api-schluessel-und-wie-erstellt-man-sie-mit-turbosmtp-ein-kompletter-leitfaden\/#primaryimage"},"thumbnailUrl":"https:\/\/serversmtp.com\/wp-content\/uploads\/2025\/09\/wie-man-api-schluessel-in-turbosmtp-erstellt-1.jpg","datePublished":"2025-09-26T09:29:03+00:00","dateModified":"2025-09-26T09:29:06+00:00","description":"Wie man API-Schl\u00fcssel in turboSMTP sicher erstellt und verwaltet. Folgen Sie dieser Schritt-f\u00fcr-Schritt-Anleitung, um Ihre Anwendungen problemlos zu integrieren.","breadcrumb":{"@id":"https:\/\/serversmtp.com\/de\/was-sind-api-schluessel-und-wie-erstellt-man-sie-mit-turbosmtp-ein-kompletter-leitfaden\/#breadcrumb"},"inLanguage":"de","potentialAction":[{"@type":"ReadAction","target":["https:\/\/serversmtp.com\/de\/was-sind-api-schluessel-und-wie-erstellt-man-sie-mit-turbosmtp-ein-kompletter-leitfaden\/"]}]},{"@type":"ImageObject","inLanguage":"de","@id":"https:\/\/serversmtp.com\/de\/was-sind-api-schluessel-und-wie-erstellt-man-sie-mit-turbosmtp-ein-kompletter-leitfaden\/#primaryimage","url":"https:\/\/serversmtp.com\/wp-content\/uploads\/2025\/09\/wie-man-api-schluessel-in-turbosmtp-erstellt-1.jpg","contentUrl":"https:\/\/serversmtp.com\/wp-content\/uploads\/2025\/09\/wie-man-api-schluessel-in-turbosmtp-erstellt-1.jpg"},{"@type":"BreadcrumbList","@id":"https:\/\/serversmtp.com\/de\/was-sind-api-schluessel-und-wie-erstellt-man-sie-mit-turbosmtp-ein-kompletter-leitfaden\/#breadcrumb","itemListElement":[{"@type":"ListItem","position":1,"name":"Home","item":"https:\/\/serversmtp.com\/de\/"},{"@type":"ListItem","position":2,"name":"Was sind API-Schl\u00fcssel und wie erstellt man sie mit turboSMTP: ein kompletter Leitfaden"}]},{"@type":"WebSite","@id":"https:\/\/serversmtp.com\/de\/#website","url":"https:\/\/serversmtp.com\/de\/","name":"smtp mail server - professional SMTP service provider","description":"smtp mail server - professional SMTP service provider","publisher":{"@id":"https:\/\/serversmtp.com\/de\/#organization"},"potentialAction":[{"@type":"SearchAction","target":{"@type":"EntryPoint","urlTemplate":"https:\/\/serversmtp.com\/de\/?s={search_term_string}"},"query-input":{"@type":"PropertyValueSpecification","valueRequired":true,"valueName":"search_term_string"}}],"inLanguage":"de"},{"@type":"Organization","@id":"https:\/\/serversmtp.com\/de\/#organization","name":"Delivery Tech","url":"https:\/\/serversmtp.com\/de\/","logo":{"@type":"ImageObject","inLanguage":"de","@id":"https:\/\/serversmtp.com\/de\/#\/schema\/logo\/image\/","url":"https:\/\/serversmtp.com\/wp-content\/uploads\/2021\/11\/og-image-2.jpg","contentUrl":"https:\/\/serversmtp.com\/wp-content\/uploads\/2021\/11\/og-image-2.jpg","width":1200,"height":1128,"caption":"Delivery Tech"},"image":{"@id":"https:\/\/serversmtp.com\/de\/#\/schema\/logo\/image\/"}}]}},"_links":{"self":[{"href":"https:\/\/serversmtp.com\/de\/wp-json\/wp\/v2\/pages\/21968"}],"collection":[{"href":"https:\/\/serversmtp.com\/de\/wp-json\/wp\/v2\/pages"}],"about":[{"href":"https:\/\/serversmtp.com\/de\/wp-json\/wp\/v2\/types\/page"}],"author":[{"embeddable":true,"href":"https:\/\/serversmtp.com\/de\/wp-json\/wp\/v2\/users\/8"}],"replies":[{"embeddable":true,"href":"https:\/\/serversmtp.com\/de\/wp-json\/wp\/v2\/comments?post=21968"}],"version-history":[{"count":3,"href":"https:\/\/serversmtp.com\/de\/wp-json\/wp\/v2\/pages\/21968\/revisions"}],"predecessor-version":[{"id":22049,"href":"https:\/\/serversmtp.com\/de\/wp-json\/wp\/v2\/pages\/21968\/revisions\/22049"}],"wp:attachment":[{"href":"https:\/\/serversmtp.com\/de\/wp-json\/wp\/v2\/media?parent=21968"}],"curies":[{"name":"wp","href":"https:\/\/api.w.org\/{rel}","templated":true}]}}