{"id":19647,"date":"2024-03-14T11:23:17","date_gmt":"2024-03-14T10:23:17","guid":{"rendered":"https:\/\/serversmtp.com\/?page_id=19647"},"modified":"2024-03-14T11:23:20","modified_gmt":"2024-03-14T10:23:20","slug":"navigieren-durch-die-neuen-absenderanforderungen-von-gmail-und-yahoo-tipps-zur-sicherstellung-der-zustellung-von-e-mails","status":"publish","type":"page","link":"https:\/\/serversmtp.com\/de\/navigieren-durch-die-neuen-absenderanforderungen-von-gmail-und-yahoo-tipps-zur-sicherstellung-der-zustellung-von-e-mails\/","title":{"rendered":"Navigieren durch die neuen Absenderanforderungen von Gmail und Yahoo: Tipps zur Sicherstellung der Zustellung von E-Mails"},"content":{"rendered":"\n<style>\nul.spaced-list li {\n   margin-bottom: 15px;\n}\na.validator-chat-btn {\n    border: none;\n    border-radius: 5px;\n    padding: 10px 15px;\n    margin: 0px;\n    font-size: 14px;\n    text-align: center;\n    font-weight: 700;\n    color: #fff;\n    background-color: rgb(255, 153, 0);\n    display: inline-block;\n}\na.validator-chat-btn:hover {\n    color: #fff;\n    background-color: rgb(255, 165, 0);\n}\n.form-control {\n    display: block!important;\n    width: 100%!important;\n    padding: 0.375rem 0.75rem!important;\n    font-size: 1rem!important;\n    line-height: 2!important;\n    color: #495057!important;\n    background-color: #fff!important;\n    background-clip: padding-box!important;\n    border: 1px solid #ced4da!important;\n    border-radius: 0.25rem!important;\n    transition: border-color .15s ease-in-out,box-shadow .15s ease-in-out!important;\n}\n.form-control:focus {\n    color: #495057!important;\n    background-color: #fff!important;\n    border-color: #80bdff!important;\n    outline: 0!important;\n    box-shadow: 0 0 0 0.2rem rgba(0,123,255,.25)!important;\n}\n.btn {\n   border-radius: 0.25rem!important;\n   background-color: #007bff!important;\n}\n.btn:hover {\n   background-color: #0069d9!important;\n}\n.form-group {\n    margin-bottom: 20px;\n}\ndiv#result {\n    font-size: 0.8em;\n    margin-bottom: 20px;\n}\nsmall.text-right {\n    text-align: right;\n    display: block;\n}\n.loader {\nwidth: 48px;\nheight: 48px;\nborder: 5px solid #007bff;\nborder-bottom-color: transparent;\nborder-radius: 50%;\ndisplay: inline-block;\nbox-sizing: border-box;\nanimation: rotation 1s linear infinite;\n}\n\n@keyframes rotation {\n0% {\ntransform: rotate(0deg);\n}\n100% {\ntransform: rotate(360deg);\n}\n} \n<\/style>\n\n\n<div class=\"gb-container gb-container-d77c047a\">\n\n<figure class=\"wp-block-embed is-type-video is-provider-youtube wp-block-embed-youtube wp-embed-aspect-16-9 wp-has-aspect-ratio\"><div class=\"wp-block-embed__wrapper\">\n<div class=\"epyt-video-wrapper\"><div  id=\"_ytid_38902\"  width=\"1200\" height=\"675\"  data-origwidth=\"1200\" data-origheight=\"675\"  data-relstop=\"1\" data-facadesrc=\"https:\/\/www.youtube-nocookie.com\/embed\/YoGdS_MhPqM?autoplay=1&#038;cc_load_policy=0&#038;cc_lang_pref=&#038;iv_load_policy=1&#038;loop=0&#038;rel=0&#038;fs=1&#038;playsinline=0&#038;autohide=2&#038;theme=dark&#038;color=red&#038;controls=0&#038;\" class=\"__youtube_prefs__ epyt-facade epyt-is-override  no-lazyload\" data-epautoplay=\"1\" ><img decoding=\"async\" width=\"480\" height=\"360\" data-spai-excluded=\"true\" class=\"epyt-facade-poster skip-lazy\" loading=\"lazy\"  alt=\"YouTube player\"  src=\"https:\/\/i.ytimg.com\/vi\/YoGdS_MhPqM\/hqdefault.jpg\"  \/><button class=\"epyt-facade-play\" aria-label=\"Play\"><svg data-no-lazy=\"1\" height=\"100%\" version=\"1.1\" viewBox=\"0 0 68 48\" width=\"100%\"><path class=\"ytp-large-play-button-bg\" d=\"M66.52,7.74c-0.78-2.93-2.49-5.41-5.42-6.19C55.79,.13,34,0,34,0S12.21,.13,6.9,1.55 C3.97,2.33,2.27,4.81,1.48,7.74C0.06,13.05,0,24,0,24s0.06,10.95,1.48,16.26c0.78,2.93,2.49,5.41,5.42,6.19 C12.21,47.87,34,48,34,48s21.79-0.13,27.1-1.55c2.93-0.78,4.64-3.26,5.42-6.19C67.94,34.95,68,24,68,24S67.94,13.05,66.52,7.74z\" fill=\"#f00\"><\/path><path d=\"M 45,24 27,14 27,34\" fill=\"#fff\"><\/path><\/svg><\/button><\/div><\/div>\n<\/div><\/figure>\n\n<\/div>\n\n<div class=\"gb-container gb-container-83c8c060\">\n\n<p>Ab Februar 2024 werden Google und Yahoo neue E-Mail-Regeln einf\u00fchren, um direkten Spam in Postf\u00e4chern wie @gmail.com, Arbeits- und Schulpostf\u00e4chern auf Workspace, @googlemail.com, @yahoo.it und @yahoo.com zu verringern.<\/p>\n\n\n\n<p>F\u00fcr Google werden die neuen Regeln alle Absender betreffen, mit besonders strengen Anforderungen f\u00fcr diejenigen, die mehr als 5.000 E-Mails pro Tag versenden. Yahoo wird \u00e4hnliche Richtlinien befolgen, ohne Volumengrenzen anzugeben.<\/p>\n\n\n\n<p>Gmail und Yahoo! verst\u00e4rken ihre Abwehr gegen Spammer und b\u00f6swillige Akteure im unerbittlichen Kampf um den Schutz der Posteing\u00e4nge der Benutzer. Marcel Becker, Senior Director of Product Management bei Yahoo!, betont die Mission, erw\u00fcnschte Nachrichten zuzustellen und unerw\u00fcnschte herauszufiltern.<\/p>\n\n\n<div class=\"gb-container gb-container-3fc2398a\">\n\n<a class=\"gb-button gb-button-dc21e8f1 gb-button-text\" href=\"#validation-form\">\u00dcberpr\u00fcfen Sie, ob Ihr Domain authentifiziert ist<\/a>\n\n<\/div>\n<\/div>\n\n<div class=\"gb-container gb-container-85c02218\">\n\n<h2 class=\"gb-headline gb-headline-ecadb585 gb-headline-text\">Umsetzung der Best Practices: Eine gr\u00fcndlichere Betrachtung<\/h2>\n\n\n\n<p>Da sich beide Anbieter auf strengere Ma\u00dfnahmen bis Februar 2024 vorbereiten, lassen Sie uns die Feinheiten der Anforderungen untersuchen und verstehen, was die Einhaltung bedeutet.<\/p>\n\n\n\n<h3 class=\"gb-headline gb-headline-a8203911 gb-headline-text\">Die bekannten Best Practices werden zu Anforderungen<\/h3>\n\n\n\n<p>Die gute Nachricht? Die aufgef\u00fchrten Anforderungen sind nicht neu; sie wurden schon lange als Best Practices im E-Mail-Bereich anerkannt, wie von M3AAWG&#8217;s Best Common Practices hervorgehoben. Gmail und Yahoo! verwandeln diese Praktiken nun in durchsetzbare Anforderungen.<\/p>\n\n\n\n<ul class=\"spaced-list wp-block-list\">\n<li><strong><strong>Richten Sie SPF- und DKIM-E-Mail-Authentifizierung f\u00fcr Ihre Domain ein.<\/strong><\/strong><br>Was das bedeutet: Diese grundlegenden E-Mail-Authentifizierungsmethoden, SPF und DKIM, sichern Ihre sendende Domain. Wenn Sie diese noch einrichten m\u00fcssen, folgen Sie dem Prozess der Domain-Authentifizierung.<\/li>\n\n\n\n<li><strong><strong>Halten Sie Spam-Raten, die in Postmaster-Tools gemeldet werden, unter 0,3%.<\/strong><\/strong><br>Was das bedeutet: Halten Sie die Spam-Beschwerderaten in Google Postmaster unter 0,3%. Melden Sie sich bei Postmaster Tools an, um Ihre Beschwerderaten zu \u00fcberwachen und zu verbessern.<\/li>\n\n\n\n<li><strong><strong>Vermeiden Sie die Nachahmung von Gmail From: Headern.<\/strong><\/strong><br>Verzichten Sie darauf, einen Gmail From: Header zu imitieren. Im Wesentlichen sollten Sie es vermeiden, E-Mails von Adressen wie <em>\u201eexample@gmail.com\u201c<\/em> zu senden.<\/li>\n\n\n\n<li><strong><strong>Richten Sie DMARC-E-Mail-Authentifizierung f\u00fcr Ihre sendende Domain ein.<\/strong><\/strong><br>Was das bedeutet: DMARC baut auf SPF und DKIM auf und kommuniziert Richtlinien an Mailbox-Anbieter. Wenn Ihnen ein DMARC-Eintrag fehlt, f\u00fcgen Sie einen zu Ihrem DNS hinzu. Erfahren Sie mehr \u00fcber DMARC<\/li>\n\n\n\n<li><strong><strong>Stellen Sie Konsistenz in Ihrem <em>\u201eFrom:\u201c<\/em>-Header und sendender Domain sicher<\/strong><\/strong><br>F\u00fcr Massenversender ist nun eine eigene sendende Domain erforderlich; gemeinsam genutzte Domains sind nicht mehr zul\u00e4ssig. Es ist entscheidend, dass die im <em>\u201eFrom:\u201c<\/em>-Header sichtbare Domain, der freundliche Identifikator, den Ihre Abonnenten sehen, nahtlos mit Ihrer dedizierten sendenden Domain \u00fcbereinstimmt. Diese \u00dcbereinstimmung ist f\u00fcr die Einhaltung der DMARC-Standards wesentlich und gilt sowohl f\u00fcr Marketing- als auch f\u00fcr Transaktions-E-Mails.<br>Einfach ausgedr\u00fcckt ist die <em>\u201eAuthentifizierung deaktiviert\u201c<\/em> nicht geeignet f\u00fcr diejenigen, die mehr als 5000 E-Mails pro Tag versenden. Au\u00dferdem ist es unerl\u00e4sslich, Ihre eigene authentifizierte Domain zu nutzen.<\/li>\n\n\n\n<li><strong>Vereinfachen Sie den Abmeldeprozess.<\/strong><br>Integrieren Sie einen Abmeldelink im Nachrichtentext, auch wenn dieser nicht nur mit einem Klick erfolgt. Eine nahtlose Abmeldungserfahrung ist entscheidend. Schwierigkeiten bei der Abmeldung k\u00f6nnen Empf\u00e4nger dazu veranlassen, Ihre E-Mails als Spam zu kennzeichnen, was Ihren Zustellbarkeitsruf gef\u00e4hrdet.<\/li>\n<\/ul>\n\n\n\n<h3 class=\"gb-headline gb-headline-71bbbc71 gb-headline-text\">Technische Unterst\u00fctzung f\u00fcr die Einhaltung<\/h3>\n\n\n\n<p>Wenn die Liste \u00fcberw\u00e4ltigend erscheint, steht unser Professional Services Team bereit, um zu helfen. Kontaktieren Sie uns, um bei der Domain-Authentifizierung, der Ausrichtung, DMARC und den Beschwerderaten Unterst\u00fctzung zu erhalten und stellen Sie sicher, dass Sie gut vor der Frist im Februar 2024 vorbereitet sind.<\/p>\n\n\n\n<p>In der sich entwickelnden Landschaft der E-Mail-Sicherheit ist die Anpassung an diese Anforderungen nicht nur eine Einhaltung \u2013 es ist eine Investition in eine sicherere und bereicherte Inbox-Erfahrung f\u00fcr alle.<\/p>\n\n\n<div class=\"gb-container gb-container-6131bb95\">\n\n<a class=\"gb-button gb-button-c7019b10 gb-button-text\" href=\"#validation-form\">\u00dcberpr\u00fcfen Sie, ob Ihre Domain authentifiziert ist.<\/a>\n\n<\/div>\n<\/div>\n\n<div class=\"gb-container gb-container-e36cd7b8\" id=\"validation-form\">\n\n<h2 class=\"gb-headline gb-headline-2aad35b3 gb-headline-text\">\u00dcberpr\u00fcfung der E-Mail-Domain-Authentifizierung<\/h2>\n\n\n\n<script src=\"https:\/\/apiservices.edisplay.it\/emaildns\/js_form.js?lang=de\"><\/script>\n<style>\na.header_button {\n    color: var(--accent);\n}\nh1 {\n    font-size: 50px !important;\n    margin-bottom: 20px !important;\n    line-height: 1.2em !important;\n    font-weight: 400 !important;\n    text-transform: none !important;\n}\n.entry-content h2, .entry-content h3, .entry-content h4 {\n    margin-bottom: 20px;\n}\n.entry-content a:not(.gb-button, .btn) {\n    color: var(--accent) !important;\n}\n.container-fluid {\n    padding-right: 0px !important;\n    padding-left: 0px !important;\n} \nbody p, body  ul, body  ol {\n    font-family: -apple-system,system-ui,BlinkMacSystemFont,\"Segoe UI\",Helvetica,Arial,sans-serif,\"Apple Color Emoji\",\"Segoe UI Emoji\",\"Segoe UI Symbol\" !important;\n    font-weight: 400 !important;\n    text-transform: none !important;\n    font-size: 17px !important;\n    line-height: 1.5 !important;\n}\n#emaildns_ai_text .btn {\n    color: #fff;\n    margin-top: 8px;\n}\n#emaildns_ai_text h4 {\n    margin-top: 30px;\n}\n#emaildns_ai_text pre {\n    margin-top: 10px;\n}\n#emaildns_ai_text p {\n    font-size: 16px!important;\n}\n.jumbotron a.small.float-right.mr-2 {\n    display: none;\n}\n.sidebar .textwidget h2 a {\n    color: var(--accent)!important;\n}\n<\/style>\n\n<\/div>","protected":false},"excerpt":{"rendered":"<p>Ab Februar 2024 werden Google und Yahoo neue E-Mail-Regeln einf\u00fchren, um direkten Spam in Postf\u00e4chern wie @gmail.com, Arbeits- und Schulpostf\u00e4chern auf Workspace, @googlemail.com, @yahoo.it und @yahoo.com zu verringern. F\u00fcr Google werden die neuen Regeln alle Absender betreffen, mit besonders strengen Anforderungen f\u00fcr diejenigen, die mehr als 5.000 E-Mails pro Tag versenden. Yahoo wird \u00e4hnliche Richtlinien &#8230; <\/p>\n<p class=\"read-more-container\"><a title=\"Navigieren durch die neuen Absenderanforderungen von Gmail und Yahoo: Tipps zur Sicherstellung der Zustellung von E-Mails\" class=\"read-more button\" href=\"https:\/\/serversmtp.com\/de\/navigieren-durch-die-neuen-absenderanforderungen-von-gmail-und-yahoo-tipps-zur-sicherstellung-der-zustellung-von-e-mails\/#more-19647\" aria-label=\"Mehr Informationen \u00fcber Navigieren durch die neuen Absenderanforderungen von Gmail und Yahoo: Tipps zur Sicherstellung der Zustellung von E-Mails\">Entdecke mehr<\/a><\/p>\n","protected":false},"author":8,"featured_media":18752,"parent":0,"menu_order":0,"comment_status":"closed","ping_status":"closed","template":"","meta":{"_eb_attr":"","inline_featured_image":false,"_monsterinsights_skip_tracking":false,"_monsterinsights_sitenote_active":false,"_monsterinsights_sitenote_note":"","_monsterinsights_sitenote_category":0,"footnotes":""},"class_list":["post-19647","page","type-page","status-publish","has-post-thumbnail"],"yoast_head":"<!-- This site is optimized with the Yoast SEO plugin v25.3.1 - https:\/\/yoast.com\/wordpress\/plugins\/seo\/ -->\n<title>Navigieren durch Gmails und Yahoos neue Absenderanforderungen<\/title>\n<meta name=\"description\" content=\"Ab Februar 2024 f\u00fchren Google und Yahoo neue E-Mail-Regeln ein, um Spam zu reduzieren. Entdecken Sie Tipps f\u00fcr gesicherte Zustellung.\" \/>\n<meta name=\"robots\" content=\"index, follow, max-snippet:-1, max-image-preview:large, max-video-preview:-1\" \/>\n<link rel=\"canonical\" href=\"https:\/\/serversmtp.com\/de\/navigieren-durch-die-neuen-absenderanforderungen-von-gmail-und-yahoo-tipps-zur-sicherstellung-der-zustellung-von-e-mails\/\" \/>\n<meta name=\"twitter:label1\" content=\"Gesch\u00e4tzte Lesezeit\" \/>\n\t<meta name=\"twitter:data1\" content=\"3\u00a0Minuten\" \/>\n<!-- \/ Yoast SEO plugin. -->","yoast_head_json":{"title":"Navigieren durch Gmails und Yahoos neue Absenderanforderungen","description":"Ab Februar 2024 f\u00fchren Google und Yahoo neue E-Mail-Regeln ein, um Spam zu reduzieren. Entdecken Sie Tipps f\u00fcr gesicherte Zustellung.","robots":{"index":"index","follow":"follow","max-snippet":"max-snippet:-1","max-image-preview":"max-image-preview:large","max-video-preview":"max-video-preview:-1"},"canonical":"https:\/\/serversmtp.com\/de\/navigieren-durch-die-neuen-absenderanforderungen-von-gmail-und-yahoo-tipps-zur-sicherstellung-der-zustellung-von-e-mails\/","twitter_misc":{"Gesch\u00e4tzte Lesezeit":"3\u00a0Minuten"},"schema":{"@context":"https:\/\/schema.org","@graph":[{"@type":"WebPage","@id":"https:\/\/serversmtp.com\/de\/navigieren-durch-die-neuen-absenderanforderungen-von-gmail-und-yahoo-tipps-zur-sicherstellung-der-zustellung-von-e-mails\/","url":"https:\/\/serversmtp.com\/de\/navigieren-durch-die-neuen-absenderanforderungen-von-gmail-und-yahoo-tipps-zur-sicherstellung-der-zustellung-von-e-mails\/","name":"Navigieren durch Gmails und Yahoos neue Absenderanforderungen","isPartOf":{"@id":"https:\/\/serversmtp.com\/de\/#website"},"primaryImageOfPage":{"@id":"https:\/\/serversmtp.com\/de\/navigieren-durch-die-neuen-absenderanforderungen-von-gmail-und-yahoo-tipps-zur-sicherstellung-der-zustellung-von-e-mails\/#primaryimage"},"image":{"@id":"https:\/\/serversmtp.com\/de\/navigieren-durch-die-neuen-absenderanforderungen-von-gmail-und-yahoo-tipps-zur-sicherstellung-der-zustellung-von-e-mails\/#primaryimage"},"thumbnailUrl":"https:\/\/serversmtp.com\/wp-content\/uploads\/2023\/12\/nuove-regole-google-yahoo-per-invio-email-nel-2024.png","datePublished":"2024-03-14T10:23:17+00:00","dateModified":"2024-03-14T10:23:20+00:00","description":"Ab Februar 2024 f\u00fchren Google und Yahoo neue E-Mail-Regeln ein, um Spam zu reduzieren. Entdecken Sie Tipps f\u00fcr gesicherte Zustellung.","breadcrumb":{"@id":"https:\/\/serversmtp.com\/de\/navigieren-durch-die-neuen-absenderanforderungen-von-gmail-und-yahoo-tipps-zur-sicherstellung-der-zustellung-von-e-mails\/#breadcrumb"},"inLanguage":"de","potentialAction":[{"@type":"ReadAction","target":["https:\/\/serversmtp.com\/de\/navigieren-durch-die-neuen-absenderanforderungen-von-gmail-und-yahoo-tipps-zur-sicherstellung-der-zustellung-von-e-mails\/"]}]},{"@type":"ImageObject","inLanguage":"de","@id":"https:\/\/serversmtp.com\/de\/navigieren-durch-die-neuen-absenderanforderungen-von-gmail-und-yahoo-tipps-zur-sicherstellung-der-zustellung-von-e-mails\/#primaryimage","url":"https:\/\/serversmtp.com\/wp-content\/uploads\/2023\/12\/nuove-regole-google-yahoo-per-invio-email-nel-2024.png","contentUrl":"https:\/\/serversmtp.com\/wp-content\/uploads\/2023\/12\/nuove-regole-google-yahoo-per-invio-email-nel-2024.png","width":1280,"height":720},{"@type":"BreadcrumbList","@id":"https:\/\/serversmtp.com\/de\/navigieren-durch-die-neuen-absenderanforderungen-von-gmail-und-yahoo-tipps-zur-sicherstellung-der-zustellung-von-e-mails\/#breadcrumb","itemListElement":[{"@type":"ListItem","position":1,"name":"Home","item":"https:\/\/serversmtp.com\/de\/"},{"@type":"ListItem","position":2,"name":"Navigieren durch die neuen Absenderanforderungen von Gmail und Yahoo: Tipps zur Sicherstellung der Zustellung von E-Mails"}]},{"@type":"WebSite","@id":"https:\/\/serversmtp.com\/de\/#website","url":"https:\/\/serversmtp.com\/de\/","name":"smtp mail server - professional SMTP service provider","description":"smtp mail server - professional SMTP service provider","publisher":{"@id":"https:\/\/serversmtp.com\/de\/#organization"},"potentialAction":[{"@type":"SearchAction","target":{"@type":"EntryPoint","urlTemplate":"https:\/\/serversmtp.com\/de\/?s={search_term_string}"},"query-input":{"@type":"PropertyValueSpecification","valueRequired":true,"valueName":"search_term_string"}}],"inLanguage":"de"},{"@type":"Organization","@id":"https:\/\/serversmtp.com\/de\/#organization","name":"Delivery Tech","url":"https:\/\/serversmtp.com\/de\/","logo":{"@type":"ImageObject","inLanguage":"de","@id":"https:\/\/serversmtp.com\/de\/#\/schema\/logo\/image\/","url":"https:\/\/serversmtp.com\/wp-content\/uploads\/2021\/11\/og-image-2.jpg","contentUrl":"https:\/\/serversmtp.com\/wp-content\/uploads\/2021\/11\/og-image-2.jpg","width":1200,"height":1128,"caption":"Delivery Tech"},"image":{"@id":"https:\/\/serversmtp.com\/de\/#\/schema\/logo\/image\/"}}]}},"_links":{"self":[{"href":"https:\/\/serversmtp.com\/de\/wp-json\/wp\/v2\/pages\/19647"}],"collection":[{"href":"https:\/\/serversmtp.com\/de\/wp-json\/wp\/v2\/pages"}],"about":[{"href":"https:\/\/serversmtp.com\/de\/wp-json\/wp\/v2\/types\/page"}],"author":[{"embeddable":true,"href":"https:\/\/serversmtp.com\/de\/wp-json\/wp\/v2\/users\/8"}],"replies":[{"embeddable":true,"href":"https:\/\/serversmtp.com\/de\/wp-json\/wp\/v2\/comments?post=19647"}],"version-history":[{"count":3,"href":"https:\/\/serversmtp.com\/de\/wp-json\/wp\/v2\/pages\/19647\/revisions"}],"predecessor-version":[{"id":19652,"href":"https:\/\/serversmtp.com\/de\/wp-json\/wp\/v2\/pages\/19647\/revisions\/19652"}],"wp:featuredmedia":[{"embeddable":true,"href":"https:\/\/serversmtp.com\/de\/wp-json\/wp\/v2\/media\/18752"}],"wp:attachment":[{"href":"https:\/\/serversmtp.com\/de\/wp-json\/wp\/v2\/media?parent=19647"}],"curies":[{"name":"wp","href":"https:\/\/api.w.org\/{rel}","templated":true}]}}