{"id":11283,"date":"2021-01-27T10:19:17","date_gmt":"2021-01-27T09:19:17","guid":{"rendered":"https:\/\/www.serversmtp.com\/?page_id=11283"},"modified":"2021-01-27T10:19:17","modified_gmt":"2021-01-27T09:19:17","slug":"email-api-fuer-smarte-programmierer","status":"publish","type":"page","link":"https:\/\/serversmtp.com\/de\/email-api-fuer-smarte-programmierer\/","title":{"rendered":"E-Mail API f\u00fcr smarte Programmierer"},"content":{"rendered":"<style type=\"text\/css\">\n#landing_top {\n    background-size: cover;\n}\n#get-it-free.g1-button {\n    color: #ffffff;\n    background-color: #93ba19;\n    border-color: #93ba19;\n    font-weight: 600;\n}\n.g1-section h2 {\n    font-weight: 600;\n}\n.g1-section h3 {\n    font-weight: 600;\n    font-size: 20px;\n}\n.g1-list--icon li {\n    border-style: none;\n}\n<\/style>\n<div id=\"landing_top\" class=\"g1-section gb-container \"  style=\"background-image:url(https:\/\/serversmtp.com\/wp-content\/uploads\/2018\/02\/background-turbosmtp-2017.png); background-repeat:no-repeat; background-position:center top; background-attachment:static; padding-bottom:40px; padding-top:50px;\"><div class=\"g1-layout-inner\">\n<h1 style=\"text-align: center; color: #fff; font-size: 3.4em; margin-bottom: 0.2em; font-weight: 600;\">E-Mail API f\u00fcr smarte Programmierer<\/h1>\n<h2 style=\"text-align: center; color: #fff; font-size: 2em; margin-bottom: 0.6em; font-weight: 300;\">Senden Sie Transaktions-E-Mails und Newsletter direkt von Ihrer Website mit turboSMTP APIs<\/h2>\n<p style=\"margin-bottom: 0.4em; text-align: center;\"><a class=\"g1-button g1-button--medium g1-button--solid\" style=\"color: #ffffff; background-color: #93ba19; border-color: #93ba19; margin: 0.5em; padding: 1em 2em;\" href=\"https:\/\/serversmtp.com\/de\/signup\" title=\"Sofort Gratis Testen\">SOFORT GRATIS TESTEN<\/a><a class=\"g1-button g1-button--medium g1-button--solid\" style=\"color: #ffffff; background-color: #f09e00; border-color: #f09e00;  margin: 0.5em; padding: 1em 2em;\" href=\"https:\/\/serversmtp.com\/de\/cart.php?carttpl=2clic\" title=\"Mehr \u00dcber Unsere Pl\u00e4ne Erfahren \">MEHR \u00dcBER UNSERE PL\u00c4NE ERFAHREN<\/a><\/p>\n<p style=\"margin-bottom: 0.4em; text-align: center; font-size: 14px; color: #fff;\">Haben Sie spezielle Anforderungen? <a href=\"https:\/\/serversmtp.com\/de\/contact.php\" title=\"Kontaktieren Sie uns\">Kontaktieren Sie uns<\/a><\/p>\n<\/div><\/div>\n<div id=\"\" class=\"g1-section gb-container \"  style=\"background-repeat:no-repeat; background-position:center top; background-attachment:static; padding-bottom:40px; padding-top:40px;\"><div class=\"g1-layout-inner\">\n<p>Wir wissen, wie schwierig es ist, E-Mails von Ihrem Server aus zu verwalten, besonders wenn Sie auf die Entwicklung Ihrer Anwendung oder Website konzentriert sind.<\/p>\n<p>Unter Ber\u00fccksichtigung Ihrer spezifischen Bed\u00fcrfnisse haben wir die ideale L\u00f6sung f\u00fcr ein problemloses E-Mail-Management f\u00fcr Ihre Website, E-Commerce-, CMS- und CRM-Software oder jede andere Art von Anwendung entwickelt. Dank unserer APIs k\u00f6nnen Sie die Messaging-Infrastruktur von turboSMTP in Ihre Plattform integrieren. Sie m\u00fcssen sich nicht mehr um die <strong>Zustellbarkeit <\/strong>und alle anderen Aspekte des E-Mail-Managements k\u00fcmmern!<\/p>\n<div class=\"g1-space\" style=\"height: 30px;\"><\/div>\n<h2>Konfigurieren Sie Ihren E-Mail-API-Service<\/h2>\n<p>OMit unserem API-Service k\u00f6nnen Sie einen <strong>skalierbaren E-Mail-Smarthost<\/strong> in Ihre Anwendung integrieren. Durch Synchronisieren unserer Anwendung mit Ihrer Website \u00fcber unseren <strong>API-Provider<\/strong>, k\u00f6nnen Sie:<\/p>\n\n<ul id=\"\" class=\"g1-list g1-list--icon g1-list--simple \">\n<li><i class=\"fa fa-check g1-list__icon\"><\/i>Eine vollst\u00e4ndige Integration mit Ihrem Back-Office-System vornehmen und die Abonnements Ihrer Mailingliste verwalten, indem Sie neue Abonnenten hinzuf\u00fcgen und deren Daten einsehen;<\/li>\n<li><i class=\"fa fa-check g1-list__icon\"><\/i><strong>Transaktions-E-Mails<\/strong> direkt \u00fcber Ihre Website oder Anwendung senden und Ihre Ergebnisse verfolgen;<\/li>\n<li><i class=\"fa fa-check g1-list__icon\"><\/i><strong>Newsletter <\/strong>direkt \u00fcber Ihre Website oder Anwendung senden und Ihre Ergebnisse verfolgen.<\/li>\n<\/ul>\n\n<div class=\"g1-space\" style=\"height: 30px;\"><\/div>\n<h2>Senden Sie E-Mails direkt von Ihrer Website und&#8230;<\/h2>\n<h3>1. &#8230;erreichen Sie direkt die Inbox!<\/h3>\n<p><img decoding=\"async\" src=\"https:\/\/serversmtp.com\/wp-content\/uploads\/2020\/11\/email-api-per-sviluppatori-smart.jpg\" alt=\"Erreichen Sie direkt die Inbox!\" width=\"600\" height=\"276\"><\/p>\n<p>Ihre <strong>Zustellbarkeit <\/strong>ist unser Anliegen. Jede gesendete E-Mail z\u00e4hlt, und wir m\u00f6chten, dass Sie so viele Kontakte wie m\u00f6glich erreicht, unabh\u00e4ngig davon, welche Art von E-Mail Sie senden m\u00fcssen (transaktional oder kommerziell). Es ist nicht immer einfach, die Inbox Ihrer Empf\u00e4nger zu erreichen, aber keine Sorge, wir haben den passenden Schl\u00fcssel!<\/p>\n\n<ol id=\"\" class=\"g1-list g1-list--icon g1-list--simple \">\n<li><i class=\"fa fa-check g1-list__icon\"><\/i>Senden Sie E-Mails von Ihrer Domain und verbessern Sie Ihre Reputation mit SPF-, DKIM- und DMARC-Technologien;<\/li>\n<li><i class=\"fa fa-check g1-list__icon\"><\/i>Wir verwalten die Feedback-Schleifen und \u00fcbernehmen das Beziehungsmanagement zu den wichtigsten Providern;<\/li>\n<li><i class=\"fa fa-check g1-list__icon\"><\/i>Unabh\u00e4ngig von der Anzahl der zu versendenden E-Mails &#8211; unser E-Mail-Delivery-System skaliert mit Ihnen;<\/li>\n<li><i class=\"fa fa-check g1-list__icon\"><\/i>Vereinbaren Sie einen Beratungstermin mit unseren Experten, um gemeinsam einen auf Ihre Bed\u00fcrfnisse abgestimmten Plan zu erarbeiten.<\/li>\n<\/ol>\n\n<div class=\"g1-space\" style=\"height: 20px;\"><\/div>\n<h3>2. \u00dcberwachen Sie die Ergebnisse<\/h3>\n<p><img decoding=\"async\" src=\"https:\/\/serversmtp.com\/wp-content\/uploads\/2020\/11\/email-api-per-sviluppatori-smart-2.jpg\" alt=\"\u00dcberwachen Sie die Ergebnisse\" width=\"600\" height=\"276\"><\/p>\n<p>Behalten Sie die Ergebnisse Ihrer E-Mails immer unter Kontrolle. Durch Integration unserer APIs k\u00f6nnen Sie Ihren E-Mail-Flows direkt von Ihrer Anwendung oder Website aus verfolgen. Dank unseres professionellen E-Mail-Analysedienstes k\u00f6nnen Sie <strong>detaillierte Berichte<\/strong> zu folgenden Themen einsehen:<\/p>\n\n<ul id=\"\" class=\"g1-list g1-list--icon g1-list--simple \">\n<li><i class=\"fa fa-check g1-list__icon\"><\/i>\u00d6ffnungsrate<\/li>\n<li><i class=\"fa fa-check g1-list__icon\"><\/i>Zustellrate<\/li>\n<li><i class=\"fa fa-check g1-list__icon\"><\/i>Klickrate<\/li>\n<li><i class=\"fa fa-check g1-list__icon\"><\/i>Durchklick-\u00d6ffnungsrate<\/li>\n<li><i class=\"fa fa-check g1-list__icon\"><\/i>Bounce-Rate<\/li>\n<li><i class=\"fa fa-check g1-list__icon\"><\/i>Spam-Score<\/li>\n<\/ul>\n\n<p>Sie werden sogar informiert, wann und wie oft Ihre E-Mails gelesen werden, zu welcher Zeit und auf welchem Ger\u00e4t. All diese Informationen werden dazu beitragen, die beste Strategie zu definieren, um Ihre Abonnenten zu erreichen.<\/p>\n<p>Als Programmierer wissen Sie, dass Fehler und Aussetzer passieren, auch im E-Mail-Marketing. Wenn Sie sich daf\u00fcr entscheiden, Ihre Anwendung mit unseren APIs zu integrieren, erfahren Sie eher von Zustellungsproblemen und k\u00f6nnen sie schneller beheben.<\/p>\n<div class=\"g1-space\" style=\"height: 20px;\"><\/div>\n<h3>3. Der Kundenservice spricht Ihre Sprache<\/h3>\n<p><img decoding=\"async\" src=\"https:\/\/serversmtp.com\/wp-content\/uploads\/2020\/11\/email-api-per-sviluppatori-smart-3.jpg\" alt=\"Der Kundenservice spricht Ihre Sprache\" width=\"600\" height=\"330\"><\/p>\n<p>Unser technisches Team besteht aus hochspezialisierten Mitarbeitern, die rund um die Uhr f\u00fcr die L\u00f6sung Ihrer Probleme zur Verf\u00fcgung stehen. Wir wissen, dass Sie als Programmierer eine sehr spezifische Unterst\u00fctzung f\u00fcr Ihren Fall ben\u00f6tigen. Unser Deliverability-Team befasst sich mit IP-Management, Warteschlangen, Feedback-Schleifen und Monitoring.<\/p>\n<p>Da unsere Kunden spezielle Analysen ben\u00f6tigen, ist unser <strong>Beratungsteam <\/strong>in die technische Struktur eingebunden und <strong>spricht Ihre Programmiersprache<\/strong>. Unsere Experten beraten Sie bei Zustellbarkeitsfragen und geben wertvolle Tipps zur Optimierung Ihrer Ergebnisse.<\/p>\n<p>Lassen Sie einen externen Service sich um Ihre E-Mail Zustellungsprobleme k\u00fcmmern, und konzentrieren Sie sich auf Ihre Anwendung, auf die Entwicklung Ihrer Website &#8212; und auf Ihre Kommunikationsstrategie!<\/p>\n<div class=\"g1-space\" style=\"height: 30px;\"><\/div>\n<h2 style=\"text-align: center;\">Werden Sie ein besserer Programmierer.<\/h2>\n<h3 style=\"text-align: center; font-weight: 500;\">\u00dcberlassen Sie uns die Verwaltung Ihres transaktionalen und kommerziellen<br \/>\nE-Mail-Flows<\/h3>\n<p style=\"margin-bottom: 0.4em; text-align: center;\"><a class=\"g1-button g1-button--medium g1-button--solid\" style=\"color: #ffffff; background-color: #93ba19; border-color: #93ba19; margin: 0.5em; padding: 1em 2em;\" href=\"https:\/\/serversmtp.com\/de\/signup\" title=\"turboSMTP API Testen\">TURBOSMTP APIs TESTEN<\/a><\/p>\n<\/div><\/div>\n","protected":false},"excerpt":{"rendered":"","protected":false},"author":8,"featured_media":0,"parent":0,"menu_order":0,"comment_status":"closed","ping_status":"closed","template":"g1_template_page_full_sections.php","meta":{"_eb_attr":"","inline_featured_image":false,"_monsterinsights_skip_tracking":false,"_monsterinsights_sitenote_active":false,"_monsterinsights_sitenote_note":"","_monsterinsights_sitenote_category":0,"footnotes":""},"class_list":["post-11283","page","type-page","status-publish"],"yoast_head":"<!-- This site is optimized with the Yoast SEO plugin v25.3.1 - https:\/\/yoast.com\/wordpress\/plugins\/seo\/ -->\n<title>E-Mail-Api-Anbieter f\u00fcr Programmierer - Kostenlose Testversion<\/title>\n<meta name=\"description\" content=\"Senden und verfolgen Sie Ihre Transaktions- und Werbenachrichten direkt \u00fcber Ihre Website mit den smarten E-Mail-APIs, entwickelt f\u00fcr Programmierer\" \/>\n<meta name=\"robots\" content=\"index, follow, max-snippet:-1, max-image-preview:large, max-video-preview:-1\" \/>\n<link rel=\"canonical\" href=\"https:\/\/serversmtp.com\/de\/email-api-fuer-smarte-programmierer\/\" \/>\n<meta name=\"twitter:label1\" content=\"Gesch\u00e4tzte Lesezeit\" \/>\n\t<meta name=\"twitter:data1\" content=\"3\u00a0Minuten\" \/>\n<!-- \/ Yoast SEO plugin. -->","yoast_head_json":{"title":"E-Mail-Api-Anbieter f\u00fcr Programmierer - Kostenlose Testversion","description":"Senden und verfolgen Sie Ihre Transaktions- und Werbenachrichten direkt \u00fcber Ihre Website mit den smarten E-Mail-APIs, entwickelt f\u00fcr Programmierer","robots":{"index":"index","follow":"follow","max-snippet":"max-snippet:-1","max-image-preview":"max-image-preview:large","max-video-preview":"max-video-preview:-1"},"canonical":"https:\/\/serversmtp.com\/de\/email-api-fuer-smarte-programmierer\/","twitter_misc":{"Gesch\u00e4tzte Lesezeit":"3\u00a0Minuten"},"schema":{"@context":"https:\/\/schema.org","@graph":[{"@type":"WebPage","@id":"https:\/\/serversmtp.com\/de\/email-api-fuer-smarte-programmierer\/","url":"https:\/\/serversmtp.com\/de\/email-api-fuer-smarte-programmierer\/","name":"E-Mail-Api-Anbieter f\u00fcr Programmierer - Kostenlose Testversion","isPartOf":{"@id":"https:\/\/serversmtp.com\/it\/#website"},"primaryImageOfPage":{"@id":"https:\/\/serversmtp.com\/de\/email-api-fuer-smarte-programmierer\/#primaryimage"},"image":{"@id":"https:\/\/serversmtp.com\/de\/email-api-fuer-smarte-programmierer\/#primaryimage"},"thumbnailUrl":"https:\/\/www.serversmtp.com\/wp-content\/uploads\/2020\/11\/email-api-per-sviluppatori-smart.jpg","datePublished":"2021-01-27T09:19:17+00:00","description":"Senden und verfolgen Sie Ihre Transaktions- und Werbenachrichten direkt \u00fcber Ihre Website mit den smarten E-Mail-APIs, entwickelt f\u00fcr Programmierer","breadcrumb":{"@id":"https:\/\/serversmtp.com\/de\/email-api-fuer-smarte-programmierer\/#breadcrumb"},"inLanguage":"de","potentialAction":[{"@type":"ReadAction","target":["https:\/\/serversmtp.com\/de\/email-api-fuer-smarte-programmierer\/"]}]},{"@type":"ImageObject","inLanguage":"de","@id":"https:\/\/serversmtp.com\/de\/email-api-fuer-smarte-programmierer\/#primaryimage","url":"https:\/\/www.serversmtp.com\/wp-content\/uploads\/2020\/11\/email-api-per-sviluppatori-smart.jpg","contentUrl":"https:\/\/www.serversmtp.com\/wp-content\/uploads\/2020\/11\/email-api-per-sviluppatori-smart.jpg"},{"@type":"BreadcrumbList","@id":"https:\/\/serversmtp.com\/de\/email-api-fuer-smarte-programmierer\/#breadcrumb","itemListElement":[{"@type":"ListItem","position":1,"name":"Home","item":"https:\/\/serversmtp.com\/de\/"},{"@type":"ListItem","position":2,"name":"E-Mail API f\u00fcr smarte Programmierer"}]},{"@type":"WebSite","@id":"https:\/\/serversmtp.com\/it\/#website","url":"https:\/\/serversmtp.com\/it\/","name":"smtp mail server - professional SMTP service provider","description":"smtp mail server - professional SMTP service provider","publisher":{"@id":"https:\/\/serversmtp.com\/it\/#organization"},"potentialAction":[{"@type":"SearchAction","target":{"@type":"EntryPoint","urlTemplate":"https:\/\/serversmtp.com\/it\/?s={search_term_string}"},"query-input":{"@type":"PropertyValueSpecification","valueRequired":true,"valueName":"search_term_string"}}],"inLanguage":"de"},{"@type":"Organization","@id":"https:\/\/serversmtp.com\/it\/#organization","name":"Delivery Tech","url":"https:\/\/serversmtp.com\/it\/","logo":{"@type":"ImageObject","inLanguage":"de","@id":"https:\/\/serversmtp.com\/it\/#\/schema\/logo\/image\/","url":"https:\/\/serversmtp.com\/wp-content\/uploads\/2021\/11\/og-image-2.jpg","contentUrl":"https:\/\/serversmtp.com\/wp-content\/uploads\/2021\/11\/og-image-2.jpg","width":1200,"height":1128,"caption":"Delivery Tech"},"image":{"@id":"https:\/\/serversmtp.com\/it\/#\/schema\/logo\/image\/"}}]}},"_links":{"self":[{"href":"https:\/\/serversmtp.com\/de\/wp-json\/wp\/v2\/pages\/11283"}],"collection":[{"href":"https:\/\/serversmtp.com\/de\/wp-json\/wp\/v2\/pages"}],"about":[{"href":"https:\/\/serversmtp.com\/de\/wp-json\/wp\/v2\/types\/page"}],"author":[{"embeddable":true,"href":"https:\/\/serversmtp.com\/de\/wp-json\/wp\/v2\/users\/8"}],"replies":[{"embeddable":true,"href":"https:\/\/serversmtp.com\/de\/wp-json\/wp\/v2\/comments?post=11283"}],"version-history":[{"count":2,"href":"https:\/\/serversmtp.com\/de\/wp-json\/wp\/v2\/pages\/11283\/revisions"}],"predecessor-version":[{"id":11286,"href":"https:\/\/serversmtp.com\/de\/wp-json\/wp\/v2\/pages\/11283\/revisions\/11286"}],"wp:attachment":[{"href":"https:\/\/serversmtp.com\/de\/wp-json\/wp\/v2\/media?parent=11283"}],"curies":[{"name":"wp","href":"https:\/\/api.w.org\/{rel}","templated":true}]}}