{"id":11253,"date":"2020-12-15T17:07:17","date_gmt":"2020-12-15T16:07:17","guid":{"rendered":"https:\/\/www.serversmtp.com\/?page_id=11253"},"modified":"2022-02-14T11:46:33","modified_gmt":"2022-02-14T10:46:33","slug":"was-ist-sendgrid-hier-ist-die-alternative","status":"publish","type":"page","link":"https:\/\/serversmtp.com\/de\/was-ist-sendgrid-hier-ist-die-alternative\/","title":{"rendered":"Was ist SendGrid? Hier ist die Alternative"},"content":{"rendered":"<style type=\"text\/css\">\n#landing_top {\n    background-size: cover;\n}\n#get-it-free.g1-button {\n    color: #ffffff;\n    background-color: #93ba19;\n    border-color: #93ba19;\n    font-weight: 600;\n}\n.g1-section h2 {\n    font-weight: 600;\n}\n.g1-section h3 {\n    font-weight: 600;\n    font-size: 20px;\n}\n.g1-list--icon li {\n    border-style: none;\n}\n.services-compare  td.light-blue {\n    background-color: #ffffff !important;\n}\n<\/style>\n<p><strong>SendGrid<\/strong> ist eine Plattform mit Sitz in Denver, CO, die Transaktions- und Marketing-E-Mails verwaltet. Dank ihrer aggressiven Marketingkampagnen ist die Cloud-Plattform von SendGrid (auch bekannt als Twilio Sendgrid) bei Marketingexperten aller Erfahrungsstufen sehr bekannt.<\/p>\n<p><p>Es ist nicht einfach mit dem Kundenservice des Unternehmens zu interagieren, nicht nur, aber auch weil man kein Deutsch spricht.<\/p>\n<div class=\"g1-space\" style=\"height: 30px;\"><\/div>\n<h2>Die einzige Alternative zu SendGrid: turboSMTP<\/h2>\n<p>Hat Sie der Versuch den Kundendienst von SendGrid zu kontaktieren, genervt?<\/p>\n<p>Haben Sie Stunden vergeudet in der Hoffnung, dass jemand das Telefon abnimmt, eine E-Mail beantwortet oder ein Ticket bearbeitet? Hat SendGrid Sie mit einem Zustellbarkeitsproblem im Stich gelassen, das Sie selbst nicht l\u00f6sen konnten &#8211; und sich nicht die M\u00fche gemacht Ihnen zu helfen?<\/p>\n<p>Es ist an der Zeit, sich nach neuen Optionen umzusehen.<\/p>\n<p><a href=\"https:\/\/serversmtp.com\/what-is-a-transactional-email\/\" title=\"Transaktions-E-Mails\">Transaktions-E-Mails<\/a> und kommerzielle E-Mails sind die Visitenkarte Ihres Unternehmens, ohne die Sie nicht erfolgreich sein k\u00f6nnen. Deshalb ist es von entscheidender Bedeutung, <strong>Ihre Zustellungsrate zu optimieren<\/strong> und ein Team von Experten zur Verf\u00fcgung zu haben, das sich rund um die Uhr um Zustellbarkeitsprobleme k\u00fcmmert und  Ihnen hilft jene E-Mail-Kommunikationsstrategie zu w\u00e4hlen, die f\u00fcr Ihr Unternehmen und Ihre Bed\u00fcrfnisse die richtige ist.<\/p>\n<p>Bei turboSMTP bieten wir Ihnen mit alles, was Sie mit SendGrid haben und noch mehr. Sie k\u00f6nnen:<\/p>\n\n<ul id=\"\" class=\"g1-list g1-list--icon g1-list--simple \">\n<li><i class=\"fa fa-check g1-list__icon\"><\/i>Transaktions-E-Mails und kommerzielle E-Mails senden <\/li>\n<li><i class=\"fa fa-check g1-list__icon\"><\/i>Von sicheren und Whitelisted-Servern und IP-Adressen profitieren<\/li>\n<li><i class=\"fa fa-check g1-list__icon\"><\/i><a href=\"https:\/\/serversmtp.com\/email-api-for-smart-developers\/\" title=\"APIs und Plugins f\u00fcr Programmierer verwenden\">APIs<\/a> und Plugins f\u00fcr Programmierer verwenden<\/li>\n<li><i class=\"fa fa-check g1-list__icon\"><\/i>Vollst\u00e4ndige Statistiken in Echtzeit einsehen<\/li>\n<li><i class=\"fa fa-check g1-list__icon\"><\/i>Inhalte mit einem Editor f\u00fcr Newsletter-Vorlagen gestalten<\/li>\n<\/ul>\n\n<p>Aber wir bieten Ihnen au\u00dferdem etwas, was SendGrid nicht hat, das Ihr E-Mail-Management grundlegend ver\u00e4ndern wird.<\/p>\n<p>Wir bieten Ihnen:<\/p>\n\n<ul id=\"\" class=\"g1-list g1-list--icon g1-list--simple \">\n<li><i class=\"fa fa-check g1-list__icon\"><\/i>professionellen Support<\/li>\n<li><i class=\"fa fa-check g1-list__icon\"><\/i>zuverl\u00e4ssige Infrastruktur<\/li>\n<li><i class=\"fa fa-check g1-list__icon\"><\/i>passende L\u00f6sungen<\/li>\n<\/ul>\n\n<p>turboSMTP ist die <strong>beste Alternative zu SendGrid<\/strong>. turboSMTP ist ein 100% professionelles Produkt mit <strong>zuverl\u00e4ssigem und fachkundigem Kundenservice, der rund um die Uhr verf\u00fcgbar ist<\/strong>.<\/p>\n<p>Maximale Zustellbarkeit ist unser Ziel. Wir arbeiten kontinuierlich daran, dass Ihre E-Mails immer den Posteingang Ihrer Empf\u00e4nger erreichen. Wir engagieren uns daf\u00fcr, Ihnen die bestm\u00f6gliche Erfahrung zu garantieren, dank unserer benutzerdefinierten Plattform, unserer zuverl\u00e4ssigen Infrastruktur, unseres skalierbaren E-Mail-Zustellungssystems und unserem professionellen, engagierten, deutschsprachigen Team.<\/p>\n<div class=\"g1-space\" style=\"height: 30px;\"><\/div>\n<h3 style=\"color: #005293 !important;\"><i id=\"ic1\" class=\"fa fa-support g1-icon g1-icon--none g1-icon--medium g1-icon--inherit \" ><\/i> Auf unseren professionellen Support sind wir stolz<\/h3>\n<p>In einem so komplexen Gebiet wie der Zustellbarkeit von E-Mails, ist professioneller Support unerl\u00e4sslich. Mit turboSMTP steht Ihnen ein Expertenteam zur Verf\u00fcgung, das in Echtzeit f\u00fcr Sie arbeitet um Zustellbarkeitsprobleme zu l\u00f6sen und bei Ihren E-Mail-Marketingstrategien zu helfen. Ein besseres Angebot werden Sie wahrscheinlich nicht finden.<\/p>\n<p>turboSMTP ist der einzige <strong>SMTP<\/strong>-Server, der einen effizienten, <strong>deutschsprachigen Kundenservice<\/strong> per Ticket, Chat und Telefon bietet. Es ist unser engagierter Beitrag zu Ihrem Erfolg, der uns am meisten von <strong>SendGrid <\/strong>unterscheidet &#8211; und darauf sind wir stolz.<\/p>\n<div class=\"g1-space\" style=\"height: 30px;\"><\/div>\n<h3 style=\"color: #005293 !important;\"><i id=\"ic2\" class=\"fa fa-server g1-icon g1-icon--none g1-icon--medium g1-icon--inherit \" ><\/i> Whitelisted Server und IPs<\/h3>\n<p>Wir verwenden zuverl\u00e4ssige und sichere Server, um Ihnen eine maximale Zustellungsrate zu garantieren. Wir arbeiten eng mit den wichtigsten E-Mail-Anbietern zusammen, um sicherzustellen, dass unsere Server immer auf der Whitelist stehen.<\/p>\n<div class=\"g1-space\" style=\"height: 30px;\"><\/div>\n<h3 style=\"color: #005293 !important;\"><i id=\"ic3\" class=\"fa fa-user g1-icon g1-icon--none g1-icon--medium g1-icon--inherit \" ><\/i> Benutzerdefinierter Beratungsservice<\/h3>\n<p>Unser Team aus Technikern und Beratern bietet einen 24\/7-Kundenservice, der sich nicht nur um Zustellbarkeitsfragen k\u00fcmmert, sondern auch f\u00fcr die Entwicklung von Ad-hoc-E-Mail-Marketing-Kampagnenstrategien f\u00fcr Unternehmen zur Verf\u00fcgung steht.<\/p>\n<p>Alle unsere Angebote sind an Ihre Bed\u00fcrfnisse anpassbar. Erkl\u00e4ren Sie einfach dem Kundendienst auf Deutsch, was Sie vorhaben, und man wird einen speziell auf Sie zugeschnittenen Plan erstellen.<\/p>\n<div class=\"g1-space\" style=\"height: 20px;\"><\/div>\n<h3 style=\"color: #005293 !important;\"><i id=\"ic4\" class=\"fa fa-check g1-icon g1-icon--none g1-icon--medium g1-icon--inherit \" ><\/i> TurboSMTP VS SendGrid-Vergleichstabelle<\/h3>\n<div id=\"g1-table-1\" class=\"g1-table g1-table--solid services-compare\" style=\"margin-top: 2em;\">\n<table class=\"desktop-view\">\n<tbody>\n<tr>\n<th style=\"width: 50%;\"><\/th>\n<th style=\"width: 25%;\">turboSMTP<\/th>\n<th style=\"width: 25%;\">Sendgrid<\/th>\n<\/tr>\n<tr>\n<td>Mehrsprachige Benutzeroberfl\u00e4che<\/td>\n<td>\n<style type=\"text\/css\" scoped=\"scoped\">#icon-1.g1-icon { color: #3399ff; }<\/style>\n<p style=\"margin: 8px 0px;\"><i id=\"icon-1\" class=\"g1-icon g1-icon--none g1-icon--medium g1-icon--inherit  fa fa-check-square-o\"><\/i><\/p>\n<\/td>\n<td>\n<style type=\"text\/css\" scoped=\"scoped\">#icon-2.g1-icon { color: #ff3300; }<\/style>\n<p style=\"margin: 8px 0px;\"><i id=\"icon-2\" class=\"g1-icon g1-icon--none g1-icon--medium g1-icon--inherit  fa fa-close\"><\/i><\/p>\n<\/td>\n<\/tr>\n<tr>\n<td>Alle Server befinden sich in Ihrem Land<\/td>\n<td>\n<style type=\"text\/css\" scoped=\"scoped\">#icon-3.g1-icon { color: #3399ff; }<\/style>\n<p style=\"margin: 8px 0px;\"><i id=\"icon-3\" class=\"g1-icon g1-icon--none g1-icon--medium g1-icon--inherit  fa fa-check-square-o\"><\/i><\/p>\n<\/td>\n<td>\n<style type=\"text\/css\" scoped=\"scoped\">#icon-4.g1-icon { color: #ff3300; }<\/style>\n<p style=\"margin: 8px 0px;\"><i id=\"icon-4\" class=\"g1-icon g1-icon--none g1-icon--medium g1-icon--inherit  fa fa-close\"><\/i><\/p>\n<\/td>\n<\/tr>\n<tr>\n<td>24\/7 Support<\/td>\n<td>\n<style type=\"text\/css\" scoped=\"scoped\">#icon-5.g1-icon { color: #3399ff; }<\/style>\n<p style=\"margin: 8px 0px;\"><i id=\"icon-5\" class=\"g1-icon g1-icon--none g1-icon--medium g1-icon--inherit  fa fa-check-square-o\"><\/i><\/p>\n<\/td>\n<td>\n<style type=\"text\/css\" scoped=\"scoped\">#icon-6.g1-icon { color: #ff3300; }<\/style>\n<p style=\"margin: 8px 0px;\"><i id=\"icon-6\" class=\"g1-icon g1-icon--none g1-icon--medium g1-icon--inherit  fa fa-close\"><\/i><\/p>\n<\/td>\n<\/tr>\n<tr>\n<td>Individuelle Zustellbarkeitsberatung<\/td>\n<td>\n<style type=\"text\/css\" scoped=\"scoped\">#icon-7.g1-icon { color: #3399ff; }<\/style>\n<p style=\"margin: 8px 0px;\"><i id=\"icon-7\" class=\"g1-icon g1-icon--none g1-icon--medium g1-icon--inherit  fa fa-check-square-o\"><\/i><\/p>\n<\/td>\n<td>\n<style type=\"text\/css\" scoped=\"scoped\">#icon-8.g1-icon { color: #ff3300; }<\/style>\n<p style=\"margin: 8px 0px;\"><i id=\"icon-8\" class=\"g1-icon g1-icon--none g1-icon--medium g1-icon--inherit  fa fa-close\"><\/i><\/p>\n<\/td>\n<\/tr>\n<tr>\n<td><strong>Trustpilot<\/strong> reviews<br \/>\n<small style=\"color: #999;\">Daten aktualisiert bis Februar 2021<\/small><\/td>\n<td><img decoding=\"async\" width=\"348\" height=\"188\" src=\"https:\/\/serversmtp.com\/wp-content\/uploads\/2021\/04\/rated-2-deu.png\" style=\"max-width: 180px;\" alt=\"Trustpilot-Bewertungen\"><\/td>\n<td><img decoding=\"async\" width=\"348\" height=\"188\" src=\"https:\/\/serversmtp.com\/wp-content\/uploads\/2021\/04\/rated-deu.png\" style=\"max-width: 180px;\" alt=\"Trustpilot-Bewertungen\"><\/td>\n<\/tr>\n<tr>\n<td><\/td>\n<td style=\"text-align: center;\"><a id=\"g1-button-1\" class=\"g1-button g1-button--medium g1-button--solid g1-button--standard \" href=\"\/de\/cart.php\" title=\"Preise\"><i class=\"fa fa-shopping-cart\"><\/i>Preise<\/a><\/td>\n<td><\/td>\n<\/tr>\n<\/tbody>\n<\/table>\n<table class=\"mobile-view\">\n<tbody>\n<tr>\n<th class=\"light-blue\" style=\"width: 50%;\">turboSMTP<\/th>\n<th style=\"width: 50%;\">Sendgrid<\/th>\n<\/tr>\n<tr>\n<td colspan=\"2\">Mehrsprachige Benutzeroberfl\u00e4che<\/td>\n<\/tr>\n<tr>\n<td class=\"light-blue\">\n<style type=\"text\/css\" scoped=\"scoped\">#icon-9.g1-icon { color: #3399ff; }<\/style>\n<p><i id=\"icon-9\" class=\"g1-icon g1-icon--none g1-icon--medium g1-icon--inherit  fa fa-check-square-o\"><\/i><\/td>\n<td>\n<style type=\"text\/css\" scoped=\"scoped\">#icon-10.g1-icon { color: #ff3300; }<\/style>\n<p><i id=\"icon-10\" class=\"g1-icon g1-icon--none g1-icon--medium g1-icon--inherit  fa fa-close\"><\/i><\/td>\n<\/tr>\n<tr>\n<td colspan=\"2\">\nAlle Server befinden sich in Ihrem Land<\/td>\n<\/tr>\n<tr>\n<td class=\"light-blue\">\n<style type=\"text\/css\" scoped=\"scoped\">#icon-11.g1-icon { color: #3399ff; }<\/style>\n<p><i id=\"icon-11\" class=\"g1-icon g1-icon--none g1-icon--medium g1-icon--inherit  fa fa-check-square-o\"><\/i><\/td>\n<td>\n<style type=\"text\/css\" scoped=\"scoped\">#icon-12.g1-icon { color: #ff3300; }<\/style>\n<p><i id=\"icon-12\" class=\"g1-icon g1-icon--none g1-icon--medium g1-icon--inherit  fa fa-close\"><\/i><\/td>\n<\/tr>\n<tr>\n<td colspan=\"2\">24\/7 Support<\/td>\n<\/tr>\n<tr>\n<td class=\"light-blue\">\n<style type=\"text\/css\" scoped=\"scoped\">#icon-13.g1-icon { color: #3399ff; }<\/style>\n<p><i id=\"icon-13\" class=\"g1-icon g1-icon--none g1-icon--medium g1-icon--inherit  fa fa-check-square-o\"><\/i><\/td>\n<td>\n<style type=\"text\/css\" scoped=\"scoped\">#icon-14.g1-icon { color: #ff3300; }<\/style>\n<p><i id=\"icon-14\" class=\"g1-icon g1-icon--none g1-icon--medium g1-icon--inherit  fa fa-close\"><\/i><\/td>\n<\/tr>\n<tr>\n<td colspan=\"2\">Individuelle Zustellbarkeitsberatung<\/td>\n<\/tr>\n<tr>\n<td class=\"light-blue\">\n<style type=\"text\/css\" scoped=\"scoped\">#icon-15.g1-icon { color: #3399ff; }<\/style>\n<p><i id=\"icon-15\" class=\"g1-icon g1-icon--none g1-icon--medium g1-icon--inherit  fa fa-check-square-o\"><\/i><\/td>\n<td>\n<style type=\"text\/css\" scoped=\"scoped\">#icon-16.g1-icon { color: #ff3300; }<\/style>\n<p><i id=\"icon-16\" class=\"g1-icon g1-icon--none g1-icon--medium g1-icon--inherit  fa fa-close\"><\/i><\/td>\n<\/tr>\n<tr>\n<td colspan=\"2\"><strong>Trustpilot<\/strong>-Bewertungen<br \/>\n<small style=\"color: #999;\">Daten aktualisiert bis Februar 2021<\/small><\/td>\n<\/tr>\n<tr>\n<td class=\"light-blue\"><img decoding=\"async\" width=\"348\" height=\"188\" src=\"https:\/\/serversmtp.com\/wp-content\/uploads\/2021\/04\/rated-2-deu.png\" style=\"max-width: 180px;\" alt=\"Trustpilot-Bewertungen\"><\/td>\n<td><img decoding=\"async\" width=\"348\" height=\"188\" src=\"https:\/\/serversmtp.com\/wp-content\/uploads\/2021\/04\/rated-deu.png\" style=\"max-width: 180px;\" alt=\"Trustpilot-Bewertungen\"><\/td>\n<\/tr>\n<tr>\n<td class=\"light-blue\"><a id=\"g1-button-2\" class=\"g1-button g1-button--medium g1-button--solid g1-button--wide \" href=\"\/de\/cart.php\" title=\"Preise\"><i class=\"fa fa-shopping-cart\"><\/i>Preise<\/a><\/td>\n<td><\/td>\n<\/tr>\n<\/tbody>\n<\/table>\n<\/div>\n<div class=\"g1-space\" style=\"height: 30px;\"><\/div>\n<h2 style=\"text-align: center; font-weight: 500;\">Stellen Sie Ihr Unternehmen von SendGrid auf turboSMTP um<br \/>Wir helfen Ihnen gerne dabei!<\/h2>\n<p style=\"margin-bottom: 0.4em; text-align: center;\"><a class=\"g1-button g1-button--medium g1-button--solid\" style=\"color: #ffffff; background-color: #93ba19; border-color: #93ba19; margin: 0.5em; padding: 1em 2em;\" href=\"https:\/\/serversmtp.com\/en\/signup\" title=\"Starten Sie Ihren Kostenlosen Trial\">STARTEN SIE IHREN KOSTENLOSEN TRIAL<\/a><a class=\"g1-button g1-button--medium g1-button--solid\" style=\"color: #ffffff; background-color: #f09e00; border-color: #f09e00;  margin: 0.5em; padding: 1em 2em;\" href=\"https:\/\/serversmtp.com\/en\/contact.php\" title=\"Kontaktieren Sie Uns Jetzt \">KONTAKTIEREN SIE UNS JETZT <\/a><\/p>\n","protected":false},"excerpt":{"rendered":"<p>SendGrid ist eine Plattform mit Sitz in Denver, CO, die Transaktions- und Marketing-E-Mails verwaltet. Dank ihrer aggressiven Marketingkampagnen ist die Cloud-Plattform von SendGrid (auch bekannt als Twilio Sendgrid) bei Marketingexperten aller Erfahrungsstufen sehr bekannt. Es ist nicht einfach mit dem Kundenservice des Unternehmens zu interagieren, nicht nur, aber auch weil man kein Deutsch spricht. Die &#8230; <\/p>\n<p class=\"read-more-container\"><a title=\"Was ist SendGrid? Hier ist die Alternative\" class=\"read-more button\" href=\"https:\/\/serversmtp.com\/de\/was-ist-sendgrid-hier-ist-die-alternative\/#more-11253\" aria-label=\"Mehr Informationen \u00fcber Was ist SendGrid? Hier ist die Alternative\">Entdecke mehr<\/a><\/p>\n","protected":false},"author":8,"featured_media":0,"parent":0,"menu_order":0,"comment_status":"closed","ping_status":"closed","template":"","meta":{"_eb_attr":"","inline_featured_image":false,"_monsterinsights_skip_tracking":false,"_monsterinsights_sitenote_active":false,"_monsterinsights_sitenote_note":"","_monsterinsights_sitenote_category":0,"footnotes":""},"class_list":["post-11253","page","type-page","status-publish"],"yoast_head":"<!-- This site is optimized with the Yoast SEO plugin v25.3.1 - https:\/\/yoast.com\/wordpress\/plugins\/seo\/ -->\n<title>Was ist SendGrid? Hier ist die Alternative<\/title>\n<meta name=\"description\" content=\"SendGrid ist eine Plattform mit Sitz in Denver, CO, die Transaktions- und Marketing-E-Mails verwaltet.\" \/>\n<meta name=\"robots\" content=\"index, follow, max-snippet:-1, max-image-preview:large, max-video-preview:-1\" \/>\n<link rel=\"canonical\" href=\"https:\/\/serversmtp.com\/de\/was-ist-sendgrid-hier-ist-die-alternative\/\" \/>\n<meta name=\"twitter:label1\" content=\"Gesch\u00e4tzte Lesezeit\" \/>\n\t<meta name=\"twitter:data1\" content=\"3\u00a0Minuten\" \/>\n<!-- \/ Yoast SEO plugin. -->","yoast_head_json":{"title":"Was ist SendGrid? Hier ist die Alternative","description":"SendGrid ist eine Plattform mit Sitz in Denver, CO, die Transaktions- und Marketing-E-Mails verwaltet.","robots":{"index":"index","follow":"follow","max-snippet":"max-snippet:-1","max-image-preview":"max-image-preview:large","max-video-preview":"max-video-preview:-1"},"canonical":"https:\/\/serversmtp.com\/de\/was-ist-sendgrid-hier-ist-die-alternative\/","twitter_misc":{"Gesch\u00e4tzte Lesezeit":"3\u00a0Minuten"},"schema":{"@context":"https:\/\/schema.org","@graph":[{"@type":"WebPage","@id":"https:\/\/serversmtp.com\/de\/was-ist-sendgrid-hier-ist-die-alternative\/","url":"https:\/\/serversmtp.com\/de\/was-ist-sendgrid-hier-ist-die-alternative\/","name":"Was ist SendGrid? Hier ist die Alternative","isPartOf":{"@id":"https:\/\/serversmtp.com\/fr\/#website"},"primaryImageOfPage":{"@id":"https:\/\/serversmtp.com\/de\/was-ist-sendgrid-hier-ist-die-alternative\/#primaryimage"},"image":{"@id":"https:\/\/serversmtp.com\/de\/was-ist-sendgrid-hier-ist-die-alternative\/#primaryimage"},"thumbnailUrl":"https:\/\/www.serversmtp.com\/wp-content\/uploads\/2021\/04\/rated-2-deu.png","datePublished":"2020-12-15T16:07:17+00:00","dateModified":"2022-02-14T10:46:33+00:00","description":"SendGrid ist eine Plattform mit Sitz in Denver, CO, die Transaktions- und Marketing-E-Mails verwaltet.","breadcrumb":{"@id":"https:\/\/serversmtp.com\/de\/was-ist-sendgrid-hier-ist-die-alternative\/#breadcrumb"},"inLanguage":"de","potentialAction":[{"@type":"ReadAction","target":["https:\/\/serversmtp.com\/de\/was-ist-sendgrid-hier-ist-die-alternative\/"]}]},{"@type":"ImageObject","inLanguage":"de","@id":"https:\/\/serversmtp.com\/de\/was-ist-sendgrid-hier-ist-die-alternative\/#primaryimage","url":"https:\/\/www.serversmtp.com\/wp-content\/uploads\/2021\/04\/rated-2-deu.png","contentUrl":"https:\/\/www.serversmtp.com\/wp-content\/uploads\/2021\/04\/rated-2-deu.png"},{"@type":"BreadcrumbList","@id":"https:\/\/serversmtp.com\/de\/was-ist-sendgrid-hier-ist-die-alternative\/#breadcrumb","itemListElement":[{"@type":"ListItem","position":1,"name":"Home","item":"https:\/\/serversmtp.com\/de\/"},{"@type":"ListItem","position":2,"name":"Was ist SendGrid? Hier ist die Alternative"}]},{"@type":"WebSite","@id":"https:\/\/serversmtp.com\/fr\/#website","url":"https:\/\/serversmtp.com\/fr\/","name":"smtp mail server - professional SMTP service provider","description":"smtp mail server - professional SMTP service provider","publisher":{"@id":"https:\/\/serversmtp.com\/fr\/#organization"},"potentialAction":[{"@type":"SearchAction","target":{"@type":"EntryPoint","urlTemplate":"https:\/\/serversmtp.com\/fr\/?s={search_term_string}"},"query-input":{"@type":"PropertyValueSpecification","valueRequired":true,"valueName":"search_term_string"}}],"inLanguage":"de"},{"@type":"Organization","@id":"https:\/\/serversmtp.com\/fr\/#organization","name":"Delivery Tech","url":"https:\/\/serversmtp.com\/fr\/","logo":{"@type":"ImageObject","inLanguage":"de","@id":"https:\/\/serversmtp.com\/fr\/#\/schema\/logo\/image\/","url":"https:\/\/serversmtp.com\/wp-content\/uploads\/2021\/11\/og-image-2.jpg","contentUrl":"https:\/\/serversmtp.com\/wp-content\/uploads\/2021\/11\/og-image-2.jpg","width":1200,"height":1128,"caption":"Delivery Tech"},"image":{"@id":"https:\/\/serversmtp.com\/fr\/#\/schema\/logo\/image\/"}}]}},"_links":{"self":[{"href":"https:\/\/serversmtp.com\/de\/wp-json\/wp\/v2\/pages\/11253"}],"collection":[{"href":"https:\/\/serversmtp.com\/de\/wp-json\/wp\/v2\/pages"}],"about":[{"href":"https:\/\/serversmtp.com\/de\/wp-json\/wp\/v2\/types\/page"}],"author":[{"embeddable":true,"href":"https:\/\/serversmtp.com\/de\/wp-json\/wp\/v2\/users\/8"}],"replies":[{"embeddable":true,"href":"https:\/\/serversmtp.com\/de\/wp-json\/wp\/v2\/comments?post=11253"}],"version-history":[{"count":4,"href":"https:\/\/serversmtp.com\/de\/wp-json\/wp\/v2\/pages\/11253\/revisions"}],"predecessor-version":[{"id":12602,"href":"https:\/\/serversmtp.com\/de\/wp-json\/wp\/v2\/pages\/11253\/revisions\/12602"}],"wp:attachment":[{"href":"https:\/\/serversmtp.com\/de\/wp-json\/wp\/v2\/media?parent=11253"}],"curies":[{"name":"wp","href":"https:\/\/api.w.org\/{rel}","templated":true}]}}